{"id":1252,"date":"2017-04-11T19:45:58","date_gmt":"2017-04-11T17:45:58","guid":{"rendered":"http:\/\/www.syscel.com\/ns\/?page_id=1252"},"modified":"2024-04-03T09:35:50","modified_gmt":"2024-04-03T07:35:50","slug":"instalaciones","status":"publish","type":"page","link":"https:\/\/www.syscel.com\/ns\/servicios\/instalaciones\/","title":{"rendered":"INSTALACIONES"},"content":{"rendered":"<div id=\"attachment_3016\" style=\"width: 1210px\" class=\"wp-caption alignnone\"><img fetchpriority=\"high\" fetchpriority=\"high\" decoding=\"async\" aria-describedby=\"caption-attachment-3016\" class=\"wp-image-3016 size-full\" src=\"https:\/\/www.syscel.com\/ns\/wp-content\/uploads\/2017\/05\/Syscel-intslaciones-portada.jpg\" alt=\"\" width=\"1200\" height=\"300\" srcset=\"https:\/\/www.syscel.com\/ns\/wp-content\/uploads\/2017\/05\/Syscel-intslaciones-portada.jpg 1200w, https:\/\/www.syscel.com\/ns\/wp-content\/uploads\/2017\/05\/Syscel-intslaciones-portada-300x75.jpg 300w, https:\/\/www.syscel.com\/ns\/wp-content\/uploads\/2017\/05\/Syscel-intslaciones-portada-768x192.jpg 768w, https:\/\/www.syscel.com\/ns\/wp-content\/uploads\/2017\/05\/Syscel-intslaciones-portada-1024x256.jpg 1024w, https:\/\/www.syscel.com\/ns\/wp-content\/uploads\/2017\/05\/Syscel-intslaciones-portada-150x38.jpg 150w\" sizes=\"(max-width: 1200px) 100vw, 1200px\" \/><p id=\"caption-attachment-3016\" class=\"wp-caption-text\"><span style=\"color: #339966; font-size: 16pt; font-family: arial, helvetica, sans-serif;\">TU IMAGEN DONDE QUIERAS<\/span><\/p><\/div>\n<p><strong><span style=\"color: #339966; font-family: arial, helvetica, sans-serif; font-size: 14pt;\"><span style=\"color: #339966;\">MONTAJE DE SISTEMAS MULTIMEDIA<\/span><\/span><\/strong><\/p>\n<p><span style=\"font-family: arial, helvetica, sans-serif;\"><a href=\"https:\/\/www.syscel.com\/ns\/wp-content\/uploads\/2017\/04\/instalaciones.jpg\"><img decoding=\"async\" id=\"img_cien\" class=\"alignleft wp-image-1288\" src=\"https:\/\/www.syscel.com\/ns\/wp-content\/uploads\/2017\/04\/instalaciones-300x169.jpg\" alt=\"\" width=\"380\" height=\"214\" srcset=\"https:\/\/www.syscel.com\/ns\/wp-content\/uploads\/2017\/04\/instalaciones-300x169.jpg 300w, https:\/\/www.syscel.com\/ns\/wp-content\/uploads\/2017\/04\/instalaciones-768x432.jpg 768w, https:\/\/www.syscel.com\/ns\/wp-content\/uploads\/2017\/04\/instalaciones-1024x576.jpg 1024w, https:\/\/www.syscel.com\/ns\/wp-content\/uploads\/2017\/04\/instalaciones-150x84.jpg 150w\" sizes=\"(max-width: 380px) 100vw, 380px\" \/><\/a><\/span><\/p>\n<p style=\"text-align: justify;\"><span style=\"font-family: arial, helvetica, sans-serif;\">Syscel, el cliente recibe mucho m\u00e1s que un simple dispositivo con el que trabajar. Recibe acceso a una estructura integrada de log\u00edstica, centros de contacto y centros de reparaci\u00f3n del grupo <strong>Syscel<\/strong> que garantizan una <strong>sincronizaci\u00f3n perfecta de la cadena de servicio<\/strong>. Ayudamos activamente a nuestros clientes a mejorar sus ventas a trav\u00e9s del soporte continuado. Proporcionamos a nuestros clientes las herramientas de marketing que necesitan para comercializar los\u00a0productos de una forma eficaz.<\/span><\/p>\n<p style=\"text-align: justify;\"><span style=\"font-family: arial, helvetica, sans-serif;\"><a href=\"https:\/\/www.syscel.com\/ns\/wp-content\/uploads\/2017\/04\/istalacioens.jpg\"><img decoding=\"async\" id=\"img_cien\" class=\"alignright wp-image-1291\" style=\"padding-top: 25px;\" src=\"https:\/\/www.syscel.com\/ns\/wp-content\/uploads\/2017\/04\/istalacioens-300x225.jpg\" alt=\"\" width=\"315\" height=\"262\" \/><\/a><\/span><br \/>\n<span style=\"font-family: arial, helvetica, sans-serif;\"> <strong>Syscel ha ampliado su extensa gama de productos profesionales para incluir pantallas de gran formato dise\u00f1adas para el funcionamiento continuado.<\/strong> Esto nos convierte en un proveedor <strong>TIC<\/strong> integral, con una gama de productos que incluye incluso reproductores de medios necesarios para la reproducci\u00f3n de contenido digital.<\/span><\/p>\n<p style=\"text-align: justify;\"><span style=\"font-family: arial, helvetica, sans-serif;\"><strong>Syscel<\/strong> adem\u00e1s de tener una amplia experiencia en la realizaci\u00f3n de este tipo de <strong>instalaciones multimedia <\/strong>a medida y en su integraci\u00f3n con los sistemas relacionados con tu negocio, tambi\u00e9n <strong>creamos soluciones de comercio electr\u00f3nico con la finalidad de potenciar tu negocio.<\/strong><\/span><\/p>\n<p><strong><span style=\"color: #339966; font-family: arial, helvetica, sans-serif; font-size: 14pt;\"><span style=\"color: #339966;\">INSTALACIONES Y MANTENIMIENTO DE PANTALLAS MULTIMEDIA Y VIDEOWALL<\/span><\/span><\/strong><\/p>\n<div id=\"img_none\" style=\"margin-bottom: 120px;\"><a href=\"https:\/\/www.syscel.com\/ns\/wp-content\/uploads\/2017\/04\/syscel-instalacion-pantalla.jpg\"><img loading=\"lazy\" loading=\"lazy\" decoding=\"async\" class=\" wp-image-1550 alignleft\" src=\"https:\/\/www.syscel.com\/ns\/wp-content\/uploads\/2017\/04\/syscel-instalacion-pantalla-169x300.jpg\" alt=\"\" width=\"230\" height=\"408\" srcset=\"https:\/\/www.syscel.com\/ns\/wp-content\/uploads\/2017\/04\/syscel-instalacion-pantalla-169x300.jpg 169w, https:\/\/www.syscel.com\/ns\/wp-content\/uploads\/2017\/04\/syscel-instalacion-pantalla-85x150.jpg 85w, https:\/\/www.syscel.com\/ns\/wp-content\/uploads\/2017\/04\/syscel-instalacion-pantalla.jpg 373w\" sizes=\"(max-width: 230px) 100vw, 230px\" \/><\/a>Prestamos un servicios integral de principio a fin,\u00a0que cubre la asesor\u00eda inicial, el desarrollo del proyecto y su implantaci\u00f3n, abarcando con un equipo propio de dise\u00f1o, la maquetaci\u00f3n y la instalaci\u00f3n final. Todas las instalaciones que realizamos est\u00e1n dise\u00f1adas para permitir un alto nivel de concurrencia de visitantes y escalabilidad inmediata, consumiendo los m\u00ednimos recursos.<strong> Nuestro departamento especializado<\/strong> en esta \u00e1rea realiza la gesti\u00f3n total de la instalaci\u00f3n, gracias a este equipo humano, <strong>Syscel<\/strong> realiza operaciones complejas que no siempre se pueden cursar de manera automatizada, siempre mantenemos un seguimiento personalizado y riguroso.<\/div>\n<div style=\"margin-bottom: 120px;\"><strong><span style=\"color: #339966; font-family: arial, helvetica, sans-serif; font-size: 14pt;\"><span style=\"color: #339966;\">MONTAJE EN SISTEMAS DE CONTEO<\/span><\/span><\/strong><\/div>\n<p><span style=\"font-family: arial, helvetica, sans-serif;\"><a href=\"https:\/\/www.syscel.com\/ns\/wp-content\/uploads\/2017\/04\/syscel-instalacion-techo.jpg\"><img loading=\"lazy\" loading=\"lazy\" decoding=\"async\" id=\"img_cien\" class=\"wp-image-1469 alignright\" src=\"https:\/\/www.syscel.com\/ns\/wp-content\/uploads\/2017\/04\/syscel-instalacion-techo.jpg\" alt=\"\" width=\"284\" height=\"208\" srcset=\"https:\/\/www.syscel.com\/ns\/wp-content\/uploads\/2017\/04\/syscel-instalacion-techo.jpg 262w, https:\/\/www.syscel.com\/ns\/wp-content\/uploads\/2017\/04\/syscel-instalacion-techo-150x110.jpg 150w\" sizes=\"(max-width: 284px) 100vw, 284px\" \/><\/a><\/span><\/p>\n<p style=\"text-align: justify;\"><span style=\"font-family: arial, helvetica, sans-serif;\">El cuenta personas es una tecnolog\u00eda gracias a la cual podr\u00e1s saber, con gran precisi\u00f3n, cu\u00e1ntas visitas ha recibido tu negocio en un intervalo de tiempo determinado\u2026 Un dato que, adem\u00e1s, podr\u00e1s comparar otros periodos o campa\u00f1as anteriores y que te ayudar\u00e1 a definir estrategias o a implantar nuevos planes de acci\u00f3n. As\u00ed podr\u00e1s saber en qu\u00e9 momentos o lugares se produce un mayor tr\u00e1nsito de personas, posibilitando as\u00ed el an\u00e1lisis del comportamiento de sus clientes. incluso pudiendo establecer medidas de seguridad, control de aforo m\u00e1ximo as\u00ed para evitar accidentes por aglomeraci\u00f3n de multitudes; o conteo de personas que entran y salen de un recinto para tener constancia de su nivel de ocupaci\u00f3n.<\/span><\/p>\n<p><strong><span style=\"color: #339966; font-family: arial, helvetica, sans-serif; font-size: 14pt;\"><span style=\"color: #339966;\">INSTALACIONES Y MANTENIMIENTO DE\u00a0SISTEMAS\u00a0CUENTA PERSONAS<\/span><\/span><\/strong><\/p>\n<p><span style=\"font-family: arial, helvetica, sans-serif;\"><a href=\"https:\/\/www.syscel.com\/ns\/wp-content\/uploads\/2017\/04\/syscel-instalacion.jpg\"><img loading=\"lazy\" loading=\"lazy\" decoding=\"async\" id=\"img_cien\" class=\"size-full wp-image-1470 alignleft\" src=\"https:\/\/www.syscel.com\/ns\/wp-content\/uploads\/2017\/04\/syscel-instalacion.jpg\" alt=\"\" width=\"262\" height=\"193\" srcset=\"https:\/\/www.syscel.com\/ns\/wp-content\/uploads\/2017\/04\/syscel-instalacion.jpg 262w, https:\/\/www.syscel.com\/ns\/wp-content\/uploads\/2017\/04\/syscel-instalacion-150x110.jpg 150w\" sizes=\"(max-width: 262px) 100vw, 262px\" \/><\/a><\/span><\/p>\n<p style=\"text-align: justify;\"><span style=\"font-family: arial, helvetica, sans-serif;\">Los contadores de personas aportan datos exactos y muy fiables que indican el n\u00famero de visitantes que han entrado en tu punto de venta o en una zona concreta del mismo en una hora, un d\u00eda, una semana, etc.<\/span><\/p>\n<p style=\"text-align: justify;\"><span style=\"font-family: arial, helvetica, sans-serif;\">Son muchas las ventajas que puede aportarte el uso de un cuenta personas en tu negocio. Si tienes datos sobre el n\u00famero de visitas recibidas podr\u00e1s gestionar de forma m\u00e1s efectiva tu negocio, reforz\u00e1ndolo en momentos clave o invirtiendo menos recursos en momentos de menos afluencia.<\/span><\/p>\n<p><strong><span style=\"font-size: 14pt; font-family: arial, helvetica, sans-serif;\"><span style=\"color: #339966;\">\u00a0<\/span><\/span><\/strong><\/p>\n<p><strong><span style=\"font-size: 14pt; font-family: arial, helvetica, sans-serif;\"><span style=\"color: #339966;\">\u00a0<\/span><\/span><\/strong><\/p>\n<p><strong><span style=\"font-size: 14pt; font-family: arial, helvetica, sans-serif;\"><span style=\"color: #339966;\">INSTALACIONES DE CABLEADO ESTRUCTURADO<\/span><\/span><\/strong><\/p>\n<h1><span style=\"font-size: 12pt;\"><strong><span style=\"font-family: arial, helvetica, sans-serif;\">Instalaci\u00f3n de Racks, Canalizaci\u00f3n , Cableado de Red y verificaci\u00f3n de Puntos.<\/span><br \/>\n<\/strong><\/span><\/h1>\n<h1><\/h1>\n<div id=\"img_none\"><img loading=\"lazy\" loading=\"lazy\" decoding=\"async\" class=\"alignleft\" style=\"font-size: 16px; text-align: center;\" src=\"https:\/\/www.syscel.com\/ns\/wp-content\/uploads\/2017\/04\/cableado7-300x300.jpg\" alt=\"\" width=\"299\" height=\"299\" \/><\/div>\n<div style=\"float: left; padding-left: 70px;\"><img loading=\"lazy\" loading=\"lazy\" decoding=\"async\" id=\"img_cien\" class=\"aligncenter wp-image-2678 size-medium\" style=\"text-align: center;\" src=\"https:\/\/www.syscel.com\/ns\/wp-content\/uploads\/2017\/04\/cableado-300x127.jpg\" alt=\"\" width=\"300\" height=\"127\" srcset=\"https:\/\/www.syscel.com\/ns\/wp-content\/uploads\/2017\/04\/cableado-300x127.jpg 300w, https:\/\/www.syscel.com\/ns\/wp-content\/uploads\/2017\/04\/cableado-768x325.jpg 768w, https:\/\/www.syscel.com\/ns\/wp-content\/uploads\/2017\/04\/cableado-150x63.jpg 150w, https:\/\/www.syscel.com\/ns\/wp-content\/uploads\/2017\/04\/cableado.jpg 962w\" sizes=\"(max-width: 300px) 100vw, 300px\" \/><\/div>\n<div id=\"img_none\"><img loading=\"lazy\" loading=\"lazy\" decoding=\"async\" class=\"wp-image-1640 alignright\" src=\"https:\/\/www.syscel.com\/ns\/wp-content\/uploads\/2017\/04\/syscel-cableado-estructurado-300x225.jpg\" alt=\"\" width=\"345\" height=\"258\" srcset=\"https:\/\/www.syscel.com\/ns\/wp-content\/uploads\/2017\/04\/syscel-cableado-estructurado-300x225.jpg 300w, https:\/\/www.syscel.com\/ns\/wp-content\/uploads\/2017\/04\/syscel-cableado-estructurado-768x576.jpg 768w, https:\/\/www.syscel.com\/ns\/wp-content\/uploads\/2017\/04\/syscel-cableado-estructurado-150x113.jpg 150w, https:\/\/www.syscel.com\/ns\/wp-content\/uploads\/2017\/04\/syscel-cableado-estructurado.jpg 800w\" sizes=\"(max-width: 345px) 100vw, 345px\" \/><\/div>\n<table class=\"aligncenter\" style=\"border: none;\" border=\"none\">\n<tbody style=\"text-align: center; vertical-align: middle;\">\n<tr style=\"text-align: center; vertical-align: middle;\">\n<td style=\"border: none;\"><\/td>\n<td style=\"border: none;\"><\/td>\n<td style=\"border: none; text-align: center; vertical-align: middle;\"><\/td>\n<\/tr>\n<\/tbody>\n<\/table>\n<p><strong><span style=\"font-size: 14pt; font-family: arial, helvetica, sans-serif;\"><span style=\"color: #339966;\">INSTALACIONES DE REDES INAL\u00c1MBRICAS<\/span><\/span><\/strong><\/p>\n<h1><span style=\"font-size: 12pt; font-family: arial, helvetica, sans-serif;\"><strong>Ning\u00fan Rinc\u00f3n de tu empresa, hogar o Negocio sin comunicar.<\/strong><\/span><\/h1>\n<p><span style=\"font-family: arial, helvetica, sans-serif;\"><img loading=\"lazy\" loading=\"lazy\" decoding=\"async\" class=\"wp-image-2813 alignright\" src=\"https:\/\/www.syscel.com\/ns\/wp-content\/uploads\/2017\/05\/Syscel-instalaciones-inalambricas.jpg\" alt=\"\" width=\"756\" height=\"229\" srcset=\"https:\/\/www.syscel.com\/ns\/wp-content\/uploads\/2017\/05\/Syscel-instalaciones-inalambricas.jpg 825w, https:\/\/www.syscel.com\/ns\/wp-content\/uploads\/2017\/05\/Syscel-instalaciones-inalambricas-300x91.jpg 300w, https:\/\/www.syscel.com\/ns\/wp-content\/uploads\/2017\/05\/Syscel-instalaciones-inalambricas-768x233.jpg 768w, https:\/\/www.syscel.com\/ns\/wp-content\/uploads\/2017\/05\/Syscel-instalaciones-inalambricas-150x45.jpg 150w\" sizes=\"(max-width: 756px) 100vw, 756px\" \/><\/span><\/p>\n<p><img loading=\"lazy\" loading=\"lazy\" decoding=\"async\" class=\"wp-image-2683 alignleft\" src=\"https:\/\/www.syscel.com\/ns\/wp-content\/uploads\/2017\/04\/wlan.gif\" alt=\"\" width=\"102\" height=\"102\" \/><\/p>\n<h3><\/h3>\n<p><strong><span style=\"font-size: 14pt; font-family: arial, helvetica, sans-serif;\"><span style=\"color: #339966;\">\u00a0<\/span><\/span><\/strong><\/p>\n<p><strong><span style=\"font-size: 14pt; font-family: arial, helvetica, sans-serif;\"><span style=\"color: #339966;\">\u00a0<\/span><\/span><\/strong><\/p>\n<p><strong><span style=\"font-size: 14pt; font-family: arial, helvetica, sans-serif;\"><span style=\"color: #339966;\">\u00a0<\/span><\/span><\/strong><\/p>\n<p><strong><span style=\"font-size: 14pt; font-family: arial, helvetica, sans-serif;\"><span style=\"color: #339966;\">\u00a0<\/span><\/span><\/strong><\/p>\n<p><strong><span style=\"font-size: 14pt; font-family: arial, helvetica, sans-serif;\"><span style=\"color: #339966;\">\u00a0<\/span><\/span><\/strong><\/p>\n<p><strong><span style=\"font-size: 14pt; font-family: arial, helvetica, sans-serif;\"><span style=\"color: #339966;\">\u00a0<\/span><\/span><\/strong><\/p>\n<p><strong><span style=\"font-size: 14pt; font-family: arial, helvetica, sans-serif;\"><span style=\"color: #339966;\">\u00a0<\/span><\/span><\/strong><\/p>\n<p><strong><span style=\"font-size: 14pt; font-family: arial, helvetica, sans-serif;\"><span style=\"color: #339966;\">INSTALACIONES DE SISTEMAS DE SEGURIDAD Y VIGILANCIA<\/span><\/span><\/strong><\/p>\n<div id=\"img_none\"><\/div>\n<table class=\"aligncenter\" style=\"text-align: center; vertical-align: middle; border: none; width: 825px;\" border=\"none\">\n<tbody style=\"text-align: center; vertical-align: middle;\">\n<tr style=\"text-align: center; vertical-align: middle;\">\n<td style=\"border: none; width: 323.976px;\"><\/td>\n<td style=\"border: none; width: 323.976px;\"><\/td>\n<\/tr>\n<\/tbody>\n<\/table>\n<p><span style=\"font-family: arial, helvetica, sans-serif;\"><img loading=\"lazy\" loading=\"lazy\" decoding=\"async\" class=\"wp-image-613 aligncenter\" src=\"https:\/\/www.syscel.com\/ns\/wp-content\/uploads\/2017\/04\/logo2-300x281.png\" alt=\"\" width=\"38\" height=\"36\" \/><\/span><\/p>\n<p><span style=\"font-family: arial, helvetica, sans-serif;\"><a href=\"https:\/\/www.syscel.com\/ns\/wp-content\/uploads\/2017\/04\/syscel-sistemas-multimedia.png\"><img loading=\"lazy\" loading=\"lazy\" decoding=\"async\" id=\"img_cien\" class=\"aligncenter wp-image-1564 size-full\" style=\"border: 3px solid green;\" src=\"https:\/\/www.syscel.com\/ns\/wp-content\/uploads\/2017\/04\/syscel-sistemas-multimedia.png\" alt=\"\" width=\"1242\" height=\"350\" srcset=\"https:\/\/www.syscel.com\/ns\/wp-content\/uploads\/2017\/04\/syscel-sistemas-multimedia.png 1242w, https:\/\/www.syscel.com\/ns\/wp-content\/uploads\/2017\/04\/syscel-sistemas-multimedia-300x85.png 300w, https:\/\/www.syscel.com\/ns\/wp-content\/uploads\/2017\/04\/syscel-sistemas-multimedia-768x216.png 768w, https:\/\/www.syscel.com\/ns\/wp-content\/uploads\/2017\/04\/syscel-sistemas-multimedia-1024x289.png 1024w, https:\/\/www.syscel.com\/ns\/wp-content\/uploads\/2017\/04\/syscel-sistemas-multimedia-150x42.png 150w\" sizes=\"(max-width: 1242px) 100vw, 1242px\" \/><\/a><\/span><\/p>\n<p><span style=\"font-family: arial, helvetica, sans-serif;\"><a id=\"cajavolver\" href=\"https:\/\/www.syscel.com\/ns\/servicios\/\">&lt;&lt;Volver a servicios<\/a><\/span><\/p>\n","protected":false},"excerpt":{"rendered":"<p>MONTAJE DE SISTEMAS MULTIMEDIA Syscel, el cliente recibe mucho m\u00e1s que un simple dispositivo con el que trabajar. Recibe acceso a una estructura integrada de log\u00edstica, centros de contacto y centros de reparaci\u00f3n del grupo Syscel que garantizan una sincronizaci\u00f3n perfecta de la cadena de servicio. Ayudamos activamente a nuestros clientes a mejorar sus ventas [&hellip;]<\/p>\n","protected":false},"author":1,"featured_media":0,"parent":2,"menu_order":0,"comment_status":"closed","ping_status":"closed","template":"","meta":{"_et_pb_use_builder":"","_et_pb_old_content":"","_et_gb_content_width":"","footnotes":""},"class_list":["post-1252","page","type-page","status-publish","hentry"],"_links":{"self":[{"href":"https:\/\/www.syscel.com\/ns\/wp-json\/wp\/v2\/pages\/1252","targetHints":{"allow":["GET"]}}],"collection":[{"href":"https:\/\/www.syscel.com\/ns\/wp-json\/wp\/v2\/pages"}],"about":[{"href":"https:\/\/www.syscel.com\/ns\/wp-json\/wp\/v2\/types\/page"}],"author":[{"embeddable":true,"href":"https:\/\/www.syscel.com\/ns\/wp-json\/wp\/v2\/users\/1"}],"replies":[{"embeddable":true,"href":"https:\/\/www.syscel.com\/ns\/wp-json\/wp\/v2\/comments?post=1252"}],"version-history":[{"count":141,"href":"https:\/\/www.syscel.com\/ns\/wp-json\/wp\/v2\/pages\/1252\/revisions"}],"predecessor-version":[{"id":7119,"href":"https:\/\/www.syscel.com\/ns\/wp-json\/wp\/v2\/pages\/1252\/revisions\/7119"}],"up":[{"embeddable":true,"href":"https:\/\/www.syscel.com\/ns\/wp-json\/wp\/v2\/pages\/2"}],"wp:attachment":[{"href":"https:\/\/www.syscel.com\/ns\/wp-json\/wp\/v2\/media?parent=1252"}],"curies":[{"name":"wp","href":"https:\/\/api.w.org\/{rel}","templated":true}]}}