{"id":2358,"date":"2017-04-28T09:42:25","date_gmt":"2017-04-28T07:42:25","guid":{"rendered":"http:\/\/www.syscel.com\/ns\/?page_id=2358"},"modified":"2024-04-02T13:17:56","modified_gmt":"2024-04-02T11:17:56","slug":"servicios-web","status":"publish","type":"page","link":"https:\/\/www.syscel.com\/ns\/servicios\/empresas\/servicios-web\/","title":{"rendered":"SERVICIOS WEB"},"content":{"rendered":"<div id=\"attachment_2625\" style=\"width: 1076px\" class=\"wp-caption aligncenter\"><img fetchpriority=\"high\" fetchpriority=\"high\" decoding=\"async\" aria-describedby=\"caption-attachment-2625\" class=\"wp-image-2625 \" src=\"https:\/\/www.syscel.com\/ns\/wp-content\/uploads\/2017\/04\/reglas-que-debe-cumplir-un-buen-logotipo.jpg\" alt=\"\" width=\"1066\" height=\"233\" srcset=\"https:\/\/www.syscel.com\/ns\/wp-content\/uploads\/2017\/04\/reglas-que-debe-cumplir-un-buen-logotipo.jpg 627w, https:\/\/www.syscel.com\/ns\/wp-content\/uploads\/2017\/04\/reglas-que-debe-cumplir-un-buen-logotipo-300x66.jpg 300w, https:\/\/www.syscel.com\/ns\/wp-content\/uploads\/2017\/04\/reglas-que-debe-cumplir-un-buen-logotipo-150x33.jpg 150w\" sizes=\"(max-width: 1066px) 100vw, 1066px\" \/><p id=\"caption-attachment-2625\" class=\"wp-caption-text\"><strong><span style=\"color: #339966; font-size: 18pt; font-family: arial, helvetica, sans-serif;\">CREAMOS Y DISE\u00d1AMOS SU PAGINA WEB<\/span><\/strong><\/p><\/div>\n<p><span style=\"font-family: arial, helvetica, sans-serif;\">Syscel desarrolla y ofrece un completo cat\u00e1logo de<strong> portales web y tiendas online <\/strong>listas para usar para cualquier<strong> empresa o negocio<\/strong>, tanto <strong>PYMES<\/strong> como <strong>grandes compa\u00f1\u00edas<\/strong>. <strong>Todas las soluciones web son reprogramables y redise\u00f1ables<\/strong>, pudiendo as\u00ed ser adaptadas y personalizadas a las necesidades m\u00e1s espec\u00edficas de cada empresa.\u00a0El contenido web de la tiendas online y portales web puede ser alojado en sus instalaciones o en la nube\u00a0y administrarlo a trav\u00e9s de Internet.<\/span><\/p>\n<p><img decoding=\"async\" id=\"img_cien\" class=\"alignleft wp-image-3194 size-full\" style=\"float: left;\" src=\"https:\/\/www.syscel.com\/ns\/wp-content\/uploads\/2017\/04\/35-curso-de-interpretacion-de-planos-aeronauticos-en-cadiz-e1712056425404.jpg\" alt=\"\" width=\"1842\" height=\"635\" srcset=\"https:\/\/www.syscel.com\/ns\/wp-content\/uploads\/2017\/04\/35-curso-de-interpretacion-de-planos-aeronauticos-en-cadiz-e1712056425404.jpg 1842w, https:\/\/www.syscel.com\/ns\/wp-content\/uploads\/2017\/04\/35-curso-de-interpretacion-de-planos-aeronauticos-en-cadiz-e1712056425404-300x103.jpg 300w, https:\/\/www.syscel.com\/ns\/wp-content\/uploads\/2017\/04\/35-curso-de-interpretacion-de-planos-aeronauticos-en-cadiz-e1712056425404-768x265.jpg 768w, https:\/\/www.syscel.com\/ns\/wp-content\/uploads\/2017\/04\/35-curso-de-interpretacion-de-planos-aeronauticos-en-cadiz-e1712056425404-1024x353.jpg 1024w, https:\/\/www.syscel.com\/ns\/wp-content\/uploads\/2017\/04\/35-curso-de-interpretacion-de-planos-aeronauticos-en-cadiz-e1712056425404-150x52.jpg 150w, https:\/\/www.syscel.com\/ns\/wp-content\/uploads\/2017\/04\/35-curso-de-interpretacion-de-planos-aeronauticos-en-cadiz-e1712056425404-1536x530.jpg 1536w, https:\/\/www.syscel.com\/ns\/wp-content\/uploads\/2017\/04\/35-curso-de-interpretacion-de-planos-aeronauticos-en-cadiz-e1712056425404-600x207.jpg 600w\" sizes=\"(max-width: 1842px) 100vw, 1842px\" \/><\/p>\n<div id=\"img_none\"><\/div>\n<p style=\"text-align: center;\"><strong><span style=\"color: #339966; font-size: 18pt; font-family: arial, helvetica, sans-serif;\">\u00a0<\/span><\/strong><\/p>\n<p style=\"text-align: center;\"><strong><span style=\"color: #339966; font-size: 18pt; font-family: arial, helvetica, sans-serif;\">QUEREMOS CONOCER TU IDEA. OBTENEMOS EL M\u00c1XIMO BENEFICIO A TU PRESUPUESTO<\/span><\/strong><\/p>\n<p style=\"text-align: justify;\"><span style=\"font-family: arial, helvetica, sans-serif;\"><span style=\"color: #339966;\">PROGRAMACI\u00d3N WEB PARA EMPRESAS Y PYMES<\/span>,\u00a0Creamos y dise\u00f1amos\u00a0tu<strong> web corporativa de empresa <\/strong>, <strong>tienda online<\/strong>\u00a0o <strong>App m\u00f3vil<\/strong>\u00a0al mejor precio. P\u00e1gina Web actualizada a\u00a02017, <strong>Responsive, Optimizada para motores de b\u00fasqueda<\/strong>. Incluye hosting,\u00a0dominio,\u00a0Web Completa y en funcionamiento. Nos encargamos de registrar todo a tu nombre . Consultor\u00eda gratis con dise\u00f1o personalizado para cada cliente.<\/span><\/p>\n<p style=\"text-align: justify;\"><span style=\"font-family: arial, helvetica, sans-serif;\"><span style=\"color: #339966;\">TIENDAS ONLINE VIRTUALES<\/span>, Dise\u00f1o de <strong>Tienda online con SSL completa, totalmente autogestionable<\/strong> con carro de compra y pago (Paypal, mercado pago, transferencia, TPV para tarjetas de cr\u00e9dito). Con dominio, hosting y Garant\u00eda en servicio t\u00e9cnico y asesoramiento para ayudarte en cualquier problema. Desarrollo con los mejores gestores de contenidos CMS: Prestashop, Magento, OsCommerce, Shopify o Opencart.<\/span><\/p>\n<p style=\"text-align: justify;\"><span style=\"font-family: arial, helvetica, sans-serif;\"><span style=\"color: #339966;\">DESARROLLO WEB A MEDIDA Y PERSONALIZADA<\/span>,\u00a0Nuestros expertos programadores desarrollan todo tipo de <strong>funciones\u00a0a medida<\/strong>. Utilizando la \u00faltima tecnolog\u00eda <strong>html, html5, php, script y css<\/strong>. . Nuestros mas de 12 a\u00f1os de experiencia nos hace no tener l\u00edmite para desarrollar cualquier proyecto. Desarrollo\u00a0<strong>CRM, ERP e Intranet, sincronizaci\u00f3n autom\u00e1tica de productos.<\/strong><\/span><\/p>\n<p style=\"text-align: justify;\"><span style=\"font-family: arial, helvetica, sans-serif;\">Todas nuestras p\u00e1ginas web montan lo \u00faltimo\u00a0con responsive design. El dise\u00f1o responsivo ayuda a ajustar el tama\u00f1o de la pantalla, optimizando la visualizaci\u00f3n para distintos dispositivos m\u00f3viles y tablets. Montamos dise\u00f1os adaptables tanto en imagen corporativa como tienda online.<\/span><\/p>\n\n        <div class=\"wp-tiles-container\">\n        \n            <div id=\"wp_tiles_2\" class=\"wp-tiles-grid wp-tiles-byline-align-bottom\">\n                        \n                <div class='wp-tiles-tile' id='tile-2939'>\n                \n                    <a href=\"https:\/\/www.syscel.com\/ns\/servicios\/empresas\/servicio-de-mantenimiento-informatico\/megusta11\/\" title=\"megusta11\">\n                \n                        <article class='wp-tiles-tile-with-image wp-tiles-tile-wrapper' itemscope itemtype=\"http:\/\/schema.org\/CreativeWork\">\n                        \n                            <div class='wp-tiles-tile-bg'>\n\n                                <img src='https:\/\/www.syscel.com\/ns\/wp-content\/uploads\/2017\/04\/megusta11.jpg' class='wp-tiles-img' itemprop=\"image\" \/>\n\n                            <\/div>\n                                                \n                            <div class='wp-tiles-byline'>\n\n                                <div class='wp-tiles-byline-wrapper'>\n                                                                \n                                    <div class='wp-tiles-byline-content' itemprop=\"description\">\n                                        <h4 class=\"wp-tiles-byline-title\">DIFERENCIATE<\/h4>\n                                    <\/div>\n                                \n                                <\/div>\n\n                            <\/div>\n                        \n                        <\/article>\n                \n                    <\/a>\n                \n                <\/div>\n            \n                <div class='wp-tiles-tile' id='tile-3577'>\n                \n                    <a href=\"https:\/\/www.syscel.com\/ns\/servicios\/empresas\/servicios-web\/bombillas\/\" title=\"BOMBILLAS\">\n                \n                        <article class='wp-tiles-tile-with-image wp-tiles-tile-wrapper' itemscope itemtype=\"http:\/\/schema.org\/CreativeWork\">\n                        \n                            <div class='wp-tiles-tile-bg'>\n\n                                <img src='https:\/\/www.syscel.com\/ns\/wp-content\/uploads\/2017\/04\/BOMBILLAS.jpg' class='wp-tiles-img' itemprop=\"image\" \/>\n\n                            <\/div>\n                                                \n                            <div class='wp-tiles-byline'>\n\n                                <div class='wp-tiles-byline-wrapper'>\n                                                                \n                                    <div class='wp-tiles-byline-content' itemprop=\"description\">\n                                        <h4 class=\"wp-tiles-byline-title\">ILUMINAMOS TU IMAGEN<\/h4>\n                                    <\/div>\n                                \n                                <\/div>\n\n                            <\/div>\n                        \n                        <\/article>\n                \n                    <\/a>\n                \n                <\/div>\n            \n            <\/div>\n\n        <\/div>\n        \n<p style=\"text-align: center;\"><strong><span style=\"font-size: 16pt; color: #339966;\"><span style=\"font-family: arial, helvetica, sans-serif;\">CONTRATAMOS SU DOMINIO Y ALOJAMIENTO EN LOS MEJORES SERVIDORES<\/span><\/span><\/strong><\/p>\n<p style=\"text-align: justify;\"><span style=\"font-family: arial, helvetica, sans-serif;\"><strong>Nos centramos en el usuario,<\/strong> dise\u00f1amos sitios web a medida. creativos y efectivos, compatibles con m\u00faltiples dispositivos, f\u00e1ciles de actualizar, pensados para que est\u00e9n bien posicionados y sobretodo capaces de generar visibilidad y captar nuevos contactos y clientes.<\/span><\/p>\n<p style=\"text-align: justify;\"><span style=\"font-family: arial, helvetica, sans-serif;\"><img decoding=\"async\" id=\"img_cien\" class=\"wp-image-3205 alignright\" src=\"https:\/\/www.syscel.com\/ns\/wp-content\/uploads\/2017\/04\/generacion-de-textos-web-1-300x200.jpg\" alt=\"\" width=\"246\" height=\"164\" srcset=\"https:\/\/www.syscel.com\/ns\/wp-content\/uploads\/2017\/04\/generacion-de-textos-web-1-300x200.jpg 300w, https:\/\/www.syscel.com\/ns\/wp-content\/uploads\/2017\/04\/generacion-de-textos-web-1-150x100.jpg 150w, https:\/\/www.syscel.com\/ns\/wp-content\/uploads\/2017\/04\/generacion-de-textos-web-1.jpg 600w\" sizes=\"(max-width: 246px) 100vw, 246px\" \/>Nosotros trabajamos con servidores europeos y espa\u00f1oles, que utilizan <strong>CDNs<\/strong> para <strong>aumentar considerablemente la velocidad<\/strong> de nuestras p\u00e1ginas web, lo que repercute de forma directa en la <strong>experiencia de usuario<\/strong>. En cuanto a <strong>seguridad<\/strong>, nuestros servidores hacen <strong>copias de seguridad diarias<\/strong> de todas nuestras p\u00e1ginas web, de forma que si hay un problema, podemos recuperar la informaci\u00f3n anterior a dicho problema.<\/span><\/p>\n<p style=\"text-align: justify;\"><span style=\"font-family: arial, helvetica, sans-serif;\"><strong><img loading=\"lazy\" loading=\"lazy\" decoding=\"async\" id=\"img_cien\" class=\"size-medium wp-image-3207 alignleft\" src=\"https:\/\/www.syscel.com\/ns\/wp-content\/uploads\/2017\/04\/PaginasWebProfesional-300x278.jpg\" alt=\"\" width=\"300\" height=\"278\" srcset=\"https:\/\/www.syscel.com\/ns\/wp-content\/uploads\/2017\/04\/PaginasWebProfesional-300x278.jpg 300w, https:\/\/www.syscel.com\/ns\/wp-content\/uploads\/2017\/04\/PaginasWebProfesional-150x139.jpg 150w, https:\/\/www.syscel.com\/ns\/wp-content\/uploads\/2017\/04\/PaginasWebProfesional.jpg 420w\" sizes=\"(max-width: 300px) 100vw, 300px\" \/><\/strong>Desde Syscel implantamos con nuestros desarrollos, gestores de contenidos con los que resulte f\u00e1cil y sencillo la modificaci\u00f3n de textos, im\u00e1genes y otros de la web o tienda. Adem\u00e1s contamos con varias opciones de mantenimiento web, entre los que contar\u00e1s con horas de trabajo por <strong>t\u00e9cnicos especializados, dise\u00f1adores y consultores<\/strong> que te ayudaremos <strong>a mantener <\/strong>actualizando su sitio web con calidad y orientaci\u00f3n en <strong>tu negocio online.<\/strong><\/span><\/p>\n<p><span style=\"font-family: arial, helvetica, sans-serif;\">Contar con un plan de mantenimiento evitar\u00e1 que tus dominios caduquen por no estar atendidos, el poder resolver tus dudas relacionadas con tu negocio en Internet y poder contar con alguien al otro lado del tel\u00e9fono que pueda, ya no solo resolver las posibles dudas o incidencias que te surjan, sino contar con un<strong> socio tecnol\u00f3gico <\/strong>como apoyo ante cualquier eventualidad.<\/span><\/p>\n<h1 style=\"text-align: center;\"><strong><span style=\"font-size: 18pt; color: #339966; font-family: arial, helvetica, sans-serif;\">CONTAMOS CON LOS MEJORES PACKS DE MANTENIMIENTO WEB<\/span><\/strong><\/h1>\n<p><span style=\"font-family: arial, helvetica, sans-serif;\">En Syscel nos adaptamos a tu presupuesto, y contamos con Packs de Mantenimiento totalmente personalizados y adaptados a tus objetivos.<\/span><\/p>\n<p style=\"text-align: center;\"><span style=\"color: #339966; font-size: 18pt; font-family: arial, helvetica, sans-serif;\"><em><span style=\"color: #339966;\">\u00bfYA TIENES T\u00da P\u00c1GINA WEB CREADA?\u00a0<\/span><\/em><\/span><\/p>\n<p><span style=\"font-family: arial, helvetica, sans-serif;\"><img loading=\"lazy\" loading=\"lazy\" decoding=\"async\" class=\" wp-image-613 aligncenter\" src=\"https:\/\/www.syscel.com\/ns\/wp-content\/uploads\/2017\/04\/logo2-300x281.png\" alt=\"\" width=\"77\" height=\"73\" \/><\/span><\/p>\n<p style=\"text-align: center;\"><span style=\"color: #339966; font-size: 18pt; font-family: arial, helvetica, sans-serif;\"><em><span style=\"color: #339966;\">\u00bfNECESITA SOLUCIONES PARA SU WEB?<\/span><\/em><\/span><\/p>\n<p style=\"text-align: center;\"><img loading=\"lazy\" loading=\"lazy\" decoding=\"async\" class=\"alignnone wp-image-2188\" src=\"https:\/\/www.syscel.com\/ns\/wp-content\/uploads\/2017\/04\/syscel-flecha-web-300x300.png\" alt=\"\" width=\"44\" height=\"44\" srcset=\"https:\/\/www.syscel.com\/ns\/wp-content\/uploads\/2017\/04\/syscel-flecha-web-300x300.png 300w, https:\/\/www.syscel.com\/ns\/wp-content\/uploads\/2017\/04\/syscel-flecha-web-150x150.png 150w, https:\/\/www.syscel.com\/ns\/wp-content\/uploads\/2017\/04\/syscel-flecha-web.png 631w\" sizes=\"(max-width: 44px) 100vw, 44px\" \/><\/p>\n<p><a href=\"https:\/\/www.syscel.com\/ns\/wp-content\/uploads\/2018\/02\/Tabla_Servicios_Web_Empresas_Syscel_Solutions.png\"><img loading=\"lazy\" loading=\"lazy\" decoding=\"async\" class=\"aligncenter wp-image-5104 size-full\" src=\"https:\/\/www.syscel.com\/ns\/wp-content\/uploads\/2018\/02\/Tabla_Servicios_Web_Empresas_Syscel_Solutions.png\" alt=\"\" width=\"1378\" height=\"450\" srcset=\"https:\/\/www.syscel.com\/ns\/wp-content\/uploads\/2018\/02\/Tabla_Servicios_Web_Empresas_Syscel_Solutions.png 1378w, https:\/\/www.syscel.com\/ns\/wp-content\/uploads\/2018\/02\/Tabla_Servicios_Web_Empresas_Syscel_Solutions-300x98.png 300w, https:\/\/www.syscel.com\/ns\/wp-content\/uploads\/2018\/02\/Tabla_Servicios_Web_Empresas_Syscel_Solutions-768x251.png 768w, https:\/\/www.syscel.com\/ns\/wp-content\/uploads\/2018\/02\/Tabla_Servicios_Web_Empresas_Syscel_Solutions-1024x334.png 1024w, https:\/\/www.syscel.com\/ns\/wp-content\/uploads\/2018\/02\/Tabla_Servicios_Web_Empresas_Syscel_Solutions-150x49.png 150w\" sizes=\"(max-width: 1378px) 100vw, 1378px\" \/><\/a><\/p>\n<p><a id=\"cajavolver\" href=\"https:\/\/www.syscel.com\/ns\/servicios\/empresas\/\">&lt;&lt;Volver\u00a0a empresas<\/a><\/p>\n","protected":false},"excerpt":{"rendered":"<p>Syscel desarrolla y ofrece un completo cat\u00e1logo de portales web y tiendas online listas para usar para cualquier empresa o negocio, tanto PYMES como grandes compa\u00f1\u00edas. Todas las soluciones web son reprogramables y redise\u00f1ables, pudiendo as\u00ed ser adaptadas y personalizadas a las necesidades m\u00e1s espec\u00edficas de cada empresa.\u00a0El contenido web de la tiendas online y [&hellip;]<\/p>\n","protected":false},"author":1,"featured_media":0,"parent":638,"menu_order":0,"comment_status":"closed","ping_status":"closed","template":"","meta":{"_et_pb_use_builder":"","_et_pb_old_content":"","_et_gb_content_width":"","footnotes":""},"class_list":["post-2358","page","type-page","status-publish","hentry"],"_links":{"self":[{"href":"https:\/\/www.syscel.com\/ns\/wp-json\/wp\/v2\/pages\/2358","targetHints":{"allow":["GET"]}}],"collection":[{"href":"https:\/\/www.syscel.com\/ns\/wp-json\/wp\/v2\/pages"}],"about":[{"href":"https:\/\/www.syscel.com\/ns\/wp-json\/wp\/v2\/types\/page"}],"author":[{"embeddable":true,"href":"https:\/\/www.syscel.com\/ns\/wp-json\/wp\/v2\/users\/1"}],"replies":[{"embeddable":true,"href":"https:\/\/www.syscel.com\/ns\/wp-json\/wp\/v2\/comments?post=2358"}],"version-history":[{"count":58,"href":"https:\/\/www.syscel.com\/ns\/wp-json\/wp\/v2\/pages\/2358\/revisions"}],"predecessor-version":[{"id":7097,"href":"https:\/\/www.syscel.com\/ns\/wp-json\/wp\/v2\/pages\/2358\/revisions\/7097"}],"up":[{"embeddable":true,"href":"https:\/\/www.syscel.com\/ns\/wp-json\/wp\/v2\/pages\/638"}],"wp:attachment":[{"href":"https:\/\/www.syscel.com\/ns\/wp-json\/wp\/v2\/media?parent=2358"}],"curies":[{"name":"wp","href":"https:\/\/api.w.org\/{rel}","templated":true}]}}