{"id":2361,"date":"2017-04-28T09:45:54","date_gmt":"2017-04-28T07:45:54","guid":{"rendered":"http:\/\/www.syscel.com\/ns\/?page_id=2361"},"modified":"2024-03-27T10:16:00","modified_gmt":"2024-03-27T09:16:00","slug":"soluciones-de-telefonia-y-centralita-ip","status":"publish","type":"page","link":"https:\/\/www.syscel.com\/ns\/servicios\/empresas\/soluciones-de-telefonia-y-centralita-ip\/","title":{"rendered":"SOLUCIONES DE TELEFON\u00cdA Y CENTRALITA IP"},"content":{"rendered":"<h2 class=\"vc_custom_heading\" style=\"text-align: center;\"><strong><span style=\"font-size: 24pt; color: #339966; font-family: arial, helvetica, sans-serif;\">EMPIEZA AHORRAR YA CON NUESTRAS SOLUCIONES VoIP<\/span><\/strong><\/h2>\n<p><span style=\"font-family: arial, helvetica, sans-serif;\"><img fetchpriority=\"high\" fetchpriority=\"high\" decoding=\"async\" class=\"alignnone wp-image-6683 size-full\" src=\"https:\/\/www.syscel.com\/ns\/wp-content\/uploads\/2024\/03\/Banner_telefonia-ip.jpg\" alt=\"\" width=\"1920\" height=\"557\" srcset=\"https:\/\/www.syscel.com\/ns\/wp-content\/uploads\/2024\/03\/Banner_telefonia-ip.jpg 1920w, https:\/\/www.syscel.com\/ns\/wp-content\/uploads\/2024\/03\/Banner_telefonia-ip-300x87.jpg 300w, https:\/\/www.syscel.com\/ns\/wp-content\/uploads\/2024\/03\/Banner_telefonia-ip-1024x297.jpg 1024w, https:\/\/www.syscel.com\/ns\/wp-content\/uploads\/2024\/03\/Banner_telefonia-ip-768x223.jpg 768w, https:\/\/www.syscel.com\/ns\/wp-content\/uploads\/2024\/03\/Banner_telefonia-ip-1536x446.jpg 1536w, https:\/\/www.syscel.com\/ns\/wp-content\/uploads\/2024\/03\/Banner_telefonia-ip-150x44.jpg 150w, https:\/\/www.syscel.com\/ns\/wp-content\/uploads\/2024\/03\/Banner_telefonia-ip-600x174.jpg 600w\" sizes=\"(max-width: 1920px) 100vw, 1920px\" \/><\/span><\/p>\n<h4><span style=\"font-size: 12pt; font-family: arial, helvetica, sans-serif;\">Abre tus horizontes a infinitas posibilidades de comunicaci\u00f3n. Ofrecemos a tu empresa una plataforma colaborativa, segura, flexible, rentable y sin necesidad de invertir en infraestructuras propias, costes de adquisici\u00f3n y mantenimiento.<\/span><\/h4>\n<p style=\"text-align: center;\"><strong><span style=\"font-size: 14pt; color: #339966; font-family: arial, helvetica, sans-serif;\">CONOCE LAS SOLUCIONES DE SYSCEL<\/span><\/strong><\/p>\n<p id=\"titulopaginas\"><img decoding=\"async\" id=\"img_cien\" class=\"size-medium wp-image-3554 alignleft\" src=\"http:\/\/www.syscel.com\/ns\/wp-content\/uploads\/2017\/04\/syscel-vozip-comunicaciones-ip-300x190.jpg\" alt=\"\" width=\"300\" height=\"190\" srcset=\"https:\/\/www.syscel.com\/ns\/wp-content\/uploads\/2017\/04\/syscel-vozip-comunicaciones-ip-300x190.jpg 300w, https:\/\/www.syscel.com\/ns\/wp-content\/uploads\/2017\/04\/syscel-vozip-comunicaciones-ip-150x95.jpg 150w, https:\/\/www.syscel.com\/ns\/wp-content\/uploads\/2017\/04\/syscel-vozip-comunicaciones-ip.jpg 600w\" sizes=\"(max-width: 300px) 100vw, 300px\" \/><\/p>\n<p style=\"text-align: justify;\"><span style=\"font-family: arial, helvetica, sans-serif;\">Una <strong>centralita virtual IP<\/strong> que te permite disponer de un <strong>n\u00famero ilimitado de extensiones<\/strong>, tanto fijas como m\u00f3viles, en una o varias ubicaciones a la vez. Al ser un servicio virtual en la nube, podr\u00e1s <strong>disfrutar de todas las ventajas de una centralita f\u00edsica<\/strong> pero sin instalaciones de ning\u00fan tipo y con un coste de mantenimiento reducido. <strong>Calidad y ahorro<\/strong> unidos en nuestras soluciones profesionales para la empresa, colaboramos con los mejores operadores de telecomunicaciones del mercado. Disponemos del m\u00e1s amplio catalogo de soluciones de voz y datos.<\/span><\/p>\n<p><img decoding=\"async\" id=\"img_cien\" class=\"size-medium wp-image-3555 alignright\" src=\"http:\/\/www.syscel.com\/ns\/wp-content\/uploads\/2017\/04\/syscel-ip-telefonia-300x200.jpg\" alt=\"\" width=\"300\" height=\"200\" srcset=\"https:\/\/www.syscel.com\/ns\/wp-content\/uploads\/2017\/04\/syscel-ip-telefonia-300x200.jpg 300w, https:\/\/www.syscel.com\/ns\/wp-content\/uploads\/2017\/04\/syscel-ip-telefonia-768x513.jpg 768w, https:\/\/www.syscel.com\/ns\/wp-content\/uploads\/2017\/04\/syscel-ip-telefonia-1024x684.jpg 1024w, https:\/\/www.syscel.com\/ns\/wp-content\/uploads\/2017\/04\/syscel-ip-telefonia-150x100.jpg 150w, https:\/\/www.syscel.com\/ns\/wp-content\/uploads\/2017\/04\/syscel-ip-telefonia.jpg 1366w\" sizes=\"(max-width: 300px) 100vw, 300px\" \/><\/p>\n<p style=\"text-align: justify;\"><span style=\"font-family: arial, helvetica, sans-serif;\">Internet ha liberalizado las comunicaciones para aquellos que la sepan aprovechar. Todav\u00eda hay empresas que pagan por llamar entre sedes, o que destinan una parte importante de su presupuesto a centralitas telef\u00f3nicas, por eso en Syscel queremos ayudarte a que le saques el mayor rendimiento a tus comunicaciones. <strong>Con la mejor tecnolog\u00eda del mercado actual, grabaci\u00f3n de conversaciones, buzones de voz, fax, informes detallados de uso de las l\u00edneas, m\u00fasica en espera, secretaria virtual, integraci\u00f3n transparente con VoIP<\/strong>.<\/span><\/p>\n<p><strong><span style=\"font-size: 16pt; color: #339966; font-family: arial, helvetica, sans-serif;\">CENTRALITA VIRTUAL ( SIN CAMBIAR N\u00ba DE TEL\u00c9FONO )<\/span><\/strong><\/p>\n<p style=\"text-align: justify;\"><span style=\"font-family: arial, helvetica, sans-serif;\"><img loading=\"lazy\" loading=\"lazy\" decoding=\"async\" id=\"img_cien\" class=\"alignleft wp-image-3573\" src=\"http:\/\/www.syscel.com\/ns\/wp-content\/uploads\/2017\/04\/syscel-centralita-ip-conexion-mundo-300x159.jpg\" alt=\"\" width=\"431\" height=\"229\" srcset=\"https:\/\/www.syscel.com\/ns\/wp-content\/uploads\/2017\/04\/syscel-centralita-ip-conexion-mundo-300x159.jpg 300w, https:\/\/www.syscel.com\/ns\/wp-content\/uploads\/2017\/04\/syscel-centralita-ip-conexion-mundo-150x80.jpg 150w, https:\/\/www.syscel.com\/ns\/wp-content\/uploads\/2017\/04\/syscel-centralita-ip-conexion-mundo.jpg 527w\" sizes=\"(max-width: 431px) 100vw, 431px\" \/>El servicio de telefon\u00eda IP de Syscel, que permite a tu empresa obtener importantes ahorros al hablar utilizando su conexi\u00f3n de banda ancha y <strong>sin necesidad de cambiar de n\u00famero de tel\u00e9fono,\u00a0<\/strong>las llamadas son gratis entre todos tus centros de trabajos, adem\u00e1s sin coste de establecimiento de llamada y las llamadas internacionales a un precio muy competitivo. Con servicios de valor a\u00f1adido; n\u00famero de tel\u00e9fono convencional, detalles de las llamadas realizadas y adem\u00e1s facturaci\u00f3n. <strong>Siempre proporcionando el equipamiento que te resulte m\u00e1s c\u00f3modo y rentable Voz IP\u00a0<\/strong>integrado en tu centralita, tel\u00e9fono convencional con adaptador, o un sistema de micr\u00f3fono-auricular conectado a tu ordenador.<\/span><\/p>\n<p style=\"text-align: center;\"><span style=\"font-size: 11pt; font-family: arial, helvetica, sans-serif;\"><strong>\u00a0 \u00a0 \u00a0 \u00a0 \u00a0 \u00a0 \u00a0 \u00a0 \u00a0 \u00a0 \u00a0 \u00a0 \u00a0 \u00a0 \u00a0 \u00a0 \u00a0 \u00a0 \u00a0 \u00a0 \u00a0 \u00a0 \u00a0 \u00a0 \u00a0 \u00a0 \u00a0*Puedes consultar las tarifas y condiciones actualizadas\u00a0<\/strong><\/span><\/p>\n<p><strong><span style=\"font-size: 16pt; color: #339966; font-family: arial, helvetica, sans-serif;\">FAX VIRTUAL<\/span><\/strong><\/p>\n<p><span style=\"font-family: arial, helvetica, sans-serif;\"><img loading=\"lazy\" loading=\"lazy\" decoding=\"async\" id=\"img_cien\" class=\"alignright wp-image-3574\" src=\"http:\/\/www.syscel.com\/ns\/wp-content\/uploads\/2017\/04\/syscel-fax-centralita-ip-300x167.jpg\" alt=\"\" width=\"282\" height=\"157\" srcset=\"https:\/\/www.syscel.com\/ns\/wp-content\/uploads\/2017\/04\/syscel-fax-centralita-ip-300x167.jpg 300w, https:\/\/www.syscel.com\/ns\/wp-content\/uploads\/2017\/04\/syscel-fax-centralita-ip-768x427.jpg 768w, https:\/\/www.syscel.com\/ns\/wp-content\/uploads\/2017\/04\/syscel-fax-centralita-ip-150x83.jpg 150w, https:\/\/www.syscel.com\/ns\/wp-content\/uploads\/2017\/04\/syscel-fax-centralita-ip.jpg 800w\" sizes=\"(max-width: 282px) 100vw, 282px\" \/>No dejes tu fax anclado al pasado con nuestros servicios de fax virtual con una extensi\u00f3n m\u00e1s de tu centralita virtual IP, puedes olvidarte de tu l\u00ednea anal\u00f3gica y tu m\u00e1quina de fax, ahorrando incluso una peque\u00f1a parte de la cuota mensual. <strong>Puedes tener un servicio m\u00e1s moderno en el que podr\u00e1s olvidarte de tu m\u00e1quina f\u00edsica de fax<\/strong> y tendr\u00e1s un servicio mucho m\u00e1s funcional en el que <strong>no tendr\u00e1s que imprimir el fax si no quieres<\/strong>, directamente lo tendr\u00e1s en tu ordenador para archivarlo, imprimirlo, reenviarlo o hacer lo m\u00e1s conveniente para tu negocio.<\/span><\/p>\n<h4 style=\"text-align: left;\"><strong><span style=\"font-size: 18pt; color: #339966; font-family: arial, helvetica, sans-serif;\">PORQUE ELEGIR UNA CENTRALITA VIRTUAL IP<\/span><\/strong><\/h4>\n<p class=\"title_servicio titulo_azul\"><span style=\"font-family: arial, helvetica, sans-serif;\"><span style=\"color: #339966;\">AHORRO EN COSTES:\u00a0<\/span>Sin incrementar costes de inversi\u00f3n ni dificultad t\u00e9cnica. Tu <strong>Centralita Virtual <\/strong>estar\u00e1 alojada en la nube, por lo que no necesitar\u00e1s comprar, instalar, mantener o actualizar una centralita f\u00edsica.<\/span><\/p>\n<p><span style=\"font-family: arial, helvetica, sans-serif;\"><span style=\"color: #339966;\">MOVILIDAD:<span style=\"color: #000000;\">\u00a0<\/span><\/span>Atiende las llamadas desde tu \u201d tel\u00e9fono m\u00f3vil\u201c, \u201d dispositivo SIP\u201c, u \u201cordenador\u201d en cualquier parte del mundo. Une oficinas con distintas ubicaciones f\u00edsicas, lo que te facilitar\u00e1 la comunicaci\u00f3n diaria. Fomenta el tele-trabajo en tu empresa.<\/span><\/p>\n<p><span style=\"font-family: arial, helvetica, sans-serif;\"><span style=\"color: #339966;\">FACILIDAD DE USO: <\/span>Un asistente asignado te lo explicar\u00e1 y\u00a0en tan solo 2 minutos tu centralita podr\u00e1 estar operativa. Ajusta y cambia lo que necesites a tiempo real.<\/span><\/p>\n<p><span style=\"font-family: arial, helvetica, sans-serif;\"><span style=\"color: #339966;\">PROFESIONALIZACI\u00d3N DE TU EMPRESA: <\/span>Mejora la imagen de tu empresa, personalizando tu mensaje de bienvenida, la m\u00fasica de espera, aplicando opciones de marcado hacia distintas colas de llamadas seg\u00fan departamentos, y muchas m\u00e1s funcionalidades.<\/span><\/p>\n<p><span style=\"font-family: arial, helvetica, sans-serif;\"><img loading=\"lazy\" loading=\"lazy\" decoding=\"async\" class=\"aligncenter wp-image-2593 size-full\" src=\"http:\/\/www.syscel.com\/ns\/wp-content\/uploads\/2017\/04\/centralita-virtual-ip-vpbx.png\" alt=\"\" width=\"940\" height=\"540\" srcset=\"https:\/\/www.syscel.com\/ns\/wp-content\/uploads\/2017\/04\/centralita-virtual-ip-vpbx.png 940w, https:\/\/www.syscel.com\/ns\/wp-content\/uploads\/2017\/04\/centralita-virtual-ip-vpbx-300x172.png 300w, https:\/\/www.syscel.com\/ns\/wp-content\/uploads\/2017\/04\/centralita-virtual-ip-vpbx-768x441.png 768w, https:\/\/www.syscel.com\/ns\/wp-content\/uploads\/2017\/04\/centralita-virtual-ip-vpbx-150x86.png 150w\" sizes=\"(max-width: 940px) 100vw, 940px\" \/><\/span><\/p>\n<p><span style=\"font-family: arial, helvetica, sans-serif;\">\u00a0<\/span><\/p>\n<p><span style=\"font-family: arial, helvetica, sans-serif;\"> <a id=\"cajavolver\" href=\"http:\/\/www.syscel.com\/ns\/servicios\/profesionales\/\">&lt;&lt;Volver a empresas<\/a><\/span><\/p>\n","protected":false},"excerpt":{"rendered":"<p>EMPIEZA AHORRAR YA CON NUESTRAS SOLUCIONES VoIP Abre tus horizontes a infinitas posibilidades de comunicaci\u00f3n. Ofrecemos a tu empresa una plataforma colaborativa, segura, flexible, rentable y sin necesidad de invertir en infraestructuras propias, costes de adquisici\u00f3n y mantenimiento. CONOCE LAS SOLUCIONES DE SYSCEL Una centralita virtual IP que te permite disponer de un n\u00famero ilimitado [&hellip;]<\/p>\n","protected":false},"author":1,"featured_media":0,"parent":638,"menu_order":0,"comment_status":"closed","ping_status":"closed","template":"","meta":{"_et_pb_use_builder":"","_et_pb_old_content":"","_et_gb_content_width":"","footnotes":""},"class_list":["post-2361","page","type-page","status-publish","hentry"],"_links":{"self":[{"href":"https:\/\/www.syscel.com\/ns\/wp-json\/wp\/v2\/pages\/2361","targetHints":{"allow":["GET"]}}],"collection":[{"href":"https:\/\/www.syscel.com\/ns\/wp-json\/wp\/v2\/pages"}],"about":[{"href":"https:\/\/www.syscel.com\/ns\/wp-json\/wp\/v2\/types\/page"}],"author":[{"embeddable":true,"href":"https:\/\/www.syscel.com\/ns\/wp-json\/wp\/v2\/users\/1"}],"replies":[{"embeddable":true,"href":"https:\/\/www.syscel.com\/ns\/wp-json\/wp\/v2\/comments?post=2361"}],"version-history":[{"count":19,"href":"https:\/\/www.syscel.com\/ns\/wp-json\/wp\/v2\/pages\/2361\/revisions"}],"predecessor-version":[{"id":6830,"href":"https:\/\/www.syscel.com\/ns\/wp-json\/wp\/v2\/pages\/2361\/revisions\/6830"}],"up":[{"embeddable":true,"href":"https:\/\/www.syscel.com\/ns\/wp-json\/wp\/v2\/pages\/638"}],"wp:attachment":[{"href":"https:\/\/www.syscel.com\/ns\/wp-json\/wp\/v2\/media?parent=2361"}],"curies":[{"name":"wp","href":"https:\/\/api.w.org\/{rel}","templated":true}]}}