{"id":2373,"date":"2017-04-28T10:06:32","date_gmt":"2017-04-28T08:06:32","guid":{"rendered":"http:\/\/www.syscel.com\/ns\/?page_id=2373"},"modified":"2024-03-27T13:00:50","modified_gmt":"2024-03-27T12:00:50","slug":"contrato-de-mantenimiento-personalizado","status":"publish","type":"page","link":"https:\/\/www.syscel.com\/ns\/servicios\/profesionales\/contrato-de-mantenimiento-personalizado\/","title":{"rendered":"CONTRATO DE MANTENIMIENTO PERSONALIZADO"},"content":{"rendered":"<div id=\"attachment_3072\" style=\"width: 1210px\" class=\"wp-caption aligncenter\"><img fetchpriority=\"high\" fetchpriority=\"high\" decoding=\"async\" aria-describedby=\"caption-attachment-3072\" class=\"wp-image-3072 size-full\" src=\"https:\/\/www.syscel.com\/ns\/wp-content\/uploads\/2017\/05\/Syscel-contrato-profesionales-portada.jpg\" alt=\"\" width=\"1200\" height=\"350\" srcset=\"https:\/\/www.syscel.com\/ns\/wp-content\/uploads\/2017\/05\/Syscel-contrato-profesionales-portada.jpg 1200w, https:\/\/www.syscel.com\/ns\/wp-content\/uploads\/2017\/05\/Syscel-contrato-profesionales-portada-300x88.jpg 300w, https:\/\/www.syscel.com\/ns\/wp-content\/uploads\/2017\/05\/Syscel-contrato-profesionales-portada-768x224.jpg 768w, https:\/\/www.syscel.com\/ns\/wp-content\/uploads\/2017\/05\/Syscel-contrato-profesionales-portada-1024x299.jpg 1024w, https:\/\/www.syscel.com\/ns\/wp-content\/uploads\/2017\/05\/Syscel-contrato-profesionales-portada-150x44.jpg 150w\" sizes=\"(max-width: 1200px) 100vw, 1200px\" \/><p id=\"caption-attachment-3072\" class=\"wp-caption-text\"><span style=\"font-size: 14pt; color: #339966; font-family: arial, helvetica, sans-serif;\">USTED SE ENCUENTRA EN BUENAS MANOS<\/span><\/p><\/div>\n<p style=\"text-align: center;\"><strong><span style=\"font-size: 16pt; color: #339966; font-family: arial, helvetica, sans-serif;\">SOPORTE INFORM\u00c1TICO PARA PROFESIONALES Y PYMES \u00a0DE CUALQUIER TAMA\u00d1O\u00a0<\/span><\/strong><\/p>\n<div style=\"width: 100%; float: left; text-align: center;\"><img decoding=\"async\" class=\"wp-image-3474 alignleft\" src=\"https:\/\/www.syscel.com\/ns\/wp-content\/uploads\/2017\/04\/005.png\" alt=\"\" width=\"152\" height=\"38\" \/><img decoding=\"async\" class=\"wp-image-3473 alignleft\" src=\"https:\/\/www.syscel.com\/ns\/wp-content\/uploads\/2017\/04\/004.png\" alt=\"\" width=\"110\" height=\"55\" \/> <img loading=\"lazy\" loading=\"lazy\" decoding=\"async\" class=\"wp-image-3471 alignleft\" src=\"https:\/\/www.syscel.com\/ns\/wp-content\/uploads\/2017\/04\/002.png\" alt=\"\" width=\"152\" height=\"37\" \/> <img loading=\"lazy\" loading=\"lazy\" decoding=\"async\" class=\"wp-image-3472 alignleft\" src=\"https:\/\/www.syscel.com\/ns\/wp-content\/uploads\/2017\/04\/003.png\" alt=\"\" width=\"132\" height=\"48\" \/> <img loading=\"lazy\" loading=\"lazy\" decoding=\"async\" class=\"wp-image-3470 alignleft\" src=\"https:\/\/www.syscel.com\/ns\/wp-content\/uploads\/2017\/04\/001.png\" alt=\"\" width=\"144\" height=\"49\" \/> <img loading=\"lazy\" loading=\"lazy\" decoding=\"async\" class=\"wp-image-3469 alignleft\" src=\"https:\/\/www.syscel.com\/ns\/wp-content\/uploads\/2017\/04\/000.png\" alt=\"\" width=\"144\" height=\"48\" \/><\/div>\n<p style=\"text-align: justify;\"><span style=\"font-family: arial, helvetica, sans-serif;\"><img loading=\"lazy\" loading=\"lazy\" decoding=\"async\" id=\"img_cien\" class=\"alignright wp-image-3392\" src=\"https:\/\/www.syscel.com\/ns\/wp-content\/uploads\/2017\/04\/contrato-300x234.jpg\" alt=\"\" width=\"321\" height=\"250\" srcset=\"https:\/\/www.syscel.com\/ns\/wp-content\/uploads\/2017\/04\/contrato-300x234.jpg 300w, https:\/\/www.syscel.com\/ns\/wp-content\/uploads\/2017\/04\/contrato-150x117.jpg 150w, https:\/\/www.syscel.com\/ns\/wp-content\/uploads\/2017\/04\/contrato.jpg 325w\" sizes=\"(max-width: 321px) 100vw, 321px\" \/><\/span><\/p>\n<p style=\"text-align: justify;\"><span style=\"font-family: arial, helvetica, sans-serif;\">Despreoc\u00fapese de los problemas inform\u00e1ticos que le puedan ocasionar la tecnolog\u00eda dentro de su organizaci\u00f3n, contratando nuestro<strong> servicio de mantenimiento inform\u00e1tico para empresas o profesionales.<\/strong><\/span><\/p>\n<p style=\"text-align: justify;\"><span style=\"font-family: arial, helvetica, sans-serif;\"><strong>Syscel le ofrece un soporte a usuarios y a sistemas de forma presencial permanente<\/strong>, o con acceso remoto desde nuestro centro. Servicio de mantenimiento de ordenadores y dem\u00e1s, que se acomoda a sus necesidades a trav\u00e9s de <strong>un servicio eficaz, r\u00e1pido y seguro.<\/strong><\/span><\/p>\n<p style=\"text-align: justify;\"><span style=\"font-family: arial, helvetica, sans-serif;\">Nuestro Departamento de Inform\u00e1tica est\u00e1 especializado en el mantenimiento inform\u00e1tico para empresas. <strong>Nos comportamos como un departamento inform\u00e1tico adherido a su empresa<\/strong> para cumplir con sus necesidades, sin tener costes de personal ni infraestructura.<\/span><\/p>\n<p><span style=\"font-size: 18pt; font-family: arial, helvetica, sans-serif;\"><strong><span style=\"font-size: 16pt;\"><span style=\"color: #339966;\">CONTRATO ANUAL EN PAQUETES MENSUALES DE HORAS DE SOPORTE<\/span>\u00a0<\/span><\/strong><img loading=\"lazy\" loading=\"lazy\" decoding=\"async\" id=\"img_cien\" class=\"wp-image-1402 alignright\" src=\"https:\/\/www.syscel.com\/ns\/wp-content\/uploads\/2017\/04\/4016-300x290.jpg\" alt=\"\" width=\"214\" height=\"207\" srcset=\"https:\/\/www.syscel.com\/ns\/wp-content\/uploads\/2017\/04\/4016-300x290.jpg 300w, https:\/\/www.syscel.com\/ns\/wp-content\/uploads\/2017\/04\/4016-150x145.jpg 150w, https:\/\/www.syscel.com\/ns\/wp-content\/uploads\/2017\/04\/4016.jpg 629w\" sizes=\"(max-width: 214px) 100vw, 214px\" \/><br \/>\n<\/span><\/p>\n<p style=\"text-align: justify;\"><span style=\"font-family: arial, helvetica, sans-serif;\"><strong>Nos adaptamos a sus necesidades mediante contratos de diferentes vol\u00famenes de horas.<\/strong> Con los beneficios de una asistencia t\u00e9cnica in situ personalizada que act\u00faa, seg\u00fan su opini\u00f3n cr\u00edtica, para obtener la reparaci\u00f3n de los equipos inform\u00e1ticos, hardware y problemas de software en general.<strong> Tambi\u00e9n disponemos de soluciones con control remoto que se incluye en el contrato de mantenimiento.<\/strong><\/span><\/p>\n<p style=\"text-align: justify;\"><strong><span style=\"font-size: 16pt; font-family: arial, helvetica, sans-serif;\"><span style=\"color: #339966;\">SOPORTE REMOTO<\/span>\u00a0<\/span><\/strong><\/p>\n<p><span style=\"font-size: 18pt; font-family: arial, helvetica, sans-serif;\"><img loading=\"lazy\" loading=\"lazy\" decoding=\"async\" class=\"wp-image-1421 alignright\" src=\"https:\/\/www.syscel.com\/ns\/wp-content\/uploads\/2017\/04\/syscel-contrato-soluciones-servicios-300x131.jpg\" alt=\"\" width=\"408\" height=\"178\" srcset=\"https:\/\/www.syscel.com\/ns\/wp-content\/uploads\/2017\/04\/syscel-contrato-soluciones-servicios-300x131.jpg 300w, https:\/\/www.syscel.com\/ns\/wp-content\/uploads\/2017\/04\/syscel-contrato-soluciones-servicios-768x336.jpg 768w, https:\/\/www.syscel.com\/ns\/wp-content\/uploads\/2017\/04\/syscel-contrato-soluciones-servicios-150x66.jpg 150w, https:\/\/www.syscel.com\/ns\/wp-content\/uploads\/2017\/04\/syscel-contrato-soluciones-servicios.jpg 900w\" sizes=\"(max-width: 408px) 100vw, 408px\" \/><\/span><\/p>\n<p style=\"text-align: justify;\"><span style=\"font-family: arial, helvetica, sans-serif;\">Ofrecemos diferentes tipos de mantenimientos inform\u00e1ticos, dando una <strong>respuesta inmediata<\/strong> a trav\u00e9s de nuestro servicio <strong>de<\/strong> <strong>asistencia remota,<\/strong> es por ello que es una gran oportunidad poder contar con un servicio personalizado y seguro. Nuestros t\u00e9cnicos toman el control del equipo afectado con previa solicitud y <strong>autorizaci\u00f3n por parte del usuario.<\/strong> Toda la operaci\u00f3n puede ser supervisada por el usuario sin correr ning\u00fan tipo de riesgo, y las comunicaciones realizadas <strong>\u00a0seguras.<\/strong><\/span><\/p>\n<p><span style=\"font-size: 16pt; font-family: arial, helvetica, sans-serif;\"><img loading=\"lazy\" loading=\"lazy\" decoding=\"async\" id=\"img_cien\" class=\"wp-image-1422 alignleft\" src=\"https:\/\/www.syscel.com\/ns\/wp-content\/uploads\/2017\/04\/syscel-carpeta-icono-300x300.png\" alt=\"\" width=\"240\" height=\"240\" srcset=\"https:\/\/www.syscel.com\/ns\/wp-content\/uploads\/2017\/04\/syscel-carpeta-icono-300x300.png 300w, https:\/\/www.syscel.com\/ns\/wp-content\/uploads\/2017\/04\/syscel-carpeta-icono-150x150.png 150w, https:\/\/www.syscel.com\/ns\/wp-content\/uploads\/2017\/04\/syscel-carpeta-icono.png 320w\" sizes=\"(max-width: 240px) 100vw, 240px\" \/><strong><span style=\"color: #339966;\">\u00a0<\/span><\/strong><\/span><\/p>\n<p><span style=\"font-size: 16pt; font-family: arial, helvetica, sans-serif;\"><strong><span style=\"color: #339966;\">INFORMACI\u00d3N DE LA ACTIVIDAD<\/span><\/strong><br \/>\n<\/span><\/p>\n<p style=\"text-align: justify;\"><span style=\"font-family: arial, helvetica, sans-serif;\"><strong>Todas las intervenciones e incidencias quedan registradas en nuestro sistema CRM<\/strong> para un seguimiento de la actividad con el cliente. <strong>De esta manera podemos mantener un seguimiento exhaustivo y personalizado con el cliente<\/strong> sin tener ning\u00fan tipo de problema.<\/span><\/p>\n<p><span style=\"font-family: arial, helvetica, sans-serif;\"><a href=\"https:\/\/www.syscel.com\/ns\/wp-content\/uploads\/2017\/04\/syscel-esquema-ventas-informatica.jpg\"><img loading=\"lazy\" loading=\"lazy\" decoding=\"async\" id=\"img_cien\" class=\"aligncenter wp-image-1856 size-full\" src=\"https:\/\/www.syscel.com\/ns\/wp-content\/uploads\/2017\/04\/syscel-esquema-ventas-informatica.jpg\" alt=\"\" width=\"1123\" height=\"794\" srcset=\"https:\/\/www.syscel.com\/ns\/wp-content\/uploads\/2017\/04\/syscel-esquema-ventas-informatica.jpg 1123w, https:\/\/www.syscel.com\/ns\/wp-content\/uploads\/2017\/04\/syscel-esquema-ventas-informatica-300x212.jpg 300w, https:\/\/www.syscel.com\/ns\/wp-content\/uploads\/2017\/04\/syscel-esquema-ventas-informatica-768x543.jpg 768w, https:\/\/www.syscel.com\/ns\/wp-content\/uploads\/2017\/04\/syscel-esquema-ventas-informatica-1024x724.jpg 1024w, https:\/\/www.syscel.com\/ns\/wp-content\/uploads\/2017\/04\/syscel-esquema-ventas-informatica-150x106.jpg 150w\" sizes=\"(max-width: 1123px) 100vw, 1123px\" \/><\/a><\/span><br \/>\n<strong><span style=\"color: #339966; font-size: 18pt; font-family: arial, helvetica, sans-serif;\"> TENEMOS ESPECIALIZACI\u00d3N EN<\/span><\/strong><\/p>\n<ul id=\"list-1\" class=\"unstyled list list-check\">\n<li style=\"text-align: justify;\"><span style=\"font-family: arial, helvetica, sans-serif;\">Instalaci\u00f3n de cableado estructurado, voz y datos.<\/span><\/li>\n<li style=\"text-align: justify;\"><span style=\"font-family: arial, helvetica, sans-serif;\">Instalaci\u00f3n de Racks acondicionados.<\/span><\/li>\n<li style=\"text-align: justify;\"><span style=\"font-family: arial, helvetica, sans-serif;\">Instalaci\u00f3n, configuraci\u00f3n y administraci\u00f3n de sistemas WI-FI Profesionales.<\/span><\/li>\n<li style=\"text-align: justify;\"><span style=\"font-family: arial, helvetica, sans-serif;\">Administradores de Office 365 (Correo electr\u00f3nico en la nube, OneDrive y Share Point).<\/span><\/li>\n<li style=\"text-align: justify;\"><span style=\"font-family: arial, helvetica, sans-serif;\">Migraci\u00f3n, instalaci\u00f3n, administraci\u00f3n y configuraci\u00f3n de sistemas de servidores Windows (W2003 &#8211; W2016), configuraci\u00f3n directorio activo, roles y caracter\u00edsticas de servidor.<\/span><\/li>\n<li style=\"text-align: justify;\"><span style=\"font-family: arial, helvetica, sans-serif;\">Monitorizaci\u00f3n de sistemas de red. Configuraci\u00f3n de routers y firewalls Cisco, Palo Alto, Fortinet, etc&#8230;<\/span><\/li>\n<li style=\"text-align: justify;\"><span style=\"font-family: arial, helvetica, sans-serif;\">Instalaci\u00f3n, configuraci\u00f3n y administraci\u00f3n de servidores virtualizados, especialistas en VMware y Hiper-V. (incluyendo an\u00e1lisis de necesidades y dimensionamiento del sistema).<\/span><\/li>\n<li style=\"text-align: justify;\"><span style=\"font-family: arial, helvetica, sans-serif;\">Elecci\u00f3n de sistema de virtualizaci\u00f3n y ejecuci\u00f3n del proyecto.<\/span><\/li>\n<li style=\"text-align: justify;\"><span style=\"font-family: arial, helvetica, sans-serif;\">Configuraci\u00f3n y administraci\u00f3n de Nube privada y Nube p\u00fablica.<\/span><\/li>\n<li style=\"text-align: justify;\"><span style=\"font-family: arial, helvetica, sans-serif;\">Instalaci\u00f3n y configuraci\u00f3n de sistemas de Back ups para servidores f\u00edsicos y virtualizados.<\/span><\/li>\n<li style=\"text-align: justify;\"><span style=\"font-family: arial, helvetica, sans-serif;\">Configuraci\u00f3n de switches getionables.<\/span><\/li>\n<\/ul>\n<p><span style=\"font-family: arial, helvetica, sans-serif;\"><a id=\"cajavolver\" href=\"https:\/\/www.syscel.com\/ns\/servicios\/profesionales\/\">&lt;&lt;Volver\u00a0a profesionales<\/a><\/span><\/p>\n","protected":false},"excerpt":{"rendered":"<p>SOPORTE INFORM\u00c1TICO PARA PROFESIONALES Y PYMES \u00a0DE CUALQUIER TAMA\u00d1O\u00a0 Despreoc\u00fapese de los problemas inform\u00e1ticos que le puedan ocasionar la tecnolog\u00eda dentro de su organizaci\u00f3n, contratando nuestro servicio de mantenimiento inform\u00e1tico para empresas o profesionales. Syscel le ofrece un soporte a usuarios y a sistemas de forma presencial permanente, o con acceso remoto desde nuestro centro. [&hellip;]<\/p>\n","protected":false},"author":1,"featured_media":0,"parent":640,"menu_order":0,"comment_status":"closed","ping_status":"closed","template":"","meta":{"_et_pb_use_builder":"","_et_pb_old_content":"","_et_gb_content_width":"","footnotes":""},"class_list":["post-2373","page","type-page","status-publish","hentry"],"_links":{"self":[{"href":"https:\/\/www.syscel.com\/ns\/wp-json\/wp\/v2\/pages\/2373","targetHints":{"allow":["GET"]}}],"collection":[{"href":"https:\/\/www.syscel.com\/ns\/wp-json\/wp\/v2\/pages"}],"about":[{"href":"https:\/\/www.syscel.com\/ns\/wp-json\/wp\/v2\/types\/page"}],"author":[{"embeddable":true,"href":"https:\/\/www.syscel.com\/ns\/wp-json\/wp\/v2\/users\/1"}],"replies":[{"embeddable":true,"href":"https:\/\/www.syscel.com\/ns\/wp-json\/wp\/v2\/comments?post=2373"}],"version-history":[{"count":29,"href":"https:\/\/www.syscel.com\/ns\/wp-json\/wp\/v2\/pages\/2373\/revisions"}],"predecessor-version":[{"id":6937,"href":"https:\/\/www.syscel.com\/ns\/wp-json\/wp\/v2\/pages\/2373\/revisions\/6937"}],"up":[{"embeddable":true,"href":"https:\/\/www.syscel.com\/ns\/wp-json\/wp\/v2\/pages\/640"}],"wp:attachment":[{"href":"https:\/\/www.syscel.com\/ns\/wp-json\/wp\/v2\/media?parent=2373"}],"curies":[{"name":"wp","href":"https:\/\/api.w.org\/{rel}","templated":true}]}}