{"id":2439,"date":"2017-04-28T11:48:16","date_gmt":"2017-04-28T09:48:16","guid":{"rendered":"http:\/\/www.syscel.com\/ns\/?page_id=2439"},"modified":"2024-03-27T13:46:50","modified_gmt":"2024-03-27T12:46:50","slug":"servicio-tecnico","status":"publish","type":"page","link":"https:\/\/www.syscel.com\/ns\/servicios\/particulares\/servicio-tecnico\/","title":{"rendered":"SERVICIO T\u00c9CNICO"},"content":{"rendered":"<div id=\"attachment_2667\" style=\"width: 1110px\" class=\"wp-caption aligncenter\"><img fetchpriority=\"high\" fetchpriority=\"high\" decoding=\"async\" aria-describedby=\"caption-attachment-2667\" class=\"wp-image-2667\" src=\"http:\/\/www.syscel.com\/ns\/wp-content\/uploads\/2017\/04\/ServicioTecnico-ok.jpg\" alt=\"\" width=\"1100\" height=\"384\" srcset=\"https:\/\/www.syscel.com\/ns\/wp-content\/uploads\/2017\/04\/ServicioTecnico-ok.jpg 954w, https:\/\/www.syscel.com\/ns\/wp-content\/uploads\/2017\/04\/ServicioTecnico-ok-300x105.jpg 300w, https:\/\/www.syscel.com\/ns\/wp-content\/uploads\/2017\/04\/ServicioTecnico-ok-768x268.jpg 768w, https:\/\/www.syscel.com\/ns\/wp-content\/uploads\/2017\/04\/ServicioTecnico-ok-150x52.jpg 150w\" sizes=\"(max-width: 1100px) 100vw, 1100px\" \/><p id=\"caption-attachment-2667\" class=\"wp-caption-text\"><span style=\"font-size: 16pt; color: #339966; font-family: arial, helvetica, sans-serif;\">SERVICIO T\u00c9CNICO INTEGRAL<\/span><\/p><\/div>\n<p style=\"text-align: center;\"><span style=\"font-family: arial, helvetica, sans-serif; font-size: 10pt;\">Mantenimiento\u00a0inform\u00e1tico en la Provincia de Alicante in-situ en menos de 24 horas para empresas, pymes y aut\u00f3nomos.<\/span><\/p>\n<p><strong><span style=\"font-size: 18pt; font-family: arial, helvetica, sans-serif;\"><span style=\"color: #339966;\">NUESTRA EXPERIENCIA EN EL SECTOR A TU SERVICIO<\/span>\u00a0<\/span><\/strong><\/p>\n<p style=\"text-align: justify;\"><span style=\"font-family: arial, helvetica, sans-serif;\">Syscel les ofrece su servicio t\u00e9cnico inform\u00e1tico en Alicante<strong>, <\/strong>un servicio <strong>profesional y de garant\u00edas<\/strong>,\u00a0orientado tanto a <strong>particulares<\/strong> como a <strong>empresas<\/strong>. Disponemos de<strong> personal altamente cualificado, <\/strong>que atender\u00e1n su problema tanto<strong> in situ, <\/strong>como en caso necesario en sus<strong> propias instalaciones<\/strong>, as\u00ed como por <strong>control remoto,<\/strong> siempre\u00a0con la autorizaci\u00f3n del cliente mediante una conexi\u00f3n segura. Para poder ofrecer el<strong> mejor servicio <\/strong>es necesario disponer de un buen<strong> departamento t\u00e9cnico ,<\/strong> que pueda responder\u00a0<strong>r\u00e1pida y profesionalmente<\/strong> a todas sus necesidades, con el objetivo de que su actividad no cese por ning\u00fan problema inform\u00e1tico o de telecomunicaciones.<\/span><\/p>\n<div style=\"width: 100%;\">\n<div id=\"caja_sistemas2\"><\/div>\n<div id=\"caja_sistemas2\"><\/div>\n<\/div>\n<p style=\"text-align: justify;\"><strong><span style=\"color: #339966; font-size: 18pt; font-family: arial, helvetica, sans-serif;\"><span style=\"color: #339966;\">EN SYSCEL REALIZAMOS LOS SIGUIENTES SERVICIOS<\/span><\/span><\/strong><\/p>\n<ul>\n<li style=\"text-align: justify;\"><span style=\"font-family: arial, helvetica, sans-serif;\">Instalaci\u00f3n, reparaci\u00f3n, optimizaci\u00f3n, \u00a0mantenimiento de ordenadores personales, port\u00e1tiles y servidores.<img decoding=\"async\" class=\"alignright wp-image-1402 \" src=\"https:\/\/www.syscel.com\/ns\/wp-content\/uploads\/2017\/04\/4016-300x290.jpg\" alt=\"\" width=\"291\" height=\"281\" srcset=\"https:\/\/www.syscel.com\/ns\/wp-content\/uploads\/2017\/04\/4016-300x290.jpg 300w, https:\/\/www.syscel.com\/ns\/wp-content\/uploads\/2017\/04\/4016-150x145.jpg 150w, https:\/\/www.syscel.com\/ns\/wp-content\/uploads\/2017\/04\/4016.jpg 629w\" sizes=\"(max-width: 291px) 100vw, 291px\" \/><\/span><\/li>\n<li style=\"text-align: justify;\"><span style=\"font-family: arial, helvetica, sans-serif;\">Instalaci\u00f3n de redes TCP y de telefon\u00eda.<\/span><\/li>\n<li style=\"text-align: justify;\"><span style=\"font-family: arial, helvetica, sans-serif;\">Instalaci\u00f3n y configuraci\u00f3n de sistemas operativos (NT, 2000, Windows 2003 server, XP, Windows 7, Linux, OSx, Sistemas TPV, etc&#8230;).<\/span><\/li>\n<li style=\"text-align: justify;\"><span style=\"font-family: arial, helvetica, sans-serif;\">Instalaci\u00f3n, mantenimiento y configuraci\u00f3n de perif\u00e9ricos; impresoras, scanners, sonido, videoc\u00e1maras, \u00a0routers, redes, WIFI, TPV, etc.<\/span><\/li>\n<li style=\"text-align: justify;\"><span style=\"font-family: arial, helvetica, sans-serif;\">Traspaso de pel\u00edculas VHS a DVD,VCD y viceversa.<\/span><\/li>\n<li style=\"text-align: justify;\"><span style=\"font-family: arial, helvetica, sans-serif;\">Desinfecci\u00f3n de virus, recuperaci\u00f3n de datos a bajo nivel, formateo.<\/span><\/li>\n<li style=\"text-align: justify;\"><span style=\"font-family: arial, helvetica, sans-serif;\">Soluci\u00f3n a problemas de software, hardware, \u00a0incompatibilidades, actualizaci\u00f3n.<\/span><\/li>\n<li style=\"text-align: justify;\"><span style=\"font-family: arial, helvetica, sans-serif;\">Asesoramiento continuado en la toma de decisiones ante la adquisici\u00f3n de cualquier producto.<\/span><\/li>\n<li style=\"text-align: justify;\"><span style=\"font-family: arial, helvetica, sans-serif;\">Venta e Instalaci\u00f3n de material y productos inform\u00e1ticos, Software y Consumibles.<\/span><\/li>\n<li style=\"text-align: justify;\"><span style=\"font-family: arial, helvetica, sans-serif;\">Gesti\u00f3n de siniestros tecnol\u00f3gicos, mediante la peritaci\u00f3n de da\u00f1os y la elaboraci\u00f3n de informes a la aseguradora.<\/span><\/li>\n<li style=\"text-align: justify;\"><span style=\"font-family: arial, helvetica, sans-serif;\">Recuperaci\u00f3n de datos y Realizaci\u00f3n de copias de seguridad.<\/span><\/li>\n<li style=\"text-align: justify;\"><span style=\"font-family: arial, helvetica, sans-serif;\">Y mucho m\u00e1s.<\/span><\/li>\n<\/ul>\n<div id=\"attachment_2230\" style=\"width: 1160px\" class=\"wp-caption aligncenter\"><img decoding=\"async\" aria-describedby=\"caption-attachment-2230\" class=\"wp-image-2230\" src=\"https:\/\/www.syscel.com\/ns\/wp-content\/uploads\/2017\/04\/syscel-servicio-tecnico-informatica.jpg\" alt=\"\" width=\"1150\" height=\"410\" srcset=\"https:\/\/www.syscel.com\/ns\/wp-content\/uploads\/2017\/04\/syscel-servicio-tecnico-informatica.jpg 974w, https:\/\/www.syscel.com\/ns\/wp-content\/uploads\/2017\/04\/syscel-servicio-tecnico-informatica-300x107.jpg 300w, https:\/\/www.syscel.com\/ns\/wp-content\/uploads\/2017\/04\/syscel-servicio-tecnico-informatica-768x274.jpg 768w, https:\/\/www.syscel.com\/ns\/wp-content\/uploads\/2017\/04\/syscel-servicio-tecnico-informatica-150x53.jpg 150w\" sizes=\"(max-width: 1150px) 100vw, 1150px\" \/><p id=\"caption-attachment-2230\" class=\"wp-caption-text\"><span style=\"font-size: 16pt; color: #339966; font-family: arial, helvetica, sans-serif;\">EN SYSCEL CUBRIMOS TODAS LAS NECESIDADES DEL CLIENTE<\/span><\/p><\/div>\n<p style=\"text-align: justify;\"><span style=\"font-family: arial, helvetica, sans-serif;\">Ofrecemos un <strong>amplio cat\u00e1logo de servicios de soporte a usuarios<\/strong> en el Hogar Digital. Hacemos la vida m\u00e1s f\u00e1cil a los clientes, ayud\u00e1ndoles a sacar el m\u00e1ximo partido de sus equipos inform\u00e1ticos y dispositivos. Estamos totalmente focalizados en la satisfacci\u00f3n de nuestros clientes gracias a la atenci\u00f3n personalizada y a la adaptabilidad de nuestros servicios tecnol\u00f3gicos.<\/span><\/p>\n<p><span style=\"font-family: arial, helvetica, sans-serif;\"><img loading=\"lazy\" loading=\"lazy\" decoding=\"async\" class=\" wp-image-613 aligncenter\" src=\"http:\/\/www.syscel.com\/ns\/wp-content\/uploads\/2017\/04\/logo2-300x281.png\" alt=\"\" width=\"62\" height=\"58\" \/><\/span><\/p>\n<p style=\"text-align: center;\"><strong><span style=\"font-size: 18pt; color: #339966; font-family: arial, helvetica, sans-serif;\">EN SYSCEL NOS PREOCUPAMOS POR LAS PETICIONES DE NUESTROS CLIENTES<\/span><\/strong><\/p>\n<p style=\"text-align: center;\"><span style=\"font-family: arial, helvetica, sans-serif;\"><img loading=\"lazy\" loading=\"lazy\" decoding=\"async\" class=\"alignnone wp-image-2188\" src=\"http:\/\/www.syscel.com\/ns\/wp-content\/uploads\/2017\/04\/syscel-flecha-web-300x300.png\" alt=\"\" width=\"44\" height=\"44\" srcset=\"https:\/\/www.syscel.com\/ns\/wp-content\/uploads\/2017\/04\/syscel-flecha-web-300x300.png 300w, https:\/\/www.syscel.com\/ns\/wp-content\/uploads\/2017\/04\/syscel-flecha-web-150x150.png 150w, https:\/\/www.syscel.com\/ns\/wp-content\/uploads\/2017\/04\/syscel-flecha-web.png 631w\" sizes=\"(max-width: 44px) 100vw, 44px\" \/><\/span><\/p>\n<hr \/>\n<div id=\"caja_tabla2\">\n<div id=\"caja_tabla_img\"><img loading=\"lazy\" loading=\"lazy\" decoding=\"async\" class=\"alignnone wp-image-3141\" src=\"http:\/\/www.syscel.com\/ns\/wp-content\/uploads\/2017\/04\/syscel-icono-desplazar-1-300x202.png\" alt=\"\" width=\"30\" height=\"30\" \/><\/div>\n<div id=\"caja_tabla_titulo\"><span style=\"color: #339966;\"><strong>Desplazamiento incluido<\/strong><\/span><\/div>\n<div id=\"caja_tabla_texto\">Peri\u00f3dicamente hacemos revisiones de los equipos de esta forma prevenimos posibles aver\u00edas y conseguimos que los equipos est\u00e9n en perfecto estado de funcionamiento.<\/div>\n<\/div>\n<div id=\"caja_tabla2\">\n<div id=\"caja_tabla_img\"><span style=\"color: #339966;\"><strong><img loading=\"lazy\" loading=\"lazy\" decoding=\"async\" class=\"wp-image-2225 alignright\" src=\"http:\/\/www.syscel.com\/ns\/wp-content\/uploads\/2017\/04\/syscel-mantenimiento-icono-300x300.png\" alt=\"\" width=\"32\" height=\"32\" srcset=\"https:\/\/www.syscel.com\/ns\/wp-content\/uploads\/2017\/04\/syscel-mantenimiento-icono-300x300.png 300w, https:\/\/www.syscel.com\/ns\/wp-content\/uploads\/2017\/04\/syscel-mantenimiento-icono-150x150.png 150w, https:\/\/www.syscel.com\/ns\/wp-content\/uploads\/2017\/04\/syscel-mantenimiento-icono.png 414w\" sizes=\"(max-width: 32px) 100vw, 32px\" \/><br \/>\n<\/strong><\/span><\/div>\n<div id=\"caja_tabla_titulo\"><span style=\"color: #339966;\"><strong>Servicio T\u00e9cnico Presencial<\/strong><\/span><\/div>\n<div id=\"caja_tabla_texto\">El mantenimiento de ordenadores se realiza en el domicilio o Empresa del cliente aunque tambi\u00e9n damos asistencia remota realiz\u00e1ndola siempre por t\u00e9cnicos cualificados.<\/div>\n<\/div>\n<div id=\"caja_tabla2\">\n<div id=\"caja_tabla_img\"><img loading=\"lazy\" loading=\"lazy\" decoding=\"async\" class=\"alignnone wp-image-2220\" src=\"http:\/\/www.syscel.com\/ns\/wp-content\/uploads\/2017\/04\/syscel-icono-revisiones-286x300.png\" alt=\"\" width=\"31\" height=\"32\" srcset=\"https:\/\/www.syscel.com\/ns\/wp-content\/uploads\/2017\/04\/syscel-icono-revisiones-286x300.png 286w, https:\/\/www.syscel.com\/ns\/wp-content\/uploads\/2017\/04\/syscel-icono-revisiones-150x150.png 150w, https:\/\/www.syscel.com\/ns\/wp-content\/uploads\/2017\/04\/syscel-icono-revisiones-143x150.png 143w, https:\/\/www.syscel.com\/ns\/wp-content\/uploads\/2017\/04\/syscel-icono-revisiones.png 583w\" sizes=\"(max-width: 31px) 100vw, 31px\" \/><\/div>\n<div id=\"caja_tabla_titulo\"><span style=\"color: #339966;\"><strong>Tiempo R\u00e1pido de Respuesta<\/strong><\/span><\/div>\n<div id=\"caja_tabla_texto\">Ofrecemos un r\u00e1pido tiempo de respuesta seg\u00fan la importancia de la incidencia adapt\u00e1ndonos de la mejor forma posible al horario del cliente.<\/div>\n<\/div>\n<div id=\"caja_tabla2\">\n<div id=\"caja_tabla_img\"><span style=\"color: #339966;\"><strong><img loading=\"lazy\" loading=\"lazy\" decoding=\"async\" class=\"wp-image-2223 alignright\" src=\"http:\/\/www.syscel.com\/ns\/wp-content\/uploads\/2017\/04\/syscel-icono-revision-periodica-244x300.png\" alt=\"\" width=\"32\" height=\"30\" \/><\/strong><\/span><\/div>\n<div id=\"caja_tabla_titulo\"><span style=\"color: #339966;\"><strong>Revisiones Peri\u00f3dicas\u00a0<\/strong><\/span><\/div>\n<div id=\"caja_tabla_texto\">El Mantenimiento \u00a0inform\u00e1tico se ofrece en Alicante, San Vicente del Raspeig, San juan, Muchamiel, y alrededores. Nuestra ubicaci\u00f3n esta en San juan y el desplazamiento esta incluido.<\/div>\n<\/div>\n<div id=\"caja_tabla3\">\n<div id=\"caja_tabla_img\"><img loading=\"lazy\" loading=\"lazy\" decoding=\"async\" class=\"alignleft wp-image-3508\" src=\"http:\/\/www.syscel.com\/ns\/wp-content\/uploads\/2017\/04\/syscel-icono-software.png\" alt=\"\" width=\"50\" height=\"50\" \/><\/div>\n<div id=\"caja_tabla_titulo\"><span style=\"color: #339966; font-family: arial, helvetica, sans-serif;\">SOFTWARE<\/span><\/div>\n<div id=\"caja_tabla_texto2\" style=\"text-align: justify;\"><span style=\"font-family: arial, helvetica, sans-serif;\">El Mantenimiento del Software es un modo de mantenimiento algo m\u00e1s complejo, ya que se trata de intervenir en los programas internos de los equipos para mejorar su funcionamiento. Su complejidad radica en, que m\u00e1s que un proceso t\u00e9cnico, requiere desplegar acciones que pertenecen directamente al campo de la programaci\u00f3n inform\u00e1tica, por lo que se hace imprescindible su realizaci\u00f3n por parte de expertos, ya que de lo contrario pueden verse afectados los datos que procese y almacene \u00a0de forma regular.<\/span><\/div>\n<\/div>\n<div id=\"caja_tabla3\">\n<div id=\"caja_tabla_img\"><img loading=\"lazy\" loading=\"lazy\" decoding=\"async\" class=\"alignleft wp-image-3510\" src=\"http:\/\/www.syscel.com\/ns\/wp-content\/uploads\/2017\/04\/syscel-website-icono-300x300.png\" alt=\"\" width=\"50\" height=\"50\" srcset=\"https:\/\/www.syscel.com\/ns\/wp-content\/uploads\/2017\/04\/syscel-website-icono-300x300.png 300w, https:\/\/www.syscel.com\/ns\/wp-content\/uploads\/2017\/04\/syscel-website-icono-150x150.png 150w, https:\/\/www.syscel.com\/ns\/wp-content\/uploads\/2017\/04\/syscel-website-icono.png 492w\" sizes=\"(max-width: 50px) 100vw, 50px\" \/><\/div>\n<div id=\"caja_tabla_titulo\"><span style=\"color: #339966; font-family: arial, helvetica, sans-serif;\">SITIOS WEB<\/span><\/div>\n<div id=\"caja_tabla_texto2\" style=\"text-align: justify;\"><span style=\"font-family: arial, helvetica, sans-serif;\"> Mantenimiento y actualizaci\u00f3n de sitios web: todos sabemos la gran utilidad que tienen los sitios web para la promoci\u00f3n de una empresa, pero este debe cumplir con ciertos requisitos inform\u00e1ticos para poder competir en la web y al mismo tiempo poder soportar la cantidad de datos que se manejen dentro del sitio, adem\u00e1s de ofrecer opciones sencillas para ser administrado por los operadores de la empresa. Todas estas labores se logran gracias a un sitio bien desarrollado y con un mantenimiento adecuado.<\/span><\/div>\n<\/div>\n<div id=\"caja_tabla3\">\n<div id=\"caja_tabla_img\"><img loading=\"lazy\" loading=\"lazy\" decoding=\"async\" class=\"alignleft wp-image-3509\" src=\"http:\/\/www.syscel.com\/ns\/wp-content\/uploads\/2017\/04\/syscel-database-icono.png\" alt=\"\" width=\"50\" height=\"50\" \/><\/div>\n<div id=\"caja_tabla_titulo\"><span style=\"color: #339966; font-family: arial, helvetica, sans-serif;\">SERVIDORES Y APLICACIONES<\/span><\/div>\n<div id=\"caja_tabla_texto2\" style=\"text-align: justify;\"><span style=\"font-family: arial, helvetica, sans-serif;\"> Gesti\u00f3n de servidores y aplicaciones web: Actualmente surgen nuevos mecanismos de promoci\u00f3n de empresas y gesti\u00f3n de plataformas para optimizar el manejo de datos internos y los servicios que ofrezcan. Para ello, es necesario crear aplicaciones web y gestionar servidores alternos a nuestro servidor principal. Si su empresa necesita ayuda en estas tareas, tambi\u00e9n le ofrecemos este servicio.<\/span><\/div>\n<\/div>\n<p><span style=\"font-family: arial, helvetica, sans-serif;\"><a id=\"cajavolver\" href=\"http:\/\/www.syscel.com\/ns\/servicios\/particulares\">&lt;&lt;Volver\u00a0a particulares<\/a><\/span><\/p>\n","protected":false},"excerpt":{"rendered":"<p>Mantenimiento\u00a0inform\u00e1tico en la Provincia de Alicante in-situ en menos de 24 horas para empresas, pymes y aut\u00f3nomos. NUESTRA EXPERIENCIA EN EL SECTOR A TU SERVICIO\u00a0 Syscel les ofrece su servicio t\u00e9cnico inform\u00e1tico en Alicante, un servicio profesional y de garant\u00edas,\u00a0orientado tanto a particulares como a empresas. Disponemos de personal altamente cualificado, que atender\u00e1n su problema [&hellip;]<\/p>\n","protected":false},"author":1,"featured_media":0,"parent":636,"menu_order":0,"comment_status":"closed","ping_status":"closed","template":"","meta":{"_et_pb_use_builder":"","_et_pb_old_content":"","_et_gb_content_width":"","footnotes":""},"class_list":["post-2439","page","type-page","status-publish","hentry"],"_links":{"self":[{"href":"https:\/\/www.syscel.com\/ns\/wp-json\/wp\/v2\/pages\/2439","targetHints":{"allow":["GET"]}}],"collection":[{"href":"https:\/\/www.syscel.com\/ns\/wp-json\/wp\/v2\/pages"}],"about":[{"href":"https:\/\/www.syscel.com\/ns\/wp-json\/wp\/v2\/types\/page"}],"author":[{"embeddable":true,"href":"https:\/\/www.syscel.com\/ns\/wp-json\/wp\/v2\/users\/1"}],"replies":[{"embeddable":true,"href":"https:\/\/www.syscel.com\/ns\/wp-json\/wp\/v2\/comments?post=2439"}],"version-history":[{"count":43,"href":"https:\/\/www.syscel.com\/ns\/wp-json\/wp\/v2\/pages\/2439\/revisions"}],"predecessor-version":[{"id":6975,"href":"https:\/\/www.syscel.com\/ns\/wp-json\/wp\/v2\/pages\/2439\/revisions\/6975"}],"up":[{"embeddable":true,"href":"https:\/\/www.syscel.com\/ns\/wp-json\/wp\/v2\/pages\/636"}],"wp:attachment":[{"href":"https:\/\/www.syscel.com\/ns\/wp-json\/wp\/v2\/media?parent=2439"}],"curies":[{"name":"wp","href":"https:\/\/api.w.org\/{rel}","templated":true}]}}