{"id":706,"date":"2017-04-05T10:58:38","date_gmt":"2017-04-05T08:58:38","guid":{"rendered":"http:\/\/www.syscel.com\/ns\/?page_id=706"},"modified":"2024-03-27T10:13:41","modified_gmt":"2024-03-27T09:13:41","slug":"hotel","status":"publish","type":"page","link":"https:\/\/www.syscel.com\/ns\/servicios\/negocios-y-locales\/hotel\/","title":{"rendered":"HOTELES"},"content":{"rendered":"<div id=\"attachment_3057\" style=\"width: 1210px\" class=\"wp-caption aligncenter\"><img fetchpriority=\"high\" fetchpriority=\"high\" decoding=\"async\" aria-describedby=\"caption-attachment-3057\" class=\"wp-image-3057 size-full\" src=\"https:\/\/www.syscel.com\/ns\/wp-content\/uploads\/2017\/05\/Syscel-hotel-portada.jpg\" alt=\"\" width=\"1200\" height=\"360\" srcset=\"https:\/\/www.syscel.com\/ns\/wp-content\/uploads\/2017\/05\/Syscel-hotel-portada.jpg 1200w, https:\/\/www.syscel.com\/ns\/wp-content\/uploads\/2017\/05\/Syscel-hotel-portada-300x90.jpg 300w, https:\/\/www.syscel.com\/ns\/wp-content\/uploads\/2017\/05\/Syscel-hotel-portada-768x230.jpg 768w, https:\/\/www.syscel.com\/ns\/wp-content\/uploads\/2017\/05\/Syscel-hotel-portada-1024x307.jpg 1024w, https:\/\/www.syscel.com\/ns\/wp-content\/uploads\/2017\/05\/Syscel-hotel-portada-150x45.jpg 150w\" sizes=\"(max-width: 1200px) 100vw, 1200px\" \/><p id=\"caption-attachment-3057\" class=\"wp-caption-text\"><span style=\"font-size: 16pt; color: #339966; font-family: arial, helvetica, sans-serif;\">TODO EL CONTROL EN TUS MANOS<\/span><\/p><\/div>\n<h1 style=\"text-align: center;\"><strong><span style=\"font-size: 18pt; color: #339966; font-family: arial, helvetica, sans-serif;\">SOFTWARE PARA HOTELES\u00a0TANTO GRANDES COMO PEQUE\u00d1OS<\/span><\/strong><\/h1>\n<p style=\"text-align: justify;\"><span style=\"font-family: arial, helvetica, sans-serif;\"><img decoding=\"async\" id=\"img_cien\" class=\"alignright wp-image-2076 \" src=\"http:\/\/www.syscel.com\/ns\/wp-content\/uploads\/2017\/04\/Syscel-hotel-hostal-recepcion.jpg\" alt=\"\" width=\"343\" height=\"164\" srcset=\"https:\/\/www.syscel.com\/ns\/wp-content\/uploads\/2017\/04\/Syscel-hotel-hostal-recepcion.jpg 1540w, https:\/\/www.syscel.com\/ns\/wp-content\/uploads\/2017\/04\/Syscel-hotel-hostal-recepcion-300x144.jpg 300w, https:\/\/www.syscel.com\/ns\/wp-content\/uploads\/2017\/04\/Syscel-hotel-hostal-recepcion-768x369.jpg 768w, https:\/\/www.syscel.com\/ns\/wp-content\/uploads\/2017\/04\/Syscel-hotel-hostal-recepcion-1024x492.jpg 1024w, https:\/\/www.syscel.com\/ns\/wp-content\/uploads\/2017\/04\/Syscel-hotel-hostal-recepcion-150x72.jpg 150w\" sizes=\"(max-width: 343px) 100vw, 343px\" \/>Si tienes un Hotel, hostal, un bed and breakfast o una casa Rural, mediana o peque\u00f1a, debes contar con un software hotelero adecuado que te ayude con la gesti\u00f3n. Existe una enorme variedad de programas para la gesti\u00f3n de hoteles, algunos son basados en la web, otros son programas convencionales para instalar en el disco duro de tu ordenador, hay una amplia gama de programas con caracter\u00edsticas similares pero con algunas diferencias.<\/span><\/p>\n<p style=\"text-align: justify;\"><strong><span style=\"font-family: arial, helvetica, sans-serif;\"><img decoding=\"async\" id=\"img_cien\" class=\"wp-image-3298 alignleft\" src=\"http:\/\/www.syscel.com\/ns\/wp-content\/uploads\/2017\/04\/wifi1-300x204.jpg\" alt=\"\" width=\"343\" height=\"233\" srcset=\"https:\/\/www.syscel.com\/ns\/wp-content\/uploads\/2017\/04\/wifi1-300x204.jpg 300w, https:\/\/www.syscel.com\/ns\/wp-content\/uploads\/2017\/04\/wifi1-150x102.jpg 150w, https:\/\/www.syscel.com\/ns\/wp-content\/uploads\/2017\/04\/wifi1.jpg 470w\" sizes=\"(max-width: 343px) 100vw, 343px\" \/>\u00a0<\/span><\/strong><\/p>\n<p style=\"text-align: justify;\"><strong><span style=\"font-family: arial, helvetica, sans-serif;\">Nuestro<\/span><\/strong><span style=\"font-family: arial, helvetica, sans-serif;\">\u00a0<strong>software para Hoteles<\/strong>\u00a0es especializado en la mecanizaci\u00f3n total de la actividad administrativa, comercial y gerencial de su Hotel. Partiendo de la filosof\u00eda de \u00fanico dato, todos los m\u00f3dulos est\u00e1n conectados entre s\u00ed, enlazando y generando la Contabilidad y Estad\u00edsticas de forma autom\u00e1tica en su Hotel. Es un software preparado para hoteles de todos los tama\u00f1os, desde los m\u00e1s grandes hoteles hasta los m\u00e1s simples hostales.<\/span><\/p>\n<p style=\"text-align: justify;\"><span style=\"font-size: 16pt; color: #339966; font-family: arial, helvetica, sans-serif;\">\u00a0<\/span><\/p>\n<p style=\"text-align: justify;\"><strong><span style=\"font-size: 16pt; color: #339966; font-family: arial, helvetica, sans-serif;\">HOTELES<\/span><\/strong><\/p>\n<p>Es el <strong>software para hotel <\/strong>m\u00e1s completo del mercado. <img loading=\"lazy\" loading=\"lazy\" decoding=\"async\" id=\"img_cien\" class=\"wp-image-2080 alignright\" src=\"http:\/\/www.syscel.com\/ns\/wp-content\/uploads\/2017\/04\/Syscel-software-venta-de-habitaciones-hotel-300x176.jpg\" alt=\"\" width=\"353\" height=\"208\" srcset=\"https:\/\/www.syscel.com\/ns\/wp-content\/uploads\/2017\/04\/Syscel-software-venta-de-habitaciones-hotel-300x176.jpg 300w, https:\/\/www.syscel.com\/ns\/wp-content\/uploads\/2017\/04\/Syscel-software-venta-de-habitaciones-hotel-150x88.jpg 150w, https:\/\/www.syscel.com\/ns\/wp-content\/uploads\/2017\/04\/Syscel-software-venta-de-habitaciones-hotel.jpg 720w\" sizes=\"(max-width: 353px) 100vw, 353px\" \/>La gesti\u00f3n hotelera de <strong>Recepci\u00f3n<\/strong> tiene un manejo muy simplificado en base al control gr\u00e1fico de las habitaciones.<\/p>\n<ul style=\"text-align: justify;\">\n<li><span style=\"font-family: arial, helvetica, sans-serif;\"><strong>Gesti\u00f3n de las ventas<\/strong> en una pantalla.\u00a0<\/span><\/li>\n<li><span style=\"font-family: arial, helvetica, sans-serif;\"><strong>Software para<\/strong> salones de <strong>eventos y conexiones<\/strong>.<\/span><\/li>\n<li><span style=\"font-family: arial, helvetica, sans-serif;\">Generaci\u00f3n de <strong>llaves magn\u00e9ticas<\/strong> integradas.<\/span><\/li>\n<li><span style=\"font-family: arial, helvetica, sans-serif;\"><strong>M\u00f3dulo de fidelizaci\u00f3n<\/strong> de clientes.<\/span><\/li>\n<\/ul>\n<p style=\"text-align: justify;\"><strong><span style=\"font-size: 16pt; color: #339966; font-family: arial, helvetica, sans-serif;\">CADENA\u00a0HOTELERA<\/span><\/strong><\/p>\n<p style=\"text-align: justify;\"><span style=\"font-family: arial, helvetica, sans-serif;\"><img loading=\"lazy\" loading=\"lazy\" decoding=\"async\" id=\"img_cien\" class=\"wp-image-2078 alignright\" src=\"http:\/\/www.syscel.com\/ns\/wp-content\/uploads\/2017\/04\/Syscel-software-hotel-300x169.jpg\" alt=\"\" width=\"357\" height=\"201\" srcset=\"https:\/\/www.syscel.com\/ns\/wp-content\/uploads\/2017\/04\/Syscel-software-hotel-300x169.jpg 300w, https:\/\/www.syscel.com\/ns\/wp-content\/uploads\/2017\/04\/Syscel-software-hotel-768x432.jpg 768w, https:\/\/www.syscel.com\/ns\/wp-content\/uploads\/2017\/04\/Syscel-software-hotel-1024x576.jpg 1024w, https:\/\/www.syscel.com\/ns\/wp-content\/uploads\/2017\/04\/Syscel-software-hotel-150x84.jpg 150w, https:\/\/www.syscel.com\/ns\/wp-content\/uploads\/2017\/04\/Syscel-software-hotel.jpg 1366w\" sizes=\"(max-width: 357px) 100vw, 357px\" \/>Un <strong>software de gesti\u00f3n hotelera<\/strong> dise\u00f1ado para <strong>cadenas de hoteles o grupos empresariales<\/strong> que quieran tener los datos de la gesti\u00f3n de todos sus hoteles consolidados en un aplicativo.<\/span><\/p>\n<ul style=\"text-align: justify;\">\n<li><span style=\"font-family: arial, helvetica, sans-serif;\">Tiene\u00a0su propio <strong>consolidador<\/strong>.<\/span><\/li>\n<li><span style=\"font-family: arial, helvetica, sans-serif;\">Permite tener los <strong>contratos<\/strong> comerciales <strong>con agencias de viajes<\/strong>.<\/span><\/li>\n<li><span style=\"font-family: arial, helvetica, sans-serif;\">Incluye\u00a0<strong>m\u00f3dulo de centralizaci\u00f3n<\/strong>.<\/span><\/li>\n<li><span style=\"font-family: arial, helvetica, sans-serif;\">Una potente herramienta de <strong>seguimiento comercial<\/strong>.<\/span><\/li>\n<\/ul>\n<p style=\"text-align: justify;\"><strong><span style=\"font-size: 16pt; color: #339966; font-family: arial, helvetica, sans-serif;\">HOSTALES Y CASAS RURALES<\/span><\/strong><\/p>\n<p style=\"text-align: justify;\"><span style=\"font-family: arial, helvetica, sans-serif;\"><img loading=\"lazy\" loading=\"lazy\" decoding=\"async\" id=\"img_cien\" class=\"wp-image-2077 alignright\" src=\"http:\/\/www.syscel.com\/ns\/wp-content\/uploads\/2017\/04\/Syscel-software-casa-rural-300x212.jpg\" alt=\"\" width=\"366\" height=\"258\" srcset=\"https:\/\/www.syscel.com\/ns\/wp-content\/uploads\/2017\/04\/Syscel-software-casa-rural-300x212.jpg 300w, https:\/\/www.syscel.com\/ns\/wp-content\/uploads\/2017\/04\/Syscel-software-casa-rural-768x542.jpg 768w, https:\/\/www.syscel.com\/ns\/wp-content\/uploads\/2017\/04\/Syscel-software-casa-rural-150x106.jpg 150w, https:\/\/www.syscel.com\/ns\/wp-content\/uploads\/2017\/04\/Syscel-software-casa-rural.jpg 800w\" sizes=\"(max-width: 366px) 100vw, 366px\" \/>El software para <strong>casas rurales, hostales o peque\u00f1os hoteles<\/strong>, ya que est\u00e1 suele estar\u00a0<em>limitado a 20 habitaciones como m\u00e1ximo<\/em>. Partiendo de la filosof\u00eda de \u00fanico dato, todos los m\u00f3dulos est\u00e1n conectados entre s\u00ed, enlazando y generando la contabilidad de forma autom\u00e1tica, tanto con nuestro software<span style=\"color: #000000;\"><b>\u00a0<\/b><\/span>como con cualquier otro software.<\/span><\/p>\n<ul>\n<li style=\"text-align: justify;\"><span style=\"font-family: arial, helvetica, sans-serif;\"><strong>Venta online<\/strong> de las habitaciones.<\/span><\/li>\n<li style=\"text-align: justify;\"><span style=\"font-family: arial, helvetica, sans-serif;\"><strong>Env\u00edo de SMS<\/strong> a los clientes.<\/span><\/li>\n<li style=\"text-align: justify;\"><span style=\"font-family: arial, helvetica, sans-serif;\">Toma de <strong>comandas v\u00eda PDA o Tablet<\/strong>.<\/span><\/li>\n<li style=\"text-align: justify;\"><span style=\"font-family: arial, helvetica, sans-serif;\"><strong>Facturaci\u00f3n electr\u00f3nica<\/strong>.<\/span><\/li>\n<\/ul>\n<p><span style=\"font-family: arial, helvetica, sans-serif;\">Y muchas m\u00e1s herramientas\u00a0son las que trae este incre\u00edble software.<\/span><\/p>\n<p><span style=\"font-family: arial, helvetica, sans-serif; font-size: 14pt; color: #339966;\"><strong>Las TIC, un valor a\u00f1adido para la experiencia del cliente<\/strong><\/span><\/p>\n<p style=\"text-align: justify;\"><span style=\"font-family: arial, helvetica, sans-serif;\">La Implementaci\u00f3n de soluciones TIC en establecimientos hoteleros y de restauraci\u00f3n cuenta con el h\u00e1ndicap de influir en tr\u00e1nsito diario de los clientes. En Syscel conocemos a la perfecci\u00f3n el funcionamiento de este sector y <a href=\"http:\/\/grupoviatek.com\/modelo-de-negocio\/\"><strong>ejecutamos los proyectos<\/strong><\/a><strong>\u00a0<\/strong>minimizando ese impacto, sin que supongan retrasos en los tiempos acordados.<\/span><\/p>\n<ul>\n<li style=\"text-align: justify;\"><span style=\"font-family: arial, helvetica, sans-serif;\">Implementaci\u00f3n de <strong>Red Inal\u00e1mbrica\u00a0<\/strong>para servicios a\u00a0clientes: instalaci\u00f3n de cableado, equipos de red, APs, incidencias y mantenimiento.<\/span><\/li>\n<li style=\"text-align: justify;\"><span style=\"font-family: arial, helvetica, sans-serif;\">Instalaci\u00f3n y gobierno de<strong> Dispositivos Inteligentes<\/strong><b><i>\u00a0<\/i><\/b>para sistemas de eficiencia energ\u00e9tica, inm\u00f3tica y seguridad.<\/span><\/li>\n<li style=\"text-align: justify;\"><span style=\"font-family: arial, helvetica, sans-serif;\">Expertos en sistemas de <strong>Carteler\u00eda Digital<\/strong><b><i> <\/i><\/b>para instalaciones de marketing din\u00e1mico, informaci\u00f3n y audiovisual de gran formato.<\/span><\/li>\n<li style=\"text-align: justify;\"><span style=\"font-family: arial, helvetica, sans-serif;\">Servicio completo de puesta en marcha, optimizaci\u00f3n y actualizaci\u00f3n de <strong>equipos microinform\u00e1ticos.<\/strong><\/span><\/li>\n<li style=\"text-align: justify;\"><span style=\"font-family: arial, helvetica, sans-serif;\"><strong>Soporte t\u00e9cnico profesional<\/strong>\u00a0<em>in situ\u00a0<\/em>y remoto.\u00a0<\/span><\/li>\n<\/ul>\n<p><img loading=\"lazy\" loading=\"lazy\" decoding=\"async\" id=\"img_cien\" class=\"wp-image-3297 alignleft\" style=\"font-size: 16px;\" src=\"http:\/\/www.syscel.com\/ns\/wp-content\/uploads\/2017\/04\/wifi-300x107.jpg\" alt=\"\" width=\"364\" height=\"130\" srcset=\"https:\/\/www.syscel.com\/ns\/wp-content\/uploads\/2017\/04\/wifi-300x107.jpg 300w, https:\/\/www.syscel.com\/ns\/wp-content\/uploads\/2017\/04\/wifi-768x274.jpg 768w, https:\/\/www.syscel.com\/ns\/wp-content\/uploads\/2017\/04\/wifi-1024x366.jpg 1024w, https:\/\/www.syscel.com\/ns\/wp-content\/uploads\/2017\/04\/wifi-150x54.jpg 150w, https:\/\/www.syscel.com\/ns\/wp-content\/uploads\/2017\/04\/wifi.jpg 1400w\" sizes=\"(max-width: 364px) 100vw, 364px\" \/><\/p>\n<div id=\"img_none\" style=\"float: left; padding-left: 60px;\"><img loading=\"lazy\" loading=\"lazy\" decoding=\"async\" class=\"wp-image-3312 alignleft\" src=\"http:\/\/www.syscel.com\/ns\/wp-content\/uploads\/2017\/04\/wifi13-300x118.jpg\" alt=\"\" width=\"343\" height=\"136\" srcset=\"https:\/\/www.syscel.com\/ns\/wp-content\/uploads\/2017\/04\/wifi13-300x118.jpg 300w, https:\/\/www.syscel.com\/ns\/wp-content\/uploads\/2017\/04\/wifi13-768x303.jpg 768w, https:\/\/www.syscel.com\/ns\/wp-content\/uploads\/2017\/04\/wifi13-150x59.jpg 150w, https:\/\/www.syscel.com\/ns\/wp-content\/uploads\/2017\/04\/wifi13.jpg 939w\" sizes=\"(max-width: 343px) 100vw, 343px\" \/><\/div>\n<div id=\"img_none\"><img loading=\"lazy\" loading=\"lazy\" decoding=\"async\" class=\"size-full wp-image-3302 alignright\" src=\"http:\/\/www.syscel.com\/ns\/wp-content\/uploads\/2017\/04\/wifi7.jpg\" alt=\"\" width=\"256\" height=\"197\" srcset=\"https:\/\/www.syscel.com\/ns\/wp-content\/uploads\/2017\/04\/wifi7.jpg 256w, https:\/\/www.syscel.com\/ns\/wp-content\/uploads\/2017\/04\/wifi7-150x115.jpg 150w\" sizes=\"(max-width: 256px) 100vw, 256px\" \/><\/div>\n<p><span style=\"color: initial; font-family: arial, helvetica, sans-serif; font-size: revert; text-align: justify;\">\u00a0<\/span><\/p>\n<p><span style=\"font-size: revert; color: initial; font-family: arial, helvetica, sans-serif; text-align: justify;\">\u00a0<\/span><\/p>\n<p><span style=\"font-size: revert; color: initial; font-family: arial, helvetica, sans-serif; text-align: justify;\">\u00a0<\/span><\/p>\n<p><span style=\"font-size: revert; color: initial; font-family: arial, helvetica, sans-serif; text-align: justify;\">\u00a0<\/span><\/p>\n<p><span style=\"font-size: revert; color: initial; font-family: arial, helvetica, sans-serif; text-align: justify;\">\u00a0<\/span><\/p>\n<p><span style=\"font-size: revert; color: initial; font-family: arial, helvetica, sans-serif; text-align: justify;\">Ponemos a su servicio una <\/span><strong style=\"font-size: revert; color: initial; font-family: arial, helvetica, sans-serif; text-align: justify;\">red de t\u00e9cnicos con alta capacidad<\/strong><span style=\"font-size: revert; color: initial; font-family: arial, helvetica, sans-serif; text-align: justify;\">\u00a0para operar inmediatamente ante las demandas. De esta manera, somos capaces de asumir proyectos de gran envergadura, con el compromiso del cumplimiento de los plazos acordados.<\/span><\/p>\n<p style=\"text-align: justify;\"><span style=\"font-family: arial, helvetica, sans-serif;\">Planteamos y ejecutamos los proyectos con menor impacto en el tr\u00e1nsito diario de clientes.<\/span><span style=\"font-family: arial, helvetica, sans-serif;\">\u00a0<\/span><\/p>\n<p><img loading=\"lazy\" loading=\"lazy\" decoding=\"async\" id=\"img_cien\" class=\"wp-image-3308 alignleft\" style=\"font-size: 16px;\" src=\"http:\/\/www.syscel.com\/ns\/wp-content\/uploads\/2017\/04\/wifi12-300x200.jpg\" alt=\"\" width=\"305\" height=\"203\" srcset=\"https:\/\/www.syscel.com\/ns\/wp-content\/uploads\/2017\/04\/wifi12-300x200.jpg 300w, https:\/\/www.syscel.com\/ns\/wp-content\/uploads\/2017\/04\/wifi12-768x512.jpg 768w, https:\/\/www.syscel.com\/ns\/wp-content\/uploads\/2017\/04\/wifi12-150x100.jpg 150w, https:\/\/www.syscel.com\/ns\/wp-content\/uploads\/2017\/04\/wifi12.jpg 960w\" sizes=\"(max-width: 305px) 100vw, 305px\" \/><\/p>\n<div id=\"img_none\" style=\"float: left; padding-left: 60px;\"><img loading=\"lazy\" loading=\"lazy\" decoding=\"async\" class=\"wp-image-3305 alignleft\" style=\"font-size: 12px;\" src=\"http:\/\/www.syscel.com\/ns\/wp-content\/uploads\/2017\/04\/wifi10-300x169.jpg\" alt=\"\" width=\"362\" height=\"204\" srcset=\"https:\/\/www.syscel.com\/ns\/wp-content\/uploads\/2017\/04\/wifi10-300x169.jpg 300w, https:\/\/www.syscel.com\/ns\/wp-content\/uploads\/2017\/04\/wifi10-150x84.jpg 150w, https:\/\/www.syscel.com\/ns\/wp-content\/uploads\/2017\/04\/wifi10.jpg 672w\" sizes=\"(max-width: 362px) 100vw, 362px\" \/><\/div>\n<div id=\"img_none\"><img loading=\"lazy\" loading=\"lazy\" decoding=\"async\" class=\"size-medium wp-image-3300 alignright\" src=\"http:\/\/www.syscel.com\/ns\/wp-content\/uploads\/2017\/04\/wifi5-300x207.jpg\" alt=\"\" width=\"300\" height=\"207\" srcset=\"https:\/\/www.syscel.com\/ns\/wp-content\/uploads\/2017\/04\/wifi5-300x207.jpg 300w, https:\/\/www.syscel.com\/ns\/wp-content\/uploads\/2017\/04\/wifi5-150x103.jpg 150w, https:\/\/www.syscel.com\/ns\/wp-content\/uploads\/2017\/04\/wifi5.jpg 580w\" sizes=\"(max-width: 300px) 100vw, 300px\" \/><\/div>\n<p style=\"text-align: justify;\"><span style=\"font-family: arial, helvetica, sans-serif;\">\u00a0<\/span><\/p>\n<p style=\"text-align: justify;\"><span style=\"font-family: arial, helvetica, sans-serif;\">\u00a0<\/span><\/p>\n<p style=\"text-align: justify;\"><span style=\"font-family: arial, helvetica, sans-serif;\">\u00a0<\/span><\/p>\n<p style=\"text-align: justify;\"><span style=\"font-family: arial, helvetica, sans-serif;\">\u00a0<\/span><\/p>\n<p style=\"text-align: justify;\"><span style=\"font-family: arial, helvetica, sans-serif;\">\u00a0<\/span><span style=\"font-family: arial, helvetica, sans-serif;\"><a id=\"cajavolver\" href=\"http:\/\/www.syscel.com\/ns\/servicios\/negocios-y-locales\/\">&lt;&lt;Volver a negocios y locales<\/a><\/span><\/p>\n","protected":false},"excerpt":{"rendered":"<p>SOFTWARE PARA HOTELES\u00a0TANTO GRANDES COMO PEQUE\u00d1OS Si tienes un Hotel, hostal, un bed and breakfast o una casa Rural, mediana o peque\u00f1a, debes contar con un software hotelero adecuado que te ayude con la gesti\u00f3n. Existe una enorme variedad de programas para la gesti\u00f3n de hoteles, algunos son basados en la web, otros son programas [&hellip;]<\/p>\n","protected":false},"author":1,"featured_media":0,"parent":642,"menu_order":0,"comment_status":"closed","ping_status":"closed","template":"","meta":{"_et_pb_use_builder":"","_et_pb_old_content":"","_et_gb_content_width":"","footnotes":""},"class_list":["post-706","page","type-page","status-publish","hentry"],"_links":{"self":[{"href":"https:\/\/www.syscel.com\/ns\/wp-json\/wp\/v2\/pages\/706","targetHints":{"allow":["GET"]}}],"collection":[{"href":"https:\/\/www.syscel.com\/ns\/wp-json\/wp\/v2\/pages"}],"about":[{"href":"https:\/\/www.syscel.com\/ns\/wp-json\/wp\/v2\/types\/page"}],"author":[{"embeddable":true,"href":"https:\/\/www.syscel.com\/ns\/wp-json\/wp\/v2\/users\/1"}],"replies":[{"embeddable":true,"href":"https:\/\/www.syscel.com\/ns\/wp-json\/wp\/v2\/comments?post=706"}],"version-history":[{"count":61,"href":"https:\/\/www.syscel.com\/ns\/wp-json\/wp\/v2\/pages\/706\/revisions"}],"predecessor-version":[{"id":6842,"href":"https:\/\/www.syscel.com\/ns\/wp-json\/wp\/v2\/pages\/706\/revisions\/6842"}],"up":[{"embeddable":true,"href":"https:\/\/www.syscel.com\/ns\/wp-json\/wp\/v2\/pages\/642"}],"wp:attachment":[{"href":"https:\/\/www.syscel.com\/ns\/wp-json\/wp\/v2\/media?parent=706"}],"curies":[{"name":"wp","href":"https:\/\/api.w.org\/{rel}","templated":true}]}}