{"id":711,"date":"2017-04-05T11:04:33","date_gmt":"2017-04-05T09:04:33","guid":{"rendered":"http:\/\/www.syscel.com\/ns\/?page_id=711"},"modified":"2024-04-03T11:18:56","modified_gmt":"2024-04-03T09:18:56","slug":"agencia-de-viajes","status":"publish","type":"page","link":"https:\/\/www.syscel.com\/ns\/servicios\/negocios-y-locales\/agencia-de-viajes\/","title":{"rendered":"AGENCIA DE VIAJES"},"content":{"rendered":"<div id=\"attachment_2706\" style=\"width: 1810px\" class=\"wp-caption aligncenter\"><img fetchpriority=\"high\" fetchpriority=\"high\" decoding=\"async\" aria-describedby=\"caption-attachment-2706\" class=\"wp-image-2706 size-full\" src=\"https:\/\/www.syscel.com\/ns\/wp-content\/uploads\/2017\/04\/viajes8.jpg\" alt=\"\" width=\"1800\" height=\"500\" srcset=\"https:\/\/www.syscel.com\/ns\/wp-content\/uploads\/2017\/04\/viajes8.jpg 1800w, https:\/\/www.syscel.com\/ns\/wp-content\/uploads\/2017\/04\/viajes8-300x83.jpg 300w, https:\/\/www.syscel.com\/ns\/wp-content\/uploads\/2017\/04\/viajes8-768x213.jpg 768w, https:\/\/www.syscel.com\/ns\/wp-content\/uploads\/2017\/04\/viajes8-1024x284.jpg 1024w, https:\/\/www.syscel.com\/ns\/wp-content\/uploads\/2017\/04\/viajes8-150x42.jpg 150w\" sizes=\"(max-width: 1800px) 100vw, 1800px\" \/><p id=\"caption-attachment-2706\" class=\"wp-caption-text\"><span style=\"font-size: 14pt; color: #339966; font-family: arial, helvetica, sans-serif;\">TRANQUILIDAD EN TU GESTI\u00d3N<\/span><\/p><\/div>\n<h1 style=\"text-align: center;\"><strong><span style=\"font-size: 18pt; color: #339966; font-family: arial, helvetica, sans-serif;\">PROGRAMAS ESPECIALIZADOS PARA QUE GESTIONES TU AGENCIA<\/span><\/strong><\/h1>\n<p class=\"text-align-left\" style=\"text-align: justify;\"><span style=\"font-family: arial, helvetica, sans-serif;\"><strong>Nuestro software para agencias de viajes <\/strong>est\u00e1 homologado y recomendado por todos los principales grupos de gesti\u00f3n y franquicias del sector del turismo, que le va a permitir optimizar los procesos comerciales y administrativos de su agencia de viajes, otorg\u00e1ndole el poder del <em>control de la informaci\u00f3n<\/em> de toda su actividad.<\/span><\/p>\n<p class=\"text-align-left\" style=\"text-align: justify;\"><strong><span style=\"font-family: arial, helvetica, sans-serif;\"><span style=\"font-size: 16pt; color: #339966;\">ORGANIZACI\u00d3N Y CONTROL<\/span><\/span><\/strong><\/p>\n<p style=\"text-align: justify;\"><span style=\"font-family: arial, helvetica, sans-serif;\">No m\u00e1s papel ni agendas ni ficheros Excel, Word, Access\u2026 Nuestro<strong> software de gesti\u00f3n<\/strong>\u00a0le permite tener controlados y organizados todos los datos necesarios en la actividad diaria de la agencia.<\/span><\/p>\n<ul style=\"text-align: justify;\">\n<li><span style=\"font-family: arial, helvetica, sans-serif;\"><strong>Ten vigilados<\/strong> tanto clientes como proveedores.<\/span><\/li>\n<li><span style=\"font-family: arial, helvetica, sans-serif;\"><strong>Gestiona los pago y cobros<\/strong> con sus respectivos bancos.<\/span><\/li>\n<li><span style=\"font-family: arial, helvetica, sans-serif;\"><strong>Todas las gu\u00edas<\/strong> de hoteles, restaurantes, mayoristas, etc.<\/span><\/li>\n<li><span style=\"font-family: arial, helvetica, sans-serif;\">Y mucho m\u00e1s.<\/span><\/li>\n<\/ul>\n<p style=\"text-align: justify;\"><strong><span style=\"font-family: arial, helvetica, sans-serif;\"><span style=\"font-size: 16pt; color: #339966;\">N\u00daCLEO DEL SOFTWARE<img decoding=\"async\" class=\"alignright wp-image-2090\" src=\"https:\/\/www.syscel.com\/ns\/wp-content\/uploads\/2017\/04\/Syscel-software-agencia-de-viajes-300x220.jpeg\" alt=\"\" width=\"347\" height=\"254\" srcset=\"https:\/\/www.syscel.com\/ns\/wp-content\/uploads\/2017\/04\/Syscel-software-agencia-de-viajes-300x220.jpeg 300w, https:\/\/www.syscel.com\/ns\/wp-content\/uploads\/2017\/04\/Syscel-software-agencia-de-viajes-150x110.jpeg 150w, https:\/\/www.syscel.com\/ns\/wp-content\/uploads\/2017\/04\/Syscel-software-agencia-de-viajes.jpeg 700w\" sizes=\"(max-width: 347px) 100vw, 347px\" \/><\/span><\/span><\/strong><\/p>\n<p style=\"text-align: justify;\"><span style=\"font-family: arial, helvetica, sans-serif;\">\u00a0<\/span><span style=\"font-family: arial, helvetica, sans-serif;\">El <strong>Expediente<\/strong> es el coraz\u00f3n de la aplicaci\u00f3n\u00a0y la facilidad de uso en nuestro<strong> programa de agencias de viajes<\/strong>\u00a0y la potencia de procesos que puedes hacer. Es lo que ha hecho que nuestro software\u00a0sea el programa l\u00edder tanto en n\u00famero de usuarios como en satisfacci\u00f3n de utilizaci\u00f3n dentro del sector turismo espa\u00f1ol.<\/span><\/p>\n<p style=\"text-align: left;\">\n<h2 style=\"text-align: left;\"><strong><span style=\"color: #339966; font-family: arial, helvetica, sans-serif;\"><span style=\"font-size: 18.6667px;\">LA MEJOR SOLUCI\u00d3N PARA TU AGENCIA DE VIAJES<\/span><\/span><\/strong><\/h2>\n<div id=\"attachment_6629\" style=\"width: 1450px\" class=\"wp-caption alignnone\"><img decoding=\"async\" aria-describedby=\"caption-attachment-6629\" class=\"wp-image-6629 size-full\" src=\"https:\/\/www.syscel.com\/ns\/wp-content\/uploads\/2024\/03\/topical-e1711560532235.jpg\" alt=\"\" width=\"1440\" height=\"506\" srcset=\"https:\/\/www.syscel.com\/ns\/wp-content\/uploads\/2024\/03\/topical-e1711560532235.jpg 1440w, https:\/\/www.syscel.com\/ns\/wp-content\/uploads\/2024\/03\/topical-e1711560532235-300x105.jpg 300w, https:\/\/www.syscel.com\/ns\/wp-content\/uploads\/2024\/03\/topical-e1711560532235-1024x360.jpg 1024w, https:\/\/www.syscel.com\/ns\/wp-content\/uploads\/2024\/03\/topical-e1711560532235-768x270.jpg 768w, https:\/\/www.syscel.com\/ns\/wp-content\/uploads\/2024\/03\/topical-e1711560532235-150x53.jpg 150w, https:\/\/www.syscel.com\/ns\/wp-content\/uploads\/2024\/03\/topical-e1711560532235-600x211.jpg 600w\" sizes=\"(max-width: 1440px) 100vw, 1440px\" \/><p id=\"caption-attachment-6629\" class=\"wp-caption-text\"><span style=\"font-size: 14pt; color: #339966; font-family: arial, helvetica, sans-serif;\">TODA LA GESTI\u00d3N EN LA PALMA DE SU MANO<\/span><\/p><\/div>\n<p style=\"text-align: left;\"><span style=\"font-family: arial, helvetica, sans-serif; font-size: 14pt;\">Interfaz amigable e intuitiva. Dise\u00f1o Modular. Ventajas para Minoristas y Agencias de viajes online. Posibilidad de Gestionar y Promocionar cualquier tipo de Producto.<\/span><\/p>\n<p><span style=\"color: #339966;\"><strong>Las TIC, un valor a\u00f1adido para la experiencia del cliente<\/strong><\/span><\/p>\n<p>La Implementaci\u00f3n de soluciones TIC en Restaurantes y Bares\u00a0cuenta con el h\u00e1ndicap de influir en tr\u00e1nsito diario\u00a0de los\u00a0clientes. En Syscel conocemos a la perfecci\u00f3n el funcionamiento de este sector \u00a0y\u00a0<strong>ejecutamos los proyectos<\/strong><strong>\u00a0<\/strong>minimizando ese impacto, sin que supongan retrasos en los tiempos acordados.<\/p>\n<ul>\n<li>Implementaci\u00f3n de <strong>Red Inal\u00e1mbrica\u00a0<\/strong>para servicios a\u00a0clientes: instalaci\u00f3n de cableado, equipos de red, APs, incidencias y mantenimiento.<img loading=\"lazy\" loading=\"lazy\" decoding=\"async\" class=\"alignright size-medium wp-image-6616\" src=\"https:\/\/www.syscel.com\/ns\/wp-content\/uploads\/2024\/03\/cartelera-digital-300x169.jpg\" alt=\"\" width=\"300\" height=\"169\" srcset=\"https:\/\/www.syscel.com\/ns\/wp-content\/uploads\/2024\/03\/cartelera-digital-300x169.jpg 300w, https:\/\/www.syscel.com\/ns\/wp-content\/uploads\/2024\/03\/cartelera-digital-1024x576.jpg 1024w, https:\/\/www.syscel.com\/ns\/wp-content\/uploads\/2024\/03\/cartelera-digital-768x432.jpg 768w, https:\/\/www.syscel.com\/ns\/wp-content\/uploads\/2024\/03\/cartelera-digital-150x84.jpg 150w, https:\/\/www.syscel.com\/ns\/wp-content\/uploads\/2024\/03\/cartelera-digital-600x338.jpg 600w, https:\/\/www.syscel.com\/ns\/wp-content\/uploads\/2024\/03\/cartelera-digital.jpg 1279w\" sizes=\"(max-width: 300px) 100vw, 300px\" \/><\/li>\n<li>Instalaci\u00f3n y gobierno de<strong> Dispositivos Inteligentes<\/strong><b><i>\u00a0<\/i><\/b>para sistemas de eficiencia energ\u00e9tica, inm\u00f3tica y seguridad.<\/li>\n<li>Expertos en sistemas de <strong>Carteler\u00eda Digital<\/strong><b><i> <\/i><\/b>para instalaciones de marketing din\u00e1mico, informaci\u00f3n y audiovisual de gran formato.<\/li>\n<li>Servicio completo de puesta en marcha, optimizaci\u00f3n y actualizaci\u00f3n de <strong>equipos microinform\u00e1ticos.<\/strong><\/li>\n<li><strong>Soporte t\u00e9cnico profesional<\/strong>\u00a0<em>in situ\u00a0<\/em>y remoto.<\/li>\n<\/ul>\n<p><span style=\"font-family: arial, helvetica, sans-serif;\">\u00a0\u00a0\u00a0\u00a0<\/span><\/p>\n<p><span style=\"font-family: arial, helvetica, sans-serif;\"><a id=\"cajavolver\" href=\"http:\/\/www.syscel.com\/ns\/servicios\/negocios-y-locales\/\">&lt;&lt;Volver a negocios y locales<\/a><\/span><\/p>\n","protected":false},"excerpt":{"rendered":"<p>PROGRAMAS ESPECIALIZADOS PARA QUE GESTIONES TU AGENCIA Nuestro software para agencias de viajes est\u00e1 homologado y recomendado por todos los principales grupos de gesti\u00f3n y franquicias del sector del turismo, que le va a permitir optimizar los procesos comerciales y administrativos de su agencia de viajes, otorg\u00e1ndole el poder del control de la informaci\u00f3n de [&hellip;]<\/p>\n","protected":false},"author":1,"featured_media":0,"parent":642,"menu_order":0,"comment_status":"closed","ping_status":"closed","template":"","meta":{"_et_pb_use_builder":"","_et_pb_old_content":"","_et_gb_content_width":"","footnotes":""},"class_list":["post-711","page","type-page","status-publish","hentry"],"_links":{"self":[{"href":"https:\/\/www.syscel.com\/ns\/wp-json\/wp\/v2\/pages\/711","targetHints":{"allow":["GET"]}}],"collection":[{"href":"https:\/\/www.syscel.com\/ns\/wp-json\/wp\/v2\/pages"}],"about":[{"href":"https:\/\/www.syscel.com\/ns\/wp-json\/wp\/v2\/types\/page"}],"author":[{"embeddable":true,"href":"https:\/\/www.syscel.com\/ns\/wp-json\/wp\/v2\/users\/1"}],"replies":[{"embeddable":true,"href":"https:\/\/www.syscel.com\/ns\/wp-json\/wp\/v2\/comments?post=711"}],"version-history":[{"count":75,"href":"https:\/\/www.syscel.com\/ns\/wp-json\/wp\/v2\/pages\/711\/revisions"}],"predecessor-version":[{"id":7121,"href":"https:\/\/www.syscel.com\/ns\/wp-json\/wp\/v2\/pages\/711\/revisions\/7121"}],"up":[{"embeddable":true,"href":"https:\/\/www.syscel.com\/ns\/wp-json\/wp\/v2\/pages\/642"}],"wp:attachment":[{"href":"https:\/\/www.syscel.com\/ns\/wp-json\/wp\/v2\/media?parent=711"}],"curies":[{"name":"wp","href":"https:\/\/api.w.org\/{rel}","templated":true}]}}