{"id":712,"date":"2017-04-05T11:04:34","date_gmt":"2017-04-05T09:04:34","guid":{"rendered":"http:\/\/www.syscel.com\/ns\/?page_id=712"},"modified":"2024-03-27T18:43:03","modified_gmt":"2024-03-27T17:43:03","slug":"inmobiliaria","status":"publish","type":"page","link":"https:\/\/www.syscel.com\/ns\/servicios\/negocios-y-locales\/inmobiliaria\/","title":{"rendered":"INMOBILIARIA"},"content":{"rendered":"<div id=\"attachment_3052\" style=\"width: 1210px\" class=\"wp-caption aligncenter\"><img fetchpriority=\"high\" fetchpriority=\"high\" decoding=\"async\" aria-describedby=\"caption-attachment-3052\" class=\"wp-image-3052 size-full\" src=\"http:\/\/www.syscel.com\/ns\/wp-content\/uploads\/2017\/05\/Syscel-inmobiliaria-negocios.jpg\" alt=\"\" width=\"1200\" height=\"400\" srcset=\"https:\/\/www.syscel.com\/ns\/wp-content\/uploads\/2017\/05\/Syscel-inmobiliaria-negocios.jpg 1200w, https:\/\/www.syscel.com\/ns\/wp-content\/uploads\/2017\/05\/Syscel-inmobiliaria-negocios-300x100.jpg 300w, https:\/\/www.syscel.com\/ns\/wp-content\/uploads\/2017\/05\/Syscel-inmobiliaria-negocios-768x256.jpg 768w, https:\/\/www.syscel.com\/ns\/wp-content\/uploads\/2017\/05\/Syscel-inmobiliaria-negocios-1024x341.jpg 1024w, https:\/\/www.syscel.com\/ns\/wp-content\/uploads\/2017\/05\/Syscel-inmobiliaria-negocios-150x50.jpg 150w\" sizes=\"(max-width: 1200px) 100vw, 1200px\" \/><p id=\"caption-attachment-3052\" class=\"wp-caption-text\"><span style=\"font-size: 18pt; color: #339966; font-family: arial, helvetica, sans-serif;\">CALIDAD EN LA GESTI\u00d3N<\/span><\/p><\/div>\n<p style=\"text-align: left;\"><strong><span style=\"font-size: 18pt; color: #339966; font-family: arial, helvetica, sans-serif;\">EL SOFTWARE INMOBILIARIO QUE LO TIENE TODO. PAGA SOLO POR LO QUE NECESITES.<\/span><\/strong><\/p>\n<p><span style=\"font-family: arial, helvetica, sans-serif;\">Programa de sencillo aprendizaje que simula el trabajo natural de una agencia inmobiliaria: desde la <b>captaci\u00f3n<\/b> del inmueble hasta su <b>comercializaci\u00f3n, gesti\u00f3n de clientes y ventas<\/b> y su posterior <b>control y an\u00e1lisis de las operaciones<\/b>. Si necesitas el software adecuado para la captaci\u00f3n del inmueble esta es tu mejor opci\u00f3n, disponemos de las opciones que necesites siempre respetando las necesidades del cliente.<\/span><\/p>\n<p><strong><span style=\"font-size: 16pt; color: #339966; font-family: arial, helvetica, sans-serif;\">MULTIDISPOSITIVO<\/span><\/strong><\/p>\n<p><span style=\"font-family: arial, helvetica, sans-serif;\"><b><img decoding=\"async\" id=\"img_cien\" class=\" wp-image-1994 alignright\" src=\"http:\/\/www.syscel.com\/ns\/wp-content\/uploads\/2017\/04\/macpro-300x173.png\" alt=\"\" width=\"376\" height=\"218\" srcset=\"https:\/\/www.syscel.com\/ns\/wp-content\/uploads\/2017\/04\/macpro-300x173.png 300w, https:\/\/www.syscel.com\/ns\/wp-content\/uploads\/2017\/04\/macpro-150x87.png 150w, https:\/\/www.syscel.com\/ns\/wp-content\/uploads\/2017\/04\/macpro.png 430w\" sizes=\"(max-width: 376px) 100vw, 376px\" \/>Donde quieras y cuando quieras<\/b><\/span><br \/>\n<span style=\"font-family: arial, helvetica, sans-serif;\"> Puedes trabajar en tu casa, en la oficina, desde una tablet o un smartphone.<\/span><\/p>\n<ul>\n<li><span style=\"font-family: arial, helvetica, sans-serif;\">Accesible desde ordenadores.<\/span><\/li>\n<li><span style=\"font-family: arial, helvetica, sans-serif;\">Accesible desde tablets.<\/span><\/li>\n<li><span style=\"font-family: arial, helvetica, sans-serif;\">Accesible desde m\u00f3viles.<\/span><\/li>\n<\/ul>\n<p><strong><span style=\"font-size: 16pt; color: #339966; font-family: arial, helvetica, sans-serif;\">PUBLICACI\u00d3N AUTOM\u00c1TICA EN PORTALES INMOBILIARIOS<\/span><\/strong><\/p>\n<p><span style=\"font-family: arial, helvetica, sans-serif;\"><b><img decoding=\"async\" id=\"img_cien\" class=\"wp-image-1991 alignright\" src=\"http:\/\/www.syscel.com\/ns\/wp-content\/uploads\/2017\/04\/ipad-300x209.png\" width=\"319\" height=\"222\" srcset=\"https:\/\/www.syscel.com\/ns\/wp-content\/uploads\/2017\/04\/ipad-300x209.png 300w, https:\/\/www.syscel.com\/ns\/wp-content\/uploads\/2017\/04\/ipad-150x105.png 150w, https:\/\/www.syscel.com\/ns\/wp-content\/uploads\/2017\/04\/ipad.png 430w\" sizes=\"(max-width: 319px) 100vw, 319px\" \/>Aumenta tu visibilidad en Internet<\/b><\/span><br \/>\n<span style=\"font-family: arial, helvetica, sans-serif;\"> Publica tu cartera de una forma f\u00e1cil y r\u00e1pida en:<\/span><\/p>\n<ul>\n<li><span style=\"font-family: arial, helvetica, sans-serif;\">Los principales portales inmobiliarios.<\/span><\/li>\n<li><span style=\"font-family: arial, helvetica, sans-serif;\">Tus redes sociales.<\/span><\/li>\n<\/ul>\n<p><strong><span style=\"font-size: 16pt; color: #339966; font-family: arial, helvetica, sans-serif;\">SMART AGENT APP<\/span><\/strong><\/p>\n<p><span style=\"font-family: arial, helvetica, sans-serif;\"><b>Trabaja fuera de la oficina y no pierdas oportunidades<\/b><\/span><\/p>\n<div id=\"img_none\"><\/div>\n<p><img loading=\"lazy\" loading=\"lazy\" decoding=\"async\" id=\"img_cien\" class=\" wp-image-1997 alignright\" src=\"http:\/\/www.syscel.com\/ns\/wp-content\/uploads\/2017\/04\/OnSIP-Smart-Queue-300x165.png\" alt=\"\" width=\"264\" height=\"145\" srcset=\"https:\/\/www.syscel.com\/ns\/wp-content\/uploads\/2017\/04\/OnSIP-Smart-Queue-300x165.png 300w, https:\/\/www.syscel.com\/ns\/wp-content\/uploads\/2017\/04\/OnSIP-Smart-Queue-768x423.png 768w, https:\/\/www.syscel.com\/ns\/wp-content\/uploads\/2017\/04\/OnSIP-Smart-Queue-1024x564.png 1024w, https:\/\/www.syscel.com\/ns\/wp-content\/uploads\/2017\/04\/OnSIP-Smart-Queue-150x83.png 150w\" sizes=\"(max-width: 264px) 100vw, 264px\" \/><\/p>\n<ul>\n<li style=\"text-align: justify;\"><span style=\"font-family: arial, helvetica, sans-serif;\">Consulta y gestiona tu agenda (visitas, captaciones, entrevistas, etc).<\/span><\/li>\n<li style=\"text-align: justify;\"><span style=\"font-family: arial, helvetica, sans-serif;\">Accede a tu cartera de inmuebles y actualiza la informaci\u00f3n desde cualquier punto.<\/span><\/li>\n<li style=\"text-align: justify;\"><span style=\"font-family: arial, helvetica, sans-serif;\">Visualiza y\/o modifica todos los contactos que tienes en tu programa.<\/span><\/li>\n<li style=\"text-align: justify;\"><span style=\"font-family: arial, helvetica, sans-serif;\">Personaliza la app con los colores que m\u00e1s te gusten y a\u00f1adiendo una foto.<\/span><\/li>\n<li style=\"text-align: justify;\"><span style=\"font-family: arial, helvetica, sans-serif;\">Tus clientes podr\u00e1n firmar la hoja de visita directamente en el smartphone.<\/span><\/li>\n<\/ul>\n<p><strong><span style=\"font-size: 16pt; color: #339966; font-family: arial, helvetica, sans-serif;\"><span style=\"font-size: 16pt;\">CARTERA COMPARTIDA<\/span><\/span><\/strong><\/p>\n<p><span style=\"font-size: 16pt; color: #339966; font-family: arial, helvetica, sans-serif;\"><img loading=\"lazy\" loading=\"lazy\" decoding=\"async\" id=\"img_cien\" class=\"size-medium wp-image-3344 alignright\" src=\"http:\/\/www.syscel.com\/ns\/wp-content\/uploads\/2017\/04\/inmobiliaria16-300x200.png\" alt=\"\" width=\"300\" height=\"200\" srcset=\"https:\/\/www.syscel.com\/ns\/wp-content\/uploads\/2017\/04\/inmobiliaria16-300x200.png 300w, https:\/\/www.syscel.com\/ns\/wp-content\/uploads\/2017\/04\/inmobiliaria16-150x100.png 150w, https:\/\/www.syscel.com\/ns\/wp-content\/uploads\/2017\/04\/inmobiliaria16.png 450w\" sizes=\"(max-width: 300px) 100vw, 300px\" \/><\/span><span style=\"font-family: arial, helvetica, sans-serif;\"><b><b><b><b><b><b><b><b><b><b><b>Aumenta tus posibilidades de venta<\/b><\/b><\/b><\/b><\/b><\/b><\/b><\/b><\/b><\/b><\/b><\/span><\/p>\n<p><span style=\"font-family: arial, helvetica, sans-serif;\">Aumenta tus activos mediante la colaboraci\u00f3n profesional en red.<\/span><\/p>\n<ul>\n<li style=\"text-align: justify;\"><span style=\"font-family: arial, helvetica, sans-serif;\">Tus productos compartidos con otras agencias de confianza (MLS y asociaciones).<\/span><\/li>\n<li><span style=\"font-family: arial, helvetica, sans-serif;\">Intranet colaborativa activa.<\/span><\/li>\n<\/ul>\n<p><span style=\"font-family: arial, helvetica, sans-serif;\">Decide qu\u00e9 y con qui\u00e9n compartes mediante la gesti\u00f3n de permisos.<\/span><\/p>\n<p><strong><span style=\"font-size: 16pt; color: #339966; font-family: arial, helvetica, sans-serif;\">WEB INMOBILIARIA<\/span><\/strong><\/p>\n<ul class=\"int\">\n<li style=\"text-align: justify;\"><span style=\"font-family: arial, helvetica, sans-serif;\">Tus potenciales clientes volver\u00e1n a por m\u00e1s inmuebles con una web a tu medida<\/span><br \/>\n<span style=\"font-family: arial, helvetica, sans-serif;\"> Mant\u00e9n los inmuebles de tu web actualizados sin preocuparte de nada, en una web adaptada a cualquier dispositivo.<\/span><\/li>\n<li style=\"text-align: justify;\"><span style=\"font-family: arial, helvetica, sans-serif;\">Gracias a una web dise\u00f1ada para ti.<\/span><\/li>\n<li style=\"text-align: justify;\"><span style=\"font-family: arial, helvetica, sans-serif;\">Abre tu inmobiliaria <b>24 horas al d\u00eda<\/b> durante todo el a\u00f1o.<\/span><\/li>\n<li style=\"text-align: justify;\"><span style=\"font-family: arial, helvetica, sans-serif;\">Muestra el <b>valor de tu marca<\/b> con un dise\u00f1o moderno.<\/span><\/li>\n<li style=\"text-align: justify;\"><span style=\"font-family: arial, helvetica, sans-serif;\">Nos adaptamos a tu imagen corporativa con <b>diferentes modelos<\/b> a elegir.<\/span><\/li>\n<li style=\"text-align: justify;\"><span style=\"font-family: arial, helvetica, sans-serif;\">Gestionamos tu <b>dominio propio<\/b> y <b>cuentas de correo.<\/b><\/span><\/li>\n<li style=\"text-align: justify;\"><span style=\"font-family: arial, helvetica, sans-serif;\">El m\u00f3vil importa: la mayor\u00eda de los clientes busca inmuebles a trav\u00e9s de internet y <b>m\u00e1s del 50% lo hace a trav\u00e9s de un dispositivo m\u00f3vil.<\/b><\/span><\/li>\n<li style=\"text-align: justify;\"><span style=\"font-family: arial, helvetica, sans-serif;\"><b>Actualiza autom\u00e1ticamente<\/b> y sin l\u00edmite de inmuebles desde nuestro Software de Gesti\u00f3n Inmobiliaria.<\/span><\/li>\n<li style=\"text-align: justify;\"><span style=\"font-family: arial, helvetica, sans-serif;\">Ofrece siempre todo tu producto con el potente <b>buscador de inmuebles<\/b> por tipo de inmueble o familia, powered by pisos.com.<br \/>\n<\/span><\/li>\n<li style=\"text-align: justify;\"><span style=\"font-family: arial, helvetica, sans-serif;\">Aparece en m\u00e1s resultados de b\u00fasqueda gracias a la <b>indexaci\u00f3n completa del site<\/b> en los buscadores.<\/span><\/li>\n<li style=\"text-align: justify;\"><span style=\"font-family: arial, helvetica, sans-serif;\">Llega a m\u00e1s clientes potenciales con tu web <strong>multiling\u00fce<\/strong>: espa\u00f1ol, ingl\u00e9s, franc\u00e9s, alem\u00e1n, chino, ruso y catal\u00e1n.<\/span><\/li>\n<li style=\"text-align: justify;\"><span style=\"font-family: arial, helvetica, sans-serif;\">No perder\u00e1s oportunidades de negocio gracias a la <b>descarga autom\u00e1tica de contactos<\/b> generados en Nuestro Software de Gesti\u00f3n Inmobiliaria ONLINE.<\/span><\/li>\n<li style=\"text-align: justify;\"><span style=\"font-family: arial, helvetica, sans-serif;\">P\u00e1gina de contacto con formulario y <b>Google Maps<\/b> para facilitar la localizaci\u00f3n de tu inmobiliaria.<\/span><\/li>\n<li style=\"text-align: justify;\"><span style=\"font-family: arial, helvetica, sans-serif;\"><b>Back office de gesti\u00f3n<\/b> para modificaciones de tu web.<\/span><\/li>\n<\/ul>\n<p><strong><span style=\"font-size: 16pt; color: #339966; font-family: arial, helvetica, sans-serif;\">CONEXI\u00d3N FACEBOOK<\/span><\/strong><\/p>\n<p><span style=\"font-family: arial, helvetica, sans-serif;\"><b><b><b><b><b><b><b><b><b><b><b>Llega a m\u00e1s interesados gracias al potencial de la mayor red social del mundo.<\/b><\/b><\/b><\/b><\/b><\/b><\/b><\/b><\/b><\/b><\/b><\/span><\/p>\n<div class=\"cntBlue\">\n<div class=\"container intBloq\">\n<div class=\"row\">\n<div class=\"col-md-6 bloqSepar\">\n<p style=\"text-align: justify;\"><span style=\"font-family: arial, helvetica, sans-serif;\"><img loading=\"lazy\" loading=\"lazy\" decoding=\"async\" id=\"img_cien\" class=\"size-medium wp-image-1998 alignright\" src=\"http:\/\/www.syscel.com\/ns\/wp-content\/uploads\/2017\/04\/sin-conexion-facebook-300x144.jpg\" alt=\"\" width=\"300\" height=\"144\" srcset=\"https:\/\/www.syscel.com\/ns\/wp-content\/uploads\/2017\/04\/sin-conexion-facebook-300x144.jpg 300w, https:\/\/www.syscel.com\/ns\/wp-content\/uploads\/2017\/04\/sin-conexion-facebook-150x72.jpg 150w, https:\/\/www.syscel.com\/ns\/wp-content\/uploads\/2017\/04\/sin-conexion-facebook.jpg 720w\" sizes=\"(max-width: 300px) 100vw, 300px\" \/>Crea un buscador de inmuebles dentro del perfil de Facebook de tu empresa.<\/span><\/p>\n<p style=\"text-align: justify;\"><span style=\"font-family: arial, helvetica, sans-serif;\">Publica tu cartera autom\u00e1ticamente desde HabitatSoft Gesti\u00f3n Inmobiliaria como si fuera un portal m\u00e1s.<\/span><\/p>\n<p style=\"text-align: justify;\"><span style=\"font-family: arial, helvetica, sans-serif;\">Los contactos generados se integrar\u00e1n autom\u00e1ticamente en tu Software.\u00a0<\/span><\/p>\n<\/div>\n<div class=\"col-md-6 text-center\">\n<div id=\"attachment_6653\" style=\"width: 1210px\" class=\"wp-caption alignnone\"><img loading=\"lazy\" loading=\"lazy\" decoding=\"async\" aria-describedby=\"caption-attachment-6653\" class=\"wp-image-6653 size-full\" src=\"https:\/\/www.syscel.com\/ns\/wp-content\/uploads\/2024\/03\/proyecto-e1711561219741.jpg\" alt=\"\" width=\"1200\" height=\"464\" srcset=\"https:\/\/www.syscel.com\/ns\/wp-content\/uploads\/2024\/03\/proyecto-e1711561219741.jpg 1200w, https:\/\/www.syscel.com\/ns\/wp-content\/uploads\/2024\/03\/proyecto-e1711561219741-300x116.jpg 300w, https:\/\/www.syscel.com\/ns\/wp-content\/uploads\/2024\/03\/proyecto-e1711561219741-1024x396.jpg 1024w, https:\/\/www.syscel.com\/ns\/wp-content\/uploads\/2024\/03\/proyecto-e1711561219741-768x297.jpg 768w, https:\/\/www.syscel.com\/ns\/wp-content\/uploads\/2024\/03\/proyecto-e1711561219741-150x58.jpg 150w, https:\/\/www.syscel.com\/ns\/wp-content\/uploads\/2024\/03\/proyecto-e1711561219741-600x232.jpg 600w\" sizes=\"(max-width: 1200px) 100vw, 1200px\" \/><p id=\"caption-attachment-6653\" class=\"wp-caption-text\"><strong><span style=\"font-size: 18pt; color: #339966;\">VISUALIZAMOS TUS PROYECTOS\u00a0<\/span><\/strong><\/p><\/div>\n<p><span style=\"font-size: 12pt;\"><strong><span style=\"color: #339966; font-family: arial, helvetica, sans-serif;\">Las TIC, un valor a\u00f1adido para la experiencia del cliente<\/span><\/strong><\/span><\/p>\n<p style=\"text-align: justify;\"><span style=\"font-family: arial, helvetica, sans-serif;\">La Implementaci\u00f3n de soluciones TIC en Inmobiliarias cuenta con el h\u00e1ndicap de influir en tr\u00e1nsito diario\u00a0de los\u00a0clientes. En Syscel conocemos a la perfecci\u00f3n el funcionamiento de este sector y\u00a0<strong>ejecutamos los proyectos<\/strong><strong>\u00a0<\/strong>minimizando ese impacto, sin que supongan retrasos en los tiempos acordados.<\/span><\/p>\n<ul>\n<li style=\"text-align: justify;\"><span style=\"font-family: arial, helvetica, sans-serif;\">Implementaci\u00f3n de <strong>Red Inal\u00e1mbrica\u00a0<\/strong>para servicios a\u00a0clientes: instalaci\u00f3n de cableado, equipos de red, APs, incidencias y mantenimiento.<\/span><\/li>\n<li style=\"text-align: justify;\"><span style=\"font-family: arial, helvetica, sans-serif;\">Instalaci\u00f3n y gobierno de<strong> Dispositivos Inteligentes<\/strong><b><i>\u00a0<\/i><\/b>para sistemas de eficiencia energ\u00e9tica, inm\u00f3tica y seguridad.<\/span><\/li>\n<li style=\"text-align: justify;\"><span style=\"font-family: arial, helvetica, sans-serif;\">Expertos en sistemas de <strong>Carteler\u00eda Digital<\/strong><b><i> <\/i><\/b>para instalaciones de marketing din\u00e1mico, informaci\u00f3n y audiovisual de gran formato.<\/span><\/li>\n<li style=\"text-align: justify;\"><span style=\"font-family: arial, helvetica, sans-serif;\">Servicio completo de puesta en marcha, optimizaci\u00f3n y actualizaci\u00f3n de <strong>equipos microinform\u00e1ticos.<\/strong><\/span><\/li>\n<li style=\"text-align: justify;\"><span style=\"font-family: arial, helvetica, sans-serif;\"><strong>Soporte t\u00e9cnico profesional<\/strong>\u00a0<em>in situ\u00a0<\/em>y remoto.<\/span><\/li>\n<\/ul>\n<\/div>\n<\/div>\n<\/div>\n<\/div>\n<div id=\"img_none\" style=\"float: left; padding-left: 100px;\"><\/div>\n<div id=\"img_none\"><\/div>\n<div class=\"cntBlue\">\n<div class=\"container intBloq\">\n<div class=\"row\">\n<div class=\"col-md-6 text-center\"><span style=\"font-size: 12pt; font-family: arial, helvetica, sans-serif;\">\u00a0<\/span><\/div>\n<div class=\"col-md-6 text-center\"><span style=\"font-size: 12pt; font-family: arial, helvetica, sans-serif;\">\u00a0<\/span><\/div>\n<div class=\"col-md-6 text-center\"><span style=\"font-size: 12pt; font-family: arial, helvetica, sans-serif;\">\u00a0<\/span><\/div>\n<div class=\"col-md-6 text-center\"><span style=\"font-size: 12pt; font-family: arial, helvetica, sans-serif;\">\u00a0<\/span><\/div>\n<div class=\"col-md-6 text-center\"><span style=\"font-size: 12pt; font-family: arial, helvetica, sans-serif;\"><a id=\"cajavolver\" href=\"http:\/\/www.syscel.com\/ns\/servicios\/negocios-y-locales\/\">&lt;&lt;Volver a negocios y locales<\/a><\/span><\/div>\n<\/div>\n<\/div>\n<\/div>\n","protected":false},"excerpt":{"rendered":"<p>EL SOFTWARE INMOBILIARIO QUE LO TIENE TODO. PAGA SOLO POR LO QUE NECESITES. Programa de sencillo aprendizaje que simula el trabajo natural de una agencia inmobiliaria: desde la captaci\u00f3n del inmueble hasta su comercializaci\u00f3n, gesti\u00f3n de clientes y ventas y su posterior control y an\u00e1lisis de las operaciones. Si necesitas el software adecuado para la [&hellip;]<\/p>\n","protected":false},"author":1,"featured_media":0,"parent":642,"menu_order":0,"comment_status":"closed","ping_status":"closed","template":"","meta":{"_et_pb_use_builder":"","_et_pb_old_content":"","_et_gb_content_width":"","footnotes":""},"class_list":["post-712","page","type-page","status-publish","hentry"],"_links":{"self":[{"href":"https:\/\/www.syscel.com\/ns\/wp-json\/wp\/v2\/pages\/712","targetHints":{"allow":["GET"]}}],"collection":[{"href":"https:\/\/www.syscel.com\/ns\/wp-json\/wp\/v2\/pages"}],"about":[{"href":"https:\/\/www.syscel.com\/ns\/wp-json\/wp\/v2\/types\/page"}],"author":[{"embeddable":true,"href":"https:\/\/www.syscel.com\/ns\/wp-json\/wp\/v2\/users\/1"}],"replies":[{"embeddable":true,"href":"https:\/\/www.syscel.com\/ns\/wp-json\/wp\/v2\/comments?post=712"}],"version-history":[{"count":43,"href":"https:\/\/www.syscel.com\/ns\/wp-json\/wp\/v2\/pages\/712\/revisions"}],"predecessor-version":[{"id":7055,"href":"https:\/\/www.syscel.com\/ns\/wp-json\/wp\/v2\/pages\/712\/revisions\/7055"}],"up":[{"embeddable":true,"href":"https:\/\/www.syscel.com\/ns\/wp-json\/wp\/v2\/pages\/642"}],"wp:attachment":[{"href":"https:\/\/www.syscel.com\/ns\/wp-json\/wp\/v2\/media?parent=712"}],"curies":[{"name":"wp","href":"https:\/\/api.w.org\/{rel}","templated":true}]}}