{"id":719,"date":"2017-04-05T11:07:20","date_gmt":"2017-04-05T09:07:20","guid":{"rendered":"http:\/\/www.syscel.com\/ns\/?page_id=719"},"modified":"2024-04-03T11:23:14","modified_gmt":"2024-04-03T09:23:14","slug":"restaurantes-bares","status":"publish","type":"page","link":"https:\/\/www.syscel.com\/ns\/servicios\/negocios-y-locales\/restaurantes-bares\/","title":{"rendered":"RESTAURANTES Y BARES"},"content":{"rendered":"<div id=\"attachment_3061\" style=\"width: 1210px\" class=\"wp-caption aligncenter\"><img fetchpriority=\"high\" fetchpriority=\"high\" decoding=\"async\" aria-describedby=\"caption-attachment-3061\" class=\"wp-image-3061 size-full\" src=\"https:\/\/www.syscel.com\/ns\/wp-content\/uploads\/2017\/05\/Syscel-resturante-negocio-portada.jpg\" alt=\"\" width=\"1200\" height=\"401\" srcset=\"https:\/\/www.syscel.com\/ns\/wp-content\/uploads\/2017\/05\/Syscel-resturante-negocio-portada.jpg 1200w, https:\/\/www.syscel.com\/ns\/wp-content\/uploads\/2017\/05\/Syscel-resturante-negocio-portada-300x100.jpg 300w, https:\/\/www.syscel.com\/ns\/wp-content\/uploads\/2017\/05\/Syscel-resturante-negocio-portada-768x257.jpg 768w, https:\/\/www.syscel.com\/ns\/wp-content\/uploads\/2017\/05\/Syscel-resturante-negocio-portada-1024x342.jpg 1024w, https:\/\/www.syscel.com\/ns\/wp-content\/uploads\/2017\/05\/Syscel-resturante-negocio-portada-150x50.jpg 150w\" sizes=\"(max-width: 1200px) 100vw, 1200px\" \/><p id=\"caption-attachment-3061\" class=\"wp-caption-text\"><span style=\"font-size: 16pt; color: #339966; font-family: arial, helvetica, sans-serif;\"> ORGULLOSO DE TU ATENCI\u00d3N<\/span><\/p><\/div>\n<p style=\"text-align: center;\"><strong><span style=\"font-size: 18pt; color: #339966; font-family: arial, helvetica, sans-serif;\">EL PROGRAMA ESPECIALIZADO PARA BARES Y RESTAURANTES<\/span><\/strong><\/p>\n<p style=\"text-align: justify;\"><span style=\"font-family: arial, helvetica, sans-serif;\"><strong><img decoding=\"async\" id=\"img_cien\" class=\"wp-image-2061 alignright\" src=\"http:\/\/www.syscel.com\/ns\/wp-content\/uploads\/2017\/04\/syscel-bar-restaurante-tpv-300x300.jpg\" alt=\"\" width=\"284\" height=\"284\" srcset=\"https:\/\/www.syscel.com\/ns\/wp-content\/uploads\/2017\/04\/syscel-bar-restaurante-tpv-300x300.jpg 300w, https:\/\/www.syscel.com\/ns\/wp-content\/uploads\/2017\/04\/syscel-bar-restaurante-tpv-150x150.jpg 150w, https:\/\/www.syscel.com\/ns\/wp-content\/uploads\/2017\/04\/syscel-bar-restaurante-tpv.jpg 360w\" sizes=\"(max-width: 284px) 100vw, 284px\" \/><\/strong><\/span><\/p>\n<p style=\"text-align: justify;\"><span style=\"font-family: arial, helvetica, sans-serif;\"><strong>\u00a0<\/strong><\/span><\/p>\n<p style=\"text-align: justify;\"><span style=\"font-family: arial, helvetica, sans-serif;\"><strong>M\u00e1s de 12 a\u00f1os acompa\u00f1\u00e1ndote a atender y servir a tus clientes<\/strong>, nuestros programas le proporcionaran la<strong> gesti\u00f3n total de su bar o restaurante<\/strong> de una <strong>forma f\u00e1cil de usar, intuitiva y sin necesidad de tener conocimientos en inform\u00e1tica o en contabilidad<\/strong>. No se tendr\u00e1 que preocupar de nada, se puede instalar la versi\u00f3n demostrativa para que pueda utilizarla, analizarla y valorarla totalmente gratis para que en el momento de tomar la decisi\u00f3n no tenga la menor duda.<\/span><\/p>\n<p><span id=\"img_none\" style=\"font-family: arial, helvetica, sans-serif;\">\u00a0<\/span><\/p>\n<p><strong><span style=\"font-size: 16pt; color: #339966; font-family: arial, helvetica, sans-serif;\">\u00a0<\/span><\/strong><\/p>\n<p><strong><span style=\"font-size: 16pt; color: #339966; font-family: arial, helvetica, sans-serif;\">DESCRIPCI\u00d3N<\/span><\/strong><\/p>\n<p style=\"text-align: justify;\"><span style=\"font-family: arial, helvetica, sans-serif;\"><strong><img decoding=\"async\" id=\"img_cien\" class=\"wp-image-2057 alignright\" src=\"http:\/\/www.syscel.com\/ns\/wp-content\/uploads\/2017\/04\/syscel-tpv-restaurantes-bares-300x190.jpg\" alt=\"\" width=\"336\" height=\"213\" srcset=\"https:\/\/www.syscel.com\/ns\/wp-content\/uploads\/2017\/04\/syscel-tpv-restaurantes-bares-300x190.jpg 300w, https:\/\/www.syscel.com\/ns\/wp-content\/uploads\/2017\/04\/syscel-tpv-restaurantes-bares-768x487.jpg 768w, https:\/\/www.syscel.com\/ns\/wp-content\/uploads\/2017\/04\/syscel-tpv-restaurantes-bares-1024x649.jpg 1024w, https:\/\/www.syscel.com\/ns\/wp-content\/uploads\/2017\/04\/syscel-tpv-restaurantes-bares-150x95.jpg 150w, https:\/\/www.syscel.com\/ns\/wp-content\/uploads\/2017\/04\/syscel-tpv-restaurantes-bares.jpg 1600w\" sizes=\"(max-width: 336px) 100vw, 336px\" \/>Nuestro programa es ideal para la mecanizaci\u00f3n total de la actividad administrativa y comercial de cualquier establecimiento,<\/strong> \u00a0adem\u00e1s podemos tener distintas zonas como <strong>(barras, terrazas, salones&#8230; con configuraciones gr\u00e1ficas en pantalla)<\/strong>. <strong>El sistema es muy sencillo<\/strong>: uno o m\u00e1s camareros encargados de recoger las comandas llevan un terminal de mano t\u00e1ctil y visual. Desde \u00e9l, con solo apoyar el dedo sin necesidad de claves, podr\u00e1 abrir mesas, tomar la comanda, admitir sugerencias, enviar a cocina y bodega, pedir la cuenta, cobrar&#8230;\u00a0<strong>La amortizaci\u00f3n del sistema se hace r\u00e1pidamente gracias al ahorro de costes<\/strong>, aumentando la rapidez y fiabilidad en el servicio \u00a0<strong>dando al restaurante la imagen de empresa innovadora.<\/strong><\/span><\/p>\n<p style=\"text-align: justify;\"><span style=\"font-family: arial, helvetica, sans-serif;\"><strong>Control total mediante Tablets y PDAs para pedidos en mesa<\/strong> con env\u00edo directo de comandas a cocina. Todo con la<strong> facilidad de manejo caracter\u00edstica de nuestro Software.<\/strong><\/span><\/p>\n<p style=\"text-align: justify;\"><span style=\"font-family: arial, helvetica, sans-serif;\"><strong>Puede trabajar de forma aut\u00f3noma como monopuesto o puede conectar en red todos los TPVs de su local<\/strong>, centralizando as\u00ed la gesti\u00f3n de los mismos a un solo punto o equipo servidor, el cual tambi\u00e9n puede ser uno de los TPV si lo desea, reduciendo as\u00ed los costes de su instalaci\u00f3n.<\/span><\/p>\n<p><strong><span style=\"font-size: 16pt; font-family: arial, helvetica, sans-serif;\"><span style=\"color: #339966;\">PRINCIPALES CARACTER\u00cdSTICAS<\/span><\/span><\/strong><\/p>\n<ul>\n<li style=\"text-align: justify;\"><span style=\"font-family: arial, helvetica, sans-serif;\"><strong>Control de personal<\/strong>, <strong>camareros<\/strong>, <strong>ventas<\/strong> de cada uno y consumos personales e invitaciones.<\/span><\/li>\n<li style=\"text-align: justify;\"><span style=\"font-family: arial, helvetica, sans-serif;\"><strong>Gesti\u00f3n de clientes<\/strong>, <strong>tarifas<\/strong> y <strong>descuentos<\/strong> por cliente, terminal y sal\u00f3n.<\/span><\/li>\n<li style=\"text-align: justify;\"><span style=\"font-family: arial, helvetica, sans-serif;\"><strong>Control exhaustivo de stock<\/strong> y <strong>existencias<\/strong>, controlando escandallo, proporciones y art\u00edculos compuestos.<\/span><\/li>\n<li style=\"text-align: justify;\"><span style=\"font-family: arial, helvetica, sans-serif;\"><strong>Salones gr\u00e1ficos configurables<\/strong>, art\u00edculos autom\u00e1ticos, contador de comensales.<\/span><\/li>\n<li style=\"text-align: justify;\"><span style=\"font-family: arial, helvetica, sans-serif;\"><strong>Grabaci\u00f3n de l\u00edneas<\/strong> eliminadas para control del personal, as\u00ed como control de permisos y asignaci\u00f3n de contrase\u00f1as.<\/span><\/li>\n<li style=\"text-align: justify;\"><span style=\"font-family: arial, helvetica, sans-serif;\"><strong>Listados e informes<\/strong> de compra y venta, cierres de cajas, estad\u00edsticas, inventario y stock.<\/span><\/li>\n<\/ul>\n<p><img loading=\"lazy\" loading=\"lazy\" decoding=\"async\" id=\"img_cien\" class=\"size-medium wp-image-1217 alignright\" src=\"http:\/\/www.syscel.com\/ns\/wp-content\/uploads\/2017\/04\/productos-1-300x169.jpg\" alt=\"\" width=\"300\" height=\"169\" srcset=\"https:\/\/www.syscel.com\/ns\/wp-content\/uploads\/2017\/04\/productos-1-300x169.jpg 300w, https:\/\/www.syscel.com\/ns\/wp-content\/uploads\/2017\/04\/productos-1-768x432.jpg 768w, https:\/\/www.syscel.com\/ns\/wp-content\/uploads\/2017\/04\/productos-1-1024x576.jpg 1024w, https:\/\/www.syscel.com\/ns\/wp-content\/uploads\/2017\/04\/productos-1-150x84.jpg 150w, https:\/\/www.syscel.com\/ns\/wp-content\/uploads\/2017\/04\/productos-1.jpg 1920w\" sizes=\"(max-width: 300px) 100vw, 300px\" \/><br \/>\n<span style=\"font-family: arial, helvetica, sans-serif; font-size: 14pt; color: #339966;\"><strong><span style=\"color: #339966;\">Las TIC,<\/span> <span style=\"color: #339966;\">un valor a\u00f1adido para la experiencia del cliente<\/span><\/strong><\/span><\/p>\n<p style=\"text-align: justify;\"><span style=\"font-family: arial, helvetica, sans-serif;\">La Implementaci\u00f3n de soluciones TIC en Restaurantes y Bares\u00a0cuenta con el h\u00e1ndicap de influir en tr\u00e1nsito diario\u00a0de los\u00a0clientes. En Syscel conocemos a la perfecci\u00f3n el funcionamiento de este sector \u00a0y <strong>ejecutamos los proyectos<\/strong><strong>\u00a0<\/strong>minimizando ese impacto, sin que supongan retrasos en los tiempos acordados.<\/span><\/p>\n<ul>\n<li style=\"text-align: justify;\"><span style=\"font-family: arial, helvetica, sans-serif;\">Implementaci\u00f3n de <strong>Red Inal\u00e1mbrica\u00a0<\/strong>para servicios a\u00a0clientes: instalaci\u00f3n de cableado, equipos de red, APs, incidencias y mantenimiento.<\/span><\/li>\n<li style=\"text-align: justify;\"><span style=\"font-family: arial, helvetica, sans-serif;\">Instalaci\u00f3n y gobierno de<strong> Dispositivos Inteligentes<\/strong><b><i>\u00a0<\/i><\/b>para sistemas de eficiencia energ\u00e9tica, inm\u00f3tica y seguridad<\/span><\/li>\n<li style=\"text-align: justify;\"><span style=\"font-family: arial, helvetica, sans-serif;\">Expertos en sistemas de <strong>Carteler\u00eda Digital<\/strong><b><i> <\/i><\/b>para instalaciones de marketing din\u00e1mico, informaci\u00f3n y audiovisual de gran formato<\/span><\/li>\n<li style=\"text-align: justify;\"><span style=\"font-family: arial, helvetica, sans-serif;\">Servicio completo de puesta en marcha, optimizaci\u00f3n y actualizaci\u00f3n de <strong>equipos microinform\u00e1ticos.<\/strong><\/span><\/li>\n<li style=\"text-align: justify;\"><span style=\"font-family: arial, helvetica, sans-serif;\"><strong>Soporte t\u00e9cnico profesional<\/strong>\u00a0<em>in situ\u00a0<\/em>y remoto.<\/span><\/li>\n<\/ul>\n<p><img loading=\"lazy\" loading=\"lazy\" decoding=\"async\" id=\"img_cien\" class=\"alignleft wp-image-3360 size-medium\" style=\"text-align: justify;\" src=\"https:\/\/www.syscel.com\/ns\/wp-content\/uploads\/2017\/04\/bares9-300x200.jpg\" alt=\"\" width=\"300\" height=\"200\" srcset=\"https:\/\/www.syscel.com\/ns\/wp-content\/uploads\/2017\/04\/bares9-300x200.jpg 300w, https:\/\/www.syscel.com\/ns\/wp-content\/uploads\/2017\/04\/bares9-150x100.jpg 150w, https:\/\/www.syscel.com\/ns\/wp-content\/uploads\/2017\/04\/bares9.jpg 600w\" sizes=\"(max-width: 300px) 100vw, 300px\" \/><\/p>\n<div id=\"img_none\" style=\"float: left; padding-left: 80px;\"><img loading=\"lazy\" loading=\"lazy\" decoding=\"async\" class=\"aligncenter wp-image-3361\" src=\"https:\/\/www.syscel.com\/ns\/wp-content\/uploads\/2017\/04\/bares10-300x254.png\" alt=\"\" width=\"260\" height=\"220\" srcset=\"https:\/\/www.syscel.com\/ns\/wp-content\/uploads\/2017\/04\/bares10-300x254.png 300w, https:\/\/www.syscel.com\/ns\/wp-content\/uploads\/2017\/04\/bares10-150x127.png 150w, https:\/\/www.syscel.com\/ns\/wp-content\/uploads\/2017\/04\/bares10.png 371w\" sizes=\"(max-width: 260px) 100vw, 260px\" \/><\/div>\n<div id=\"img_none\"><\/div>\n<div id=\"img_none\" style=\"float: left; padding-left: 80px;\"><\/div>\n<div id=\"img_none\"><img loading=\"lazy\" loading=\"lazy\" decoding=\"async\" class=\"wp-image-3355 alignright\" src=\"http:\/\/www.syscel.com\/ns\/wp-content\/uploads\/2017\/04\/bares4-300x223.jpg\" alt=\"\" width=\"293\" height=\"217\" srcset=\"https:\/\/www.syscel.com\/ns\/wp-content\/uploads\/2017\/04\/bares4-300x223.jpg 300w, https:\/\/www.syscel.com\/ns\/wp-content\/uploads\/2017\/04\/bares4-768x571.jpg 768w, https:\/\/www.syscel.com\/ns\/wp-content\/uploads\/2017\/04\/bares4-150x112.jpg 150w, https:\/\/www.syscel.com\/ns\/wp-content\/uploads\/2017\/04\/bares4.jpg 977w\" sizes=\"(max-width: 293px) 100vw, 293px\" \/><\/div>\n<p><span style=\"font-family: arial, helvetica, sans-serif;\">\u00a0<\/span><\/p>\n<p><span style=\"font-family: arial, helvetica, sans-serif;\">\u00a0<\/span><\/p>\n<p><span style=\"font-family: arial, helvetica, sans-serif;\">\u00a0<\/span><\/p>\n<p><span style=\"font-family: arial, helvetica, sans-serif;\">\u00a0<\/span><\/p>\n<p><span style=\"font-family: arial, helvetica, sans-serif;\">\u00a0<\/span><\/p>\n<p><span style=\"font-family: arial, helvetica, sans-serif;\">\u00a0<\/span><\/p>\n<p><span style=\"font-family: arial, helvetica, sans-serif;\">\u00a0<a id=\"cajavolver\" href=\"http:\/\/www.syscel.com\/ns\/servicios\/negocios-y-locales\/\">&lt;&lt;Volver a negocios y locales<\/a><\/span><\/p>\n","protected":false},"excerpt":{"rendered":"<p>EL PROGRAMA ESPECIALIZADO PARA BARES Y RESTAURANTES \u00a0 M\u00e1s de 12 a\u00f1os acompa\u00f1\u00e1ndote a atender y servir a tus clientes, nuestros programas le proporcionaran la gesti\u00f3n total de su bar o restaurante de una forma f\u00e1cil de usar, intuitiva y sin necesidad de tener conocimientos en inform\u00e1tica o en contabilidad. No se tendr\u00e1 que preocupar [&hellip;]<\/p>\n","protected":false},"author":1,"featured_media":0,"parent":642,"menu_order":0,"comment_status":"closed","ping_status":"closed","template":"","meta":{"_et_pb_use_builder":"","_et_pb_old_content":"","_et_gb_content_width":"","footnotes":""},"class_list":["post-719","page","type-page","status-publish","hentry"],"_links":{"self":[{"href":"https:\/\/www.syscel.com\/ns\/wp-json\/wp\/v2\/pages\/719","targetHints":{"allow":["GET"]}}],"collection":[{"href":"https:\/\/www.syscel.com\/ns\/wp-json\/wp\/v2\/pages"}],"about":[{"href":"https:\/\/www.syscel.com\/ns\/wp-json\/wp\/v2\/types\/page"}],"author":[{"embeddable":true,"href":"https:\/\/www.syscel.com\/ns\/wp-json\/wp\/v2\/users\/1"}],"replies":[{"embeddable":true,"href":"https:\/\/www.syscel.com\/ns\/wp-json\/wp\/v2\/comments?post=719"}],"version-history":[{"count":57,"href":"https:\/\/www.syscel.com\/ns\/wp-json\/wp\/v2\/pages\/719\/revisions"}],"predecessor-version":[{"id":7125,"href":"https:\/\/www.syscel.com\/ns\/wp-json\/wp\/v2\/pages\/719\/revisions\/7125"}],"up":[{"embeddable":true,"href":"https:\/\/www.syscel.com\/ns\/wp-json\/wp\/v2\/pages\/642"}],"wp:attachment":[{"href":"https:\/\/www.syscel.com\/ns\/wp-json\/wp\/v2\/media?parent=719"}],"curies":[{"name":"wp","href":"https:\/\/api.w.org\/{rel}","templated":true}]}}