{"id":720,"date":"2017-04-05T11:07:03","date_gmt":"2017-04-05T09:07:03","guid":{"rendered":"http:\/\/www.syscel.com\/ns\/?page_id=720"},"modified":"2024-03-27T18:46:57","modified_gmt":"2024-03-27T17:46:57","slug":"talleres-2","status":"publish","type":"page","link":"https:\/\/www.syscel.com\/ns\/servicios\/negocios-y-locales\/talleres-2\/","title":{"rendered":"TALLERES"},"content":{"rendered":"<div id=\"attachment_3064\" style=\"width: 1210px\" class=\"wp-caption aligncenter\"><img fetchpriority=\"high\" fetchpriority=\"high\" decoding=\"async\" aria-describedby=\"caption-attachment-3064\" class=\"wp-image-3064 size-full\" src=\"http:\/\/www.syscel.com\/ns\/wp-content\/uploads\/2017\/05\/Syscel-talleres-negocios-portada.jpg\" alt=\"\" width=\"1200\" height=\"400\" srcset=\"https:\/\/www.syscel.com\/ns\/wp-content\/uploads\/2017\/05\/Syscel-talleres-negocios-portada.jpg 1200w, https:\/\/www.syscel.com\/ns\/wp-content\/uploads\/2017\/05\/Syscel-talleres-negocios-portada-300x100.jpg 300w, https:\/\/www.syscel.com\/ns\/wp-content\/uploads\/2017\/05\/Syscel-talleres-negocios-portada-768x256.jpg 768w, https:\/\/www.syscel.com\/ns\/wp-content\/uploads\/2017\/05\/Syscel-talleres-negocios-portada-1024x341.jpg 1024w, https:\/\/www.syscel.com\/ns\/wp-content\/uploads\/2017\/05\/Syscel-talleres-negocios-portada-150x50.jpg 150w\" sizes=\"(max-width: 1200px) 100vw, 1200px\" \/><p id=\"caption-attachment-3064\" class=\"wp-caption-text\"><span style=\"font-size: 18pt; color: #339966; font-family: arial, helvetica, sans-serif;\"> LAS LLAVES EN SU SITIO<\/span><\/p><\/div>\n<h1 style=\"text-align: center;\"><strong><span style=\"font-size: 18pt; color: #339966; font-family: arial, helvetica, sans-serif;\">EL PROGRAMA IDEAL PARA LA GESTI\u00d3N GLOBAL DE SU TALLER<\/span><\/strong><\/h1>\n<p style=\"text-align: justify;\"><span style=\"font-family: arial, helvetica, sans-serif;\"><img decoding=\"async\" id=\"img_cien\" class=\"wp-image-3252 alignright\" src=\"http:\/\/www.syscel.com\/ns\/wp-content\/uploads\/2017\/04\/coche8-300x150.jpg\" alt=\"\" width=\"329\" height=\"165\" srcset=\"https:\/\/www.syscel.com\/ns\/wp-content\/uploads\/2017\/04\/coche8-300x150.jpg 300w, https:\/\/www.syscel.com\/ns\/wp-content\/uploads\/2017\/04\/coche8-150x75.jpg 150w, https:\/\/www.syscel.com\/ns\/wp-content\/uploads\/2017\/04\/coche8.jpg 640w\" sizes=\"(max-width: 329px) 100vw, 329px\" \/><\/span><span style=\"font-family: arial, helvetica, sans-serif;\">En estos tiempos econ\u00f3micos de incertidumbre y tremenda competitividad donde la productividad debe llegar a la excelencia, todav\u00eda hay talleres con gran peligro de supervivencia, que se encuentran en algunas de estas situaciones:<\/span><\/p>\n<p style=\"text-align: justify;\"><span style=\"font-family: arial, helvetica, sans-serif;\"> &#8211; Contabilidad y pagos atrasados, por saturaci\u00f3n de administraci\u00f3n.<br \/>\n&#8211; Falta de control en la rentabilidad de la empresa.<br \/>\n&#8211; Exceso de horas extras por acumulaci\u00f3n de trabajo.<br \/>\n<\/span><\/p>\n<p style=\"text-align: justify;\"><span style=\"font-family: arial, helvetica, sans-serif;\"><strong><img decoding=\"async\" id=\"img_cien\" class=\"wp-image-2084 alignleft\" src=\"http:\/\/www.syscel.com\/ns\/wp-content\/uploads\/2017\/04\/syscel-talleres-mecanicos-software.jpg\" alt=\"\" width=\"336\" height=\"275\" srcset=\"https:\/\/www.syscel.com\/ns\/wp-content\/uploads\/2017\/04\/syscel-talleres-mecanicos-software.jpg 560w, https:\/\/www.syscel.com\/ns\/wp-content\/uploads\/2017\/04\/syscel-talleres-mecanicos-software-300x246.jpg 300w, https:\/\/www.syscel.com\/ns\/wp-content\/uploads\/2017\/04\/syscel-talleres-mecanicos-software-150x123.jpg 150w\" sizes=\"(max-width: 336px) 100vw, 336px\" \/><\/strong><\/span><\/p>\n<p style=\"text-align: justify;\"><strong>\u00a0<\/strong><\/p>\n<p style=\"text-align: justify;\"><strong>Hoy en d\u00eda, es necesario que un programa inform\u00e1tico nos resuelva satisfactoriamente todo el control del taller de forma f\u00e1cil y r\u00e1pida,<\/strong> <strong>nuestro software le ofrece la soluci\u00f3n inform\u00e1tica m\u00e1s f\u00e1cil<\/strong>, completa e integrada para talleres, pudiendo as\u00ed reorganizar el d\u00eda a d\u00eda de trabajo. Amortizaci\u00f3n total de la actividad del taller, sin saber nada de inform\u00e1tica ni tener que memorizar nada, <strong>sin cambiarle el actual m\u00e9todo de trabajo. Una opci\u00f3n perfecta para mejorar y potenciar la forma de trabajo, y mostrarse como un taller innovador.<\/strong><\/p>\n<p style=\"text-align: justify;\"><span style=\"color: #339966; font-size: 16pt;\">\u00a0<\/span><\/p>\n<p style=\"text-align: justify;\"><strong><span style=\"color: #339966; font-size: 16pt;\">CARACTER\u00cdSTICAS PRINCIPALES DEL SOFTWARE DE GESTI\u00d3N DE TALLER<\/span><\/strong><\/p>\n<ul style=\"text-align: justify;\">\n<li style=\"line-height: 220%;\"><span style=\"font-family: arial, helvetica, sans-serif;\"><strong>Gesti\u00f3n completa de clientes<\/strong>, proveedores, veh\u00edculos, marcas, modelos.<\/span><\/li>\n<li style=\"line-height: 220%;\"><span style=\"font-family: arial, helvetica, sans-serif;\"><strong>Elaboraci\u00f3n de pedidos, presupuestos, albaranes y facturas, de compra y venta.<\/strong><\/span><\/li>\n<li style=\"line-height: 220%;\"><span style=\"font-family: arial, helvetica, sans-serif;\">Control de stock y existencias,<strong> aviso de ruptura de stock<\/strong> y bajo m\u00ednimos, inventario y traspaso entre almacenes.<\/span><\/li>\n<li style=\"line-height: 220%;\"><span style=\"font-family: arial, helvetica, sans-serif;\"><strong>\u00d3rdenes de trabajo<\/strong> con asignaci\u00f3n de operario y observaciones de cliente, convertible a presupuesto, albar\u00e1n o factura.<\/span><\/li>\n<li style=\"line-height: 220%;\"><span style=\"font-family: arial, helvetica, sans-serif;\">Configuraci\u00f3n de tiempos predefinidos de mano de obra para cada tipo de trabajo o servicio.<img loading=\"lazy\" loading=\"lazy\" decoding=\"async\" class=\"size-medium wp-image-3244 alignright\" src=\"https:\/\/www.syscel.com\/ns\/wp-content\/uploads\/2017\/04\/coche4-300x248.jpg\" alt=\"\" width=\"300\" height=\"248\" srcset=\"https:\/\/www.syscel.com\/ns\/wp-content\/uploads\/2017\/04\/coche4-300x248.jpg 300w, https:\/\/www.syscel.com\/ns\/wp-content\/uploads\/2017\/04\/coche4-150x124.jpg 150w, https:\/\/www.syscel.com\/ns\/wp-content\/uploads\/2017\/04\/coche4.jpg 580w\" sizes=\"(max-width: 300px) 100vw, 300px\" \/><\/span><\/li>\n<li style=\"line-height: 220%;\"><span style=\"font-family: arial, helvetica, sans-serif;\"><strong>Listados e informes de compra y venta<\/strong>, estad\u00edsticas, inventario y stock, y muchos m\u00e1s.<\/span><\/li>\n<li style=\"line-height: 220%;\"><span style=\"font-family: arial, helvetica, sans-serif;\"><strong>Control de stock, stock actual, stock bajo m\u00ednimos e insuficiente\u2026<\/strong><\/span><\/li>\n<li style=\"line-height: 220%;\"><span style=\"font-family: arial, helvetica, sans-serif;\"><strong>Multialmac\u00e9n<\/strong> y <strong>traspasos<\/strong> entre almacenes.<\/span><\/li>\n<li style=\"line-height: 220%;\"><span style=\"font-family: arial, helvetica, sans-serif;\"><strong>Inventarios<\/strong>\u00a0y <strong>listados.<\/strong><\/span><\/li>\n<\/ul>\n<div id=\"img_none\"><\/div>\n<p style=\"text-align: justify;\"><span style=\"font-family: arial, helvetica, sans-serif;\"><strong>\u00a0<\/strong><\/span><\/p>\n<p style=\"text-align: justify;\"><span style=\"font-family: arial, helvetica, sans-serif;\"><strong>Adem\u00e1s de todas estas caracter\u00edsticas con el software especializado en los talleres mec\u00e1nicos podr\u00e1s disfrutar de muchas m\u00e1s opciones que se brindan,\u00a0<\/strong>como la <strong>configuraci\u00f3n del correo electr\u00f3nico directamente desde el TPV, <\/strong>tambi\u00e9n se pueden realizar <strong>exportaciones de informes y listados a PDF, HTML y EXCEL<\/strong> en el caso de que sea necesario. Desde el TPV se dispone<strong> control total de permisos por usuario,<\/strong> incluso realizar copias de seguridad. Adem\u00e1s mantenemos <strong>un servicio postventa integral<\/strong> con sus correspondientes mantenimiento y revisiones.<\/span><\/p>\n<div id=\"img_none\"><\/div>\n<div id=\"img_none\" style=\"float: left; padding-left: 80px;\"><\/div>\n<div id=\"attachment_3365\" style=\"width: 1210px\" class=\"wp-caption aligncenter\"><img loading=\"lazy\" loading=\"lazy\" decoding=\"async\" aria-describedby=\"caption-attachment-3365\" class=\"wp-image-3365\" src=\"http:\/\/www.syscel.com\/ns\/wp-content\/uploads\/2017\/04\/taller4.png\" alt=\"\" width=\"1200\" height=\"353\" srcset=\"https:\/\/www.syscel.com\/ns\/wp-content\/uploads\/2017\/04\/taller4.png 850w, https:\/\/www.syscel.com\/ns\/wp-content\/uploads\/2017\/04\/taller4-300x88.png 300w, https:\/\/www.syscel.com\/ns\/wp-content\/uploads\/2017\/04\/taller4-768x226.png 768w, https:\/\/www.syscel.com\/ns\/wp-content\/uploads\/2017\/04\/taller4-150x44.png 150w\" sizes=\"(max-width: 1200px) 100vw, 1200px\" \/><p id=\"caption-attachment-3365\" class=\"wp-caption-text\"><strong><span style=\"font-size: 18pt; color: #339966;\">SU TALLER ACTUALIZADO<\/span><\/strong><\/p><\/div>\n<p><strong><span style=\"color: #339966;\">\u00a0<\/span><\/strong><\/p>\n<p><strong><span style=\"color: #339966;\">Las TIC,<\/span> <span style=\"color: #339966;\">un valor a\u00f1adido para la experiencia del cliente<\/span><\/strong><\/p>\n<p style=\"text-align: justify;\"><span style=\"font-family: arial, helvetica, sans-serif;\">La Implementaci\u00f3n de soluciones TIC en talleres mec\u00e1nicos y puntos de venta cuenta con el h\u00e1ndicap de influir en tr\u00e1nsito diario de los clientes. En Syscel conocemos a la perfecci\u00f3n el funcionamiento de este sector \u00a0y <strong>ejecutamos los proyectos<\/strong><strong>\u00a0<\/strong>minimizando ese impacto, sin que supongan retrasos en los tiempos acordados.<\/span><\/p>\n<ul>\n<li style=\"text-align: justify;\"><span style=\"font-family: arial, helvetica, sans-serif;\">Implementaci\u00f3n de <strong>Red Inal\u00e1mbrica\u00a0<\/strong>para servicios a\u00a0clientes: instalaci\u00f3n de cableado, equipos de red, APs, incidencias y mantenimiento.<\/span><\/li>\n<li style=\"text-align: justify;\"><span style=\"font-family: arial, helvetica, sans-serif;\">Instalaci\u00f3n y gobierno de<strong> Dispositivos Inteligentes<\/strong><b><i>\u00a0<\/i><\/b>para sistemas de eficiencia energ\u00e9tica, inm\u00f3tica y seguridad<\/span><\/li>\n<li style=\"text-align: justify;\"><span style=\"font-family: arial, helvetica, sans-serif;\">Expertos en sistemas de <strong>Carteler\u00eda Digital<\/strong><b><i> <\/i><\/b>para instalaciones de marketing din\u00e1mico, informaci\u00f3n y audiovisual de gran formato<\/span><\/li>\n<li style=\"text-align: justify;\"><span style=\"font-family: arial, helvetica, sans-serif;\">Servicio completo de puesta en marcha, optimizaci\u00f3n y actualizaci\u00f3n de <strong>equipos microinform\u00e1ticos.<\/strong><\/span><\/li>\n<li style=\"text-align: justify;\"><span style=\"font-family: arial, helvetica, sans-serif;\"><strong>Soporte t\u00e9cnico profesional<\/strong>\u00a0<em>in situ\u00a0<\/em>y remoto.<\/span><\/li>\n<\/ul>\n\n        <div class=\"wp-tiles-container\">\n        \n            <div id=\"wp_tiles_2\" class=\"wp-tiles-grid wp-tiles-byline-align-bottom\">\n                        \n                <div class='wp-tiles-tile' id='tile-3367'>\n                \n                    <a href=\"https:\/\/www.syscel.com\/ns\/servicios\/negocios-y-locales\/talleres-2\/taller6\/\" title=\"taller6\">\n                \n                        <article class='wp-tiles-tile-with-image wp-tiles-tile-wrapper' itemscope itemtype=\"http:\/\/schema.org\/CreativeWork\">\n                        \n                            <div class='wp-tiles-tile-bg'>\n\n                                <img src='https:\/\/www.syscel.com\/ns\/wp-content\/uploads\/2017\/04\/taller6.jpg' class='wp-tiles-img' itemprop=\"image\" \/>\n\n                            <\/div>\n                                                \n                            <div class='wp-tiles-byline'>\n\n                                <div class='wp-tiles-byline-wrapper'>\n                                                                \n                                    <div class='wp-tiles-byline-content' itemprop=\"description\">\n                                        <h4 class=\"wp-tiles-byline-title\">Punto de Venta del Taller<\/h4>\n                                    <\/div>\n                                \n                                <\/div>\n\n                            <\/div>\n                        \n                        <\/article>\n                \n                    <\/a>\n                \n                <\/div>\n            \n                <div class='wp-tiles-tile' id='tile-3369'>\n                \n                    <a href=\"https:\/\/www.syscel.com\/ns\/servicios\/negocios-y-locales\/talleres-2\/taller8\/\" title=\"taller8\">\n                \n                        <article class='wp-tiles-tile-with-image wp-tiles-tile-wrapper' itemscope itemtype=\"http:\/\/schema.org\/CreativeWork\">\n                        \n                            <div class='wp-tiles-tile-bg'>\n\n                                <img src='https:\/\/www.syscel.com\/ns\/wp-content\/uploads\/2017\/04\/taller8.jpg' class='wp-tiles-img' itemprop=\"image\" \/>\n\n                            <\/div>\n                                                \n                            <div class='wp-tiles-byline'>\n\n                                <div class='wp-tiles-byline-wrapper'>\n                                                                \n                                    <div class='wp-tiles-byline-content' itemprop=\"description\">\n                                        <h4 class=\"wp-tiles-byline-title\">Telefon\u00eda<\/h4>\n                                    <\/div>\n                                \n                                <\/div>\n\n                            <\/div>\n                        \n                        <\/article>\n                \n                    <\/a>\n                \n                <\/div>\n            \n                <div class='wp-tiles-tile' id='tile-3366'>\n                \n                    <a href=\"https:\/\/www.syscel.com\/ns\/servicios\/negocios-y-locales\/talleres-2\/taller5\/\" title=\"taller5\">\n                \n                        <article class='wp-tiles-tile-with-image wp-tiles-tile-wrapper' itemscope itemtype=\"http:\/\/schema.org\/CreativeWork\">\n                        \n                            <div class='wp-tiles-tile-bg'>\n\n                                <img src='https:\/\/www.syscel.com\/ns\/wp-content\/uploads\/2017\/04\/taller5.jpg' class='wp-tiles-img' itemprop=\"image\" \/>\n\n                            <\/div>\n                                                \n                            <div class='wp-tiles-byline'>\n\n                                <div class='wp-tiles-byline-wrapper'>\n                                                                \n                                    <div class='wp-tiles-byline-content' itemprop=\"description\">\n                                        <h4 class=\"wp-tiles-byline-title\">Servicio Post Venta Integral<\/h4>\n                                    <\/div>\n                                \n                                <\/div>\n\n                            <\/div>\n                        \n                        <\/article>\n                \n                    <\/a>\n                \n                <\/div>\n            \n                <div class='wp-tiles-tile' id='tile-3371'>\n                \n                    <a href=\"https:\/\/www.syscel.com\/ns\/servicios\/negocios-y-locales\/talleres-2\/taller10\/\" title=\"taller10\">\n                \n                        <article class='wp-tiles-tile-with-image wp-tiles-tile-wrapper' itemscope itemtype=\"http:\/\/schema.org\/CreativeWork\">\n                        \n                            <div class='wp-tiles-tile-bg'>\n\n                                <img src='https:\/\/www.syscel.com\/ns\/wp-content\/uploads\/2017\/04\/taller10.jpg' class='wp-tiles-img' itemprop=\"image\" \/>\n\n                            <\/div>\n                                                \n                            <div class='wp-tiles-byline'>\n\n                                <div class='wp-tiles-byline-wrapper'>\n                                                                \n                                    <div class='wp-tiles-byline-content' itemprop=\"description\">\n                                        <h4 class=\"wp-tiles-byline-title\">Mant\u00e9n tus Dispositivos Conectados<\/h4>\n                                    <\/div>\n                                \n                                <\/div>\n\n                            <\/div>\n                        \n                        <\/article>\n                \n                    <\/a>\n                \n                <\/div>\n            \n                <div class='wp-tiles-tile' id='tile-3370'>\n                \n                    <a href=\"https:\/\/www.syscel.com\/ns\/servicios\/negocios-y-locales\/talleres-2\/taller9\/\" title=\"taller9\">\n                \n                        <article class='wp-tiles-tile-with-image wp-tiles-tile-wrapper' itemscope itemtype=\"http:\/\/schema.org\/CreativeWork\">\n                        \n                            <div class='wp-tiles-tile-bg'>\n\n                                <img src='https:\/\/www.syscel.com\/ns\/wp-content\/uploads\/2017\/04\/taller9.jpg' class='wp-tiles-img' itemprop=\"image\" \/>\n\n                            <\/div>\n                                                \n                            <div class='wp-tiles-byline'>\n\n                                <div class='wp-tiles-byline-wrapper'>\n                                                                \n                                    <div class='wp-tiles-byline-content' itemprop=\"description\">\n                                        <h4 class=\"wp-tiles-byline-title\">Red Inal\u00e1mbrica En Todo el Taller<\/h4>\n                                    <\/div>\n                                \n                                <\/div>\n\n                            <\/div>\n                        \n                        <\/article>\n                \n                    <\/a>\n                \n                <\/div>\n            \n            <\/div>\n\n        <\/div>\n        \n<p><span style=\"font-family: arial, helvetica, sans-serif;\"><a id=\"cajavolver\" href=\"http:\/\/www.syscel.com\/ns\/servicios\/negocios-y-locales\/\">&lt;&lt;Volver a negocios y locales<\/a><\/span><\/p>\n","protected":false},"excerpt":{"rendered":"<p>EL PROGRAMA IDEAL PARA LA GESTI\u00d3N GLOBAL DE SU TALLER En estos tiempos econ\u00f3micos de incertidumbre y tremenda competitividad donde la productividad debe llegar a la excelencia, todav\u00eda hay talleres con gran peligro de supervivencia, que se encuentran en algunas de estas situaciones: &#8211; Contabilidad y pagos atrasados, por saturaci\u00f3n de administraci\u00f3n. &#8211; Falta de [&hellip;]<\/p>\n","protected":false},"author":1,"featured_media":0,"parent":642,"menu_order":0,"comment_status":"closed","ping_status":"closed","template":"","meta":{"_et_pb_use_builder":"","_et_pb_old_content":"","_et_gb_content_width":"","footnotes":""},"class_list":["post-720","page","type-page","status-publish","hentry"],"_links":{"self":[{"href":"https:\/\/www.syscel.com\/ns\/wp-json\/wp\/v2\/pages\/720","targetHints":{"allow":["GET"]}}],"collection":[{"href":"https:\/\/www.syscel.com\/ns\/wp-json\/wp\/v2\/pages"}],"about":[{"href":"https:\/\/www.syscel.com\/ns\/wp-json\/wp\/v2\/types\/page"}],"author":[{"embeddable":true,"href":"https:\/\/www.syscel.com\/ns\/wp-json\/wp\/v2\/users\/1"}],"replies":[{"embeddable":true,"href":"https:\/\/www.syscel.com\/ns\/wp-json\/wp\/v2\/comments?post=720"}],"version-history":[{"count":60,"href":"https:\/\/www.syscel.com\/ns\/wp-json\/wp\/v2\/pages\/720\/revisions"}],"predecessor-version":[{"id":7059,"href":"https:\/\/www.syscel.com\/ns\/wp-json\/wp\/v2\/pages\/720\/revisions\/7059"}],"up":[{"embeddable":true,"href":"https:\/\/www.syscel.com\/ns\/wp-json\/wp\/v2\/pages\/642"}],"wp:attachment":[{"href":"https:\/\/www.syscel.com\/ns\/wp-json\/wp\/v2\/media?parent=720"}],"curies":[{"name":"wp","href":"https:\/\/api.w.org\/{rel}","templated":true}]}}