{"id":733,"date":"2017-04-05T12:20:38","date_gmt":"2017-04-05T10:20:38","guid":{"rendered":"http:\/\/www.syscel.com\/ns\/?page_id=733"},"modified":"2024-03-27T12:52:56","modified_gmt":"2024-03-27T11:52:56","slug":"soluciones-de-gestion","status":"publish","type":"page","link":"https:\/\/www.syscel.com\/ns\/servicios\/profesionales\/soluciones-de-gestion\/","title":{"rendered":"SOLUCIONES DE GESTI\u00d3N"},"content":{"rendered":"<div id=\"attachment_3074\" style=\"width: 1210px\" class=\"wp-caption aligncenter\"><img fetchpriority=\"high\" fetchpriority=\"high\" decoding=\"async\" aria-describedby=\"caption-attachment-3074\" class=\"wp-image-3074 size-full\" src=\"https:\/\/www.syscel.com\/ns\/wp-content\/uploads\/2017\/05\/Syscel-gestion-profesionales-portada.jpg\" alt=\"\" width=\"1200\" height=\"350\" srcset=\"https:\/\/www.syscel.com\/ns\/wp-content\/uploads\/2017\/05\/Syscel-gestion-profesionales-portada.jpg 1200w, https:\/\/www.syscel.com\/ns\/wp-content\/uploads\/2017\/05\/Syscel-gestion-profesionales-portada-300x88.jpg 300w, https:\/\/www.syscel.com\/ns\/wp-content\/uploads\/2017\/05\/Syscel-gestion-profesionales-portada-768x224.jpg 768w, https:\/\/www.syscel.com\/ns\/wp-content\/uploads\/2017\/05\/Syscel-gestion-profesionales-portada-1024x299.jpg 1024w, https:\/\/www.syscel.com\/ns\/wp-content\/uploads\/2017\/05\/Syscel-gestion-profesionales-portada-150x44.jpg 150w\" sizes=\"(max-width: 1200px) 100vw, 1200px\" \/><p id=\"caption-attachment-3074\" class=\"wp-caption-text\"><span style=\"font-size: 16pt; color: #339966;\">SOLUCIONES DE GESTI\u00d3N<\/span><\/p><\/div>\n<p style=\"text-align: center;\"><strong><span style=\"font-size: 18pt; color: #339966;\">CONF\u00cdA EN NOSOTROS Y AUTOMATIZA LAS \u00c1REAS DE TU DESPACHO. OPTIMIZA TU ACTIVIDAD.<\/span><\/strong><\/p>\n<p style=\"text-align: justify;\">Son muchos\u00a0los casos en que las <strong>soluciones de gesti\u00f3n para profesionales de Syscel<\/strong> son el mejor aliado para el \u00e9xito de su organizaci\u00f3n y para automatizar sus procesos de negocio.<\/p>\n<p style=\"text-align: justify;\">En Sycel disponemos de un completo portafolio de soluciones de gesti\u00f3n para profesionales que dan respuesta a cualquier necesidad de su empresa y que le permiten <strong>evolucionar hacia la empresa 100% digital.<\/strong><\/p>\n<p style=\"text-align: justify;\">Junto al conocimiento de nuestros expertos y a la experiencia de nuestra organizaci\u00f3n, las soluciones de gesti\u00f3n empresarial de Syscel:<\/p>\n<ul>\n<li style=\"text-align: justify;\"><strong>Favorecen el crecimiento<\/strong> de su organizaci\u00f3n.<img decoding=\"async\" class=\"alignright wp-image-6927\" src=\"https:\/\/www.syscel.com\/ns\/wp-content\/uploads\/2024\/03\/images.jpg\" alt=\"\" width=\"352\" height=\"197\" srcset=\"https:\/\/www.syscel.com\/ns\/wp-content\/uploads\/2024\/03\/images.jpg 300w, https:\/\/www.syscel.com\/ns\/wp-content\/uploads\/2024\/03\/images-150x84.jpg 150w\" sizes=\"(max-width: 352px) 100vw, 352px\" \/><\/li>\n<li style=\"text-align: justify;\">Contribuyen a <strong>reducir costes<\/strong>.<\/li>\n<li style=\"text-align: justify;\"><strong>Mejoran la rentabilidad<\/strong> de su compa\u00f1\u00eda.<\/li>\n<li style=\"text-align: justify;\"><strong>Aumentan la cohesi\u00f3n<\/strong> de sus equipos.<\/li>\n<li style=\"text-align: justify;\">Facilitan el <strong>trabajo interdepartamental<\/strong>.<\/li>\n<li style=\"text-align: justify;\"><strong>Agilizan procesos y tr\u00e1mites<\/strong>, tanto externos como internos.<\/li>\n<li style=\"text-align: justify;\">Ayudan a aumentar la <strong>satisfacci\u00f3n y fidelizaci\u00f3n de los clientes<\/strong>.<\/li>\n<\/ul>\n<p><a id=\"cajavolver\" href=\"http:\/\/www.syscel.com\/ns\/servicios\/profesionales\/\">&lt;&lt;Volver a profesionales<\/a><\/p>\n","protected":false},"excerpt":{"rendered":"<p>CONF\u00cdA EN NOSOTROS Y AUTOMATIZA LAS \u00c1REAS DE TU DESPACHO. OPTIMIZA TU ACTIVIDAD. Son muchos\u00a0los casos en que las soluciones de gesti\u00f3n para profesionales de Syscel son el mejor aliado para el \u00e9xito de su organizaci\u00f3n y para automatizar sus procesos de negocio. En Sycel disponemos de un completo portafolio de soluciones de gesti\u00f3n para [&hellip;]<\/p>\n","protected":false},"author":1,"featured_media":0,"parent":640,"menu_order":0,"comment_status":"closed","ping_status":"closed","template":"","meta":{"_et_pb_use_builder":"","_et_pb_old_content":"","_et_gb_content_width":"","footnotes":""},"class_list":["post-733","page","type-page","status-publish","hentry"],"_links":{"self":[{"href":"https:\/\/www.syscel.com\/ns\/wp-json\/wp\/v2\/pages\/733","targetHints":{"allow":["GET"]}}],"collection":[{"href":"https:\/\/www.syscel.com\/ns\/wp-json\/wp\/v2\/pages"}],"about":[{"href":"https:\/\/www.syscel.com\/ns\/wp-json\/wp\/v2\/types\/page"}],"author":[{"embeddable":true,"href":"https:\/\/www.syscel.com\/ns\/wp-json\/wp\/v2\/users\/1"}],"replies":[{"embeddable":true,"href":"https:\/\/www.syscel.com\/ns\/wp-json\/wp\/v2\/comments?post=733"}],"version-history":[{"count":22,"href":"https:\/\/www.syscel.com\/ns\/wp-json\/wp\/v2\/pages\/733\/revisions"}],"predecessor-version":[{"id":6930,"href":"https:\/\/www.syscel.com\/ns\/wp-json\/wp\/v2\/pages\/733\/revisions\/6930"}],"up":[{"embeddable":true,"href":"https:\/\/www.syscel.com\/ns\/wp-json\/wp\/v2\/pages\/640"}],"wp:attachment":[{"href":"https:\/\/www.syscel.com\/ns\/wp-json\/wp\/v2\/media?parent=733"}],"curies":[{"name":"wp","href":"https:\/\/api.w.org\/{rel}","templated":true}]}}