{"id":735,"date":"2017-04-05T12:22:55","date_gmt":"2017-04-05T10:22:55","guid":{"rendered":"http:\/\/www.syscel.com\/ns\/?page_id=735"},"modified":"2024-03-27T11:56:34","modified_gmt":"2024-03-27T10:56:34","slug":"necesidades-tecnologicas","status":"publish","type":"page","link":"https:\/\/www.syscel.com\/ns\/servicios\/profesionales\/necesidades-tecnologicas\/","title":{"rendered":"NECESIDADES TECNOL\u00d3GICAS"},"content":{"rendered":"<div id=\"attachment_6899\" style=\"width: 2010px\" class=\"wp-caption alignnone\"><img fetchpriority=\"high\" fetchpriority=\"high\" decoding=\"async\" aria-describedby=\"caption-attachment-6899\" class=\"wp-image-6899 size-full\" src=\"https:\/\/www.syscel.com\/ns\/wp-content\/uploads\/2024\/03\/tecnologia.jpg\" alt=\"\" width=\"2000\" height=\"869\" srcset=\"https:\/\/www.syscel.com\/ns\/wp-content\/uploads\/2024\/03\/tecnologia.jpg 2000w, https:\/\/www.syscel.com\/ns\/wp-content\/uploads\/2024\/03\/tecnologia-300x130.jpg 300w, https:\/\/www.syscel.com\/ns\/wp-content\/uploads\/2024\/03\/tecnologia-1024x445.jpg 1024w, https:\/\/www.syscel.com\/ns\/wp-content\/uploads\/2024\/03\/tecnologia-768x334.jpg 768w, https:\/\/www.syscel.com\/ns\/wp-content\/uploads\/2024\/03\/tecnologia-1536x667.jpg 1536w, https:\/\/www.syscel.com\/ns\/wp-content\/uploads\/2024\/03\/tecnologia-150x65.jpg 150w, https:\/\/www.syscel.com\/ns\/wp-content\/uploads\/2024\/03\/tecnologia-600x261.jpg 600w\" sizes=\"(max-width: 2000px) 100vw, 2000px\" \/><p id=\"caption-attachment-6899\" class=\"wp-caption-text\"><span style=\"font-size: 14pt; color: #339966;\">NECESIDADES TECNOL\u00d3GICAS<\/span><\/p><\/div>\n<div id=\"img_none\"><img decoding=\"async\" class=\"wp-image-1264 alignleft\" src=\"https:\/\/www.syscel.com\/ns\/wp-content\/uploads\/2017\/04\/Crear-un-correo-electr\u00f3nico-300x300.jpg\" alt=\"\" width=\"204\" height=\"204\" srcset=\"https:\/\/www.syscel.com\/ns\/wp-content\/uploads\/2017\/04\/Crear-un-correo-electr\u00f3nico-300x300.jpg 300w, https:\/\/www.syscel.com\/ns\/wp-content\/uploads\/2017\/04\/Crear-un-correo-electr\u00f3nico-150x150.jpg 150w, https:\/\/www.syscel.com\/ns\/wp-content\/uploads\/2017\/04\/Crear-un-correo-electr\u00f3nico-768x768.jpg 768w, https:\/\/www.syscel.com\/ns\/wp-content\/uploads\/2017\/04\/Crear-un-correo-electr\u00f3nico.jpg 900w\" sizes=\"(max-width: 204px) 100vw, 204px\" \/><\/div>\n<p style=\"text-align: justify;\"><strong>Syscel <\/strong>pone a disposici\u00f3n de los profesionales todos sus <strong>conocimientos y\u00a0experiencia<\/strong> orientados a dar a conocer y asesorar sobre las \u00faltimas tecnolog\u00edas disponibles, para as\u00ed poder obtener el m\u00e1ximo rendimiento de los mismos, siempre bajo el paraguas normativo\u00a0y con unos costes muy competitivos.<\/p>\n<p style=\"text-align: justify;\">En Syscel le asesoramos para que todos los recursos tecnol\u00f3gicos que su oficina invierta repercuta de la forma m\u00e1s eficiente y competitiva. Estamos especializados en dar una <strong>respuesta y soluci\u00f3n<\/strong> a cualquier problema que se le presente en el d\u00eda a d\u00eda de una forma <strong>r\u00e1pida, \u00e1gil, profesional y totalmente personalizada<\/strong> con el objetivo de que su actividad no se detenga.<\/p>\n<div id=\"img_none\"><img decoding=\"async\" class=\"wp-image-1389 alignright\" src=\"https:\/\/www.syscel.com\/ns\/wp-content\/uploads\/2017\/04\/wordpress-backup-960x600-300x188.jpg\" alt=\"\" width=\"273\" height=\"171\" srcset=\"https:\/\/www.syscel.com\/ns\/wp-content\/uploads\/2017\/04\/wordpress-backup-960x600-300x188.jpg 300w, https:\/\/www.syscel.com\/ns\/wp-content\/uploads\/2017\/04\/wordpress-backup-960x600-768x480.jpg 768w, https:\/\/www.syscel.com\/ns\/wp-content\/uploads\/2017\/04\/wordpress-backup-960x600-150x94.jpg 150w, https:\/\/www.syscel.com\/ns\/wp-content\/uploads\/2017\/04\/wordpress-backup-960x600.jpg 960w\" sizes=\"(max-width: 273px) 100vw, 273px\" \/><\/div>\n<p style=\"text-align: justify;\">Realizamos un <strong>estudio previo<\/strong> de la <strong>infraestructura<\/strong> tecnol\u00f3gica e inform\u00e1tica con la que cuenta su oficina, los <strong>problemas e incidencias<\/strong> del d\u00eda a d\u00eda , el <strong>estado de las comunicaciones<\/strong> y la <strong>seguridad<\/strong> en las mismas y, a partir de dicha informaci\u00f3n elaboramos un informe personalizado y detallado de las mejoras necesarias, los recursos utilizados, el an\u00e1lisis de costes, as\u00ed como del asesoramiento adecuado para la mejora o la mejor utilizaci\u00f3n de los recursos disponibles para que repercutan en una mejor optimizaci\u00f3n de los mismos y por lo tanto en una mayor productividad de la empresa a un coste de producci\u00f3n menor.<\/p>\n<div id=\"img_none\"><\/div>\n<div id=\"img_none\"><\/div>\n<p><img loading=\"lazy\" loading=\"lazy\" decoding=\"async\" class=\"aligncenter\" src=\"https:\/\/www.syscel.com\/ns\/wp-content\/uploads\/2017\/04\/syscel-logo.png\" alt=\"\" width=\"123\" height=\"115\" \/><\/p>\n<p style=\"text-align: center;\"><strong><span style=\"font-size: 24pt; font-family: arial, helvetica, sans-serif;\"><span style=\"color: #339966;\">SERVICIOS\u00a0CR\u00cdTICOS PARA SU EMPRESA<\/span><\/span><\/strong><\/p>\n<ul>\n<li>Antivirus.<\/li>\n<li>Imprescindible para garantizar la seguridad de cualquier red de ordenadores.<\/li>\n<li>Correo.<\/li>\n<li>Optimizaci\u00f3n del servicio de correo electr\u00f3nico.<\/li>\n<li>Comunicaciones.<\/li>\n<li>R\u00e1pidas, fiables y seguras con la mejor relaci\u00f3n calidad \/ precio.<\/li>\n<li>Acceso a Internet bajo control.<\/li>\n<li>Acceso a Internet de forma segura y controlada.<\/li>\n<li>Servidores.<\/li>\n<li>Garantice la disponibilidad de sus servidores y maximice su rendimiento.<\/li>\n<li>Virtualizaci\u00f3n.<\/li>\n<li>Incremente la eficacia de sus recursos HW a trav\u00e9s de la virtualizaci\u00f3n de servicios.<\/li>\n<li>Back ups.<\/li>\n<li>La correcta gesti\u00f3n de sus copias de seguridad garantiza la continuidad de su negocio.<\/li>\n<li>Telefon\u00eda IP.<\/li>\n<li>Incrementa la eficacia en costes, flexibilidad y comodidad de gesti\u00f3n.<\/li>\n<li>Firewall.<\/li>\n<li>Garantiza la seguridad de su red interna frente al exterior.<\/li>\n<li>Cloud Computing.<\/li>\n<li>\u00bfC\u00f3mo y cu\u00e1ndo la empresa puede migrar a la nube?<\/li>\n<\/ul>\n<hr \/>\n<section>\n<div class=\"row\">\n<div class=\"col col-100 margen-abajo\">\n<h2 class=\"titular-intermedio\"><strong><span style=\"font-size: 18pt; color: #339966;\">Soporte<\/span><\/strong><\/h2>\n<p>Seleccione la opci\u00f3n de soporte que necesite y encuentre servicio y asistencia para sus productos de ofim\u00e1tica, inform\u00e1tica y software, de una manera r\u00e1pida y sencilla. Si no encuentra lo que busca, tiene dudas, o necesita realizar cualquier otro tipo de consulta, por favor, p\u00f3ngase en contacto con nosotros<\/p>\n<div style=\"font-size: 14pt; text-align: center; width: 100%;\"><span id=\"texto_soporte\">AVISO T\u00c9CNICO<\/span><span id=\"texto_soporte\">PETICI\u00d3N DE CONSUMIBLES<\/span><span id=\"texto_soporte\">DRIVERS<\/span><span id=\"texto_soporte\">CONEXI\u00d3N REMOTA<\/span><\/div>\n<div><\/div>\n<\/div>\n<\/div>\n<\/section>\n<section><\/section>\n<section><\/section>\n<section>\u00a0<\/section>\n<section><a id=\"cajavolver\" href=\"https:\/\/www.syscel.com\/ns\/servicios\/profesionales\/\">&lt;&lt;Volver a profesionales<\/a><\/section>\n","protected":false},"excerpt":{"rendered":"<p>Syscel pone a disposici\u00f3n de los profesionales todos sus conocimientos y\u00a0experiencia orientados a dar a conocer y asesorar sobre las \u00faltimas tecnolog\u00edas disponibles, para as\u00ed poder obtener el m\u00e1ximo rendimiento de los mismos, siempre bajo el paraguas normativo\u00a0y con unos costes muy competitivos. En Syscel le asesoramos para que todos los recursos tecnol\u00f3gicos que su [&hellip;]<\/p>\n","protected":false},"author":1,"featured_media":0,"parent":640,"menu_order":0,"comment_status":"closed","ping_status":"closed","template":"","meta":{"_et_pb_use_builder":"","_et_pb_old_content":"","_et_gb_content_width":"","footnotes":""},"class_list":["post-735","page","type-page","status-publish","hentry"],"_links":{"self":[{"href":"https:\/\/www.syscel.com\/ns\/wp-json\/wp\/v2\/pages\/735","targetHints":{"allow":["GET"]}}],"collection":[{"href":"https:\/\/www.syscel.com\/ns\/wp-json\/wp\/v2\/pages"}],"about":[{"href":"https:\/\/www.syscel.com\/ns\/wp-json\/wp\/v2\/types\/page"}],"author":[{"embeddable":true,"href":"https:\/\/www.syscel.com\/ns\/wp-json\/wp\/v2\/users\/1"}],"replies":[{"embeddable":true,"href":"https:\/\/www.syscel.com\/ns\/wp-json\/wp\/v2\/comments?post=735"}],"version-history":[{"count":67,"href":"https:\/\/www.syscel.com\/ns\/wp-json\/wp\/v2\/pages\/735\/revisions"}],"predecessor-version":[{"id":6907,"href":"https:\/\/www.syscel.com\/ns\/wp-json\/wp\/v2\/pages\/735\/revisions\/6907"}],"up":[{"embeddable":true,"href":"https:\/\/www.syscel.com\/ns\/wp-json\/wp\/v2\/pages\/640"}],"wp:attachment":[{"href":"https:\/\/www.syscel.com\/ns\/wp-json\/wp\/v2\/media?parent=735"}],"curies":[{"name":"wp","href":"https:\/\/api.w.org\/{rel}","templated":true}]}}