{"id":792,"date":"2017-04-06T09:34:51","date_gmt":"2017-04-06T07:34:51","guid":{"rendered":"http:\/\/www.syscel.com\/ns\/?page_id=792"},"modified":"2024-03-27T18:07:41","modified_gmt":"2024-03-27T17:07:41","slug":"programas-informaticos","status":"publish","type":"page","link":"https:\/\/www.syscel.com\/ns\/servicios\/particulares\/programas-informaticos\/","title":{"rendered":"PROGRAMAS INFORM\u00c1TICOS"},"content":{"rendered":"<div id=\"attachment_2735\" style=\"width: 1450px\" class=\"wp-caption aligncenter\"><img fetchpriority=\"high\" fetchpriority=\"high\" decoding=\"async\" aria-describedby=\"caption-attachment-2735\" class=\"wp-image-2735 size-full\" src=\"https:\/\/www.syscel.com\/ns\/wp-content\/uploads\/2017\/04\/sistemas-e1711556592770.jpg\" alt=\"\" width=\"1440\" height=\"729\" srcset=\"https:\/\/www.syscel.com\/ns\/wp-content\/uploads\/2017\/04\/sistemas-e1711556592770.jpg 1440w, https:\/\/www.syscel.com\/ns\/wp-content\/uploads\/2017\/04\/sistemas-e1711556592770-300x152.jpg 300w, https:\/\/www.syscel.com\/ns\/wp-content\/uploads\/2017\/04\/sistemas-e1711556592770-768x389.jpg 768w, https:\/\/www.syscel.com\/ns\/wp-content\/uploads\/2017\/04\/sistemas-e1711556592770-1024x518.jpg 1024w, https:\/\/www.syscel.com\/ns\/wp-content\/uploads\/2017\/04\/sistemas-e1711556592770-150x76.jpg 150w, https:\/\/www.syscel.com\/ns\/wp-content\/uploads\/2017\/04\/sistemas-e1711556592770-600x304.jpg 600w\" sizes=\"(max-width: 1440px) 100vw, 1440px\" \/><p id=\"caption-attachment-2735\" class=\"wp-caption-text\"><span style=\"font-size: 14pt; color: #339966;\">ACTUAL\u00cdZATE<\/span><\/p><\/div>\n<h1 style=\"text-align: left;\"><\/h1>\n<h1 style=\"text-align: left;\"><strong><span style=\"font-size: 18pt; color: #339966;\">LE ASESORAMOS EN LA UTILIZACI\u00d3N DE LOS SOFTWARE IMPRESCINDIBLES<\/span><\/strong><\/h1>\n<p style=\"text-align: justify;\"><strong>En Syscel le informamos sobre los programas inform\u00e1ticos que se deben dominar para sacar el m\u00e1ximo provecho a su ordenador,<\/strong> los imprescindibles para sus estudios e incluso para sus aspiraciones laborales y los necesarios para el mantenimiento de la seguridad (<strong> tanto en Internet como de sus datos<\/strong> ), la <strong>eliminaci\u00f3n de archivos<\/strong> basura y de <strong>programas innecesarios<\/strong>, los <strong>programas de almacenamiento<\/strong> alternativos a sus propios recursos, y muchos m\u00e1s que ser\u00e1n de una gran utilidad.<\/p>\n<h2><strong><span style=\"color: #339966; font-size: 14pt;\">LE VENDEMOS E INSTALAMOS CUALQUIER PROGRAMA QUE NECESITE<\/span><\/strong><\/h2>\n<ul>\n<li><span style=\"font-size: 14pt;\">SISTEMAS OPERATIVOS TANTO PARA ORDENADORES COMO PARA M\u00d3VILES\u00a0:<\/span>\n<ul>\n<li style=\"text-align: justify;\">\u00a0WINDOWS, LINUX, MAC OS, FREE BSD, SOLARIS, REDHAT, SUNCOBALT<\/li>\n<li style=\"text-align: justify;\">\u00a0ANDROID, IOS , BLACKBERRY, WINDOWS 8 PHONE<\/li>\n<\/ul>\n<\/li>\n<\/ul>\n<div><\/div>\n<div><\/div>\n<div><\/div>\n<div><\/div>\n<div><img decoding=\"async\" class=\"size-medium wp-image-6994 alignleft\" src=\"https:\/\/www.syscel.com\/ns\/wp-content\/uploads\/2024\/03\/logo-full-300x108.png\" alt=\"\" width=\"300\" height=\"108\" srcset=\"https:\/\/www.syscel.com\/ns\/wp-content\/uploads\/2024\/03\/logo-full-300x108.png 300w, https:\/\/www.syscel.com\/ns\/wp-content\/uploads\/2024\/03\/logo-full-150x54.png 150w, https:\/\/www.syscel.com\/ns\/wp-content\/uploads\/2024\/03\/logo-full.png 485w\" sizes=\"(max-width: 300px) 100vw, 300px\" \/><img decoding=\"async\" class=\"size-medium wp-image-6999 alignleft\" src=\"https:\/\/www.syscel.com\/ns\/wp-content\/uploads\/2024\/03\/Red_Hat-Logo.wine_-300x200.png\" alt=\"\" width=\"300\" height=\"200\" srcset=\"https:\/\/www.syscel.com\/ns\/wp-content\/uploads\/2024\/03\/Red_Hat-Logo.wine_-300x200.png 300w, https:\/\/www.syscel.com\/ns\/wp-content\/uploads\/2024\/03\/Red_Hat-Logo.wine_-1024x683.png 1024w, https:\/\/www.syscel.com\/ns\/wp-content\/uploads\/2024\/03\/Red_Hat-Logo.wine_-768x512.png 768w, https:\/\/www.syscel.com\/ns\/wp-content\/uploads\/2024\/03\/Red_Hat-Logo.wine_-1536x1024.png 1536w, https:\/\/www.syscel.com\/ns\/wp-content\/uploads\/2024\/03\/Red_Hat-Logo.wine_-2048x1365.png 2048w, https:\/\/www.syscel.com\/ns\/wp-content\/uploads\/2024\/03\/Red_Hat-Logo.wine_-150x100.png 150w, https:\/\/www.syscel.com\/ns\/wp-content\/uploads\/2024\/03\/Red_Hat-Logo.wine_-600x400.png 600w\" sizes=\"(max-width: 300px) 100vw, 300px\" \/><\/div>\n<div><\/div>\n<div><img loading=\"lazy\" loading=\"lazy\" decoding=\"async\" class=\"wp-image-6997  alignleft\" src=\"https:\/\/www.syscel.com\/ns\/wp-content\/uploads\/2024\/03\/linux-300x300.png\" alt=\"\" width=\"201\" height=\"201\" srcset=\"https:\/\/www.syscel.com\/ns\/wp-content\/uploads\/2024\/03\/linux-300x300.png 300w, https:\/\/www.syscel.com\/ns\/wp-content\/uploads\/2024\/03\/linux-150x150.png 150w, https:\/\/www.syscel.com\/ns\/wp-content\/uploads\/2024\/03\/linux-100x100.png 100w, https:\/\/www.syscel.com\/ns\/wp-content\/uploads\/2024\/03\/linux.png 512w\" sizes=\"(max-width: 201px) 100vw, 201px\" \/><\/div>\n<div><\/div>\n<div><\/div>\n<p><img loading=\"lazy\" loading=\"lazy\" decoding=\"async\" class=\"wp-image-6992 alignleft\" src=\"https:\/\/www.syscel.com\/ns\/wp-content\/uploads\/2024\/03\/Solaris-Logo-2005-300x188.png\" alt=\"\" width=\"236\" height=\"148\" srcset=\"https:\/\/www.syscel.com\/ns\/wp-content\/uploads\/2024\/03\/Solaris-Logo-2005-300x188.png 300w, https:\/\/www.syscel.com\/ns\/wp-content\/uploads\/2024\/03\/Solaris-Logo-2005-1024x640.png 1024w, https:\/\/www.syscel.com\/ns\/wp-content\/uploads\/2024\/03\/Solaris-Logo-2005-768x480.png 768w, https:\/\/www.syscel.com\/ns\/wp-content\/uploads\/2024\/03\/Solaris-Logo-2005-150x94.png 150w, https:\/\/www.syscel.com\/ns\/wp-content\/uploads\/2024\/03\/Solaris-Logo-2005-600x375.png 600w, https:\/\/www.syscel.com\/ns\/wp-content\/uploads\/2024\/03\/Solaris-Logo-2005.png 1280w\" sizes=\"(max-width: 236px) 100vw, 236px\" \/><\/p>\n<p><img loading=\"lazy\" loading=\"lazy\" decoding=\"async\" class=\"size-medium wp-image-6996 alignleft\" src=\"https:\/\/www.syscel.com\/ns\/wp-content\/uploads\/2024\/03\/ventanas-300x300.png\" alt=\"\" width=\"300\" height=\"300\" srcset=\"https:\/\/www.syscel.com\/ns\/wp-content\/uploads\/2024\/03\/ventanas-300x300.png 300w, https:\/\/www.syscel.com\/ns\/wp-content\/uploads\/2024\/03\/ventanas-150x150.png 150w, https:\/\/www.syscel.com\/ns\/wp-content\/uploads\/2024\/03\/ventanas-100x100.png 100w, https:\/\/www.syscel.com\/ns\/wp-content\/uploads\/2024\/03\/ventanas.png 512w\" sizes=\"(max-width: 300px) 100vw, 300px\" \/><\/p>\n<p><img loading=\"lazy\" loading=\"lazy\" decoding=\"async\" class=\"size-medium wp-image-6995 alignnone\" src=\"https:\/\/www.syscel.com\/ns\/wp-content\/uploads\/2024\/03\/mac-os-300x225.jpg\" alt=\"\" width=\"300\" height=\"225\" srcset=\"https:\/\/www.syscel.com\/ns\/wp-content\/uploads\/2024\/03\/mac-os-300x225.jpg 300w, https:\/\/www.syscel.com\/ns\/wp-content\/uploads\/2024\/03\/mac-os-768x576.jpg 768w, https:\/\/www.syscel.com\/ns\/wp-content\/uploads\/2024\/03\/mac-os-150x113.jpg 150w, https:\/\/www.syscel.com\/ns\/wp-content\/uploads\/2024\/03\/mac-os-600x450.jpg 600w, https:\/\/www.syscel.com\/ns\/wp-content\/uploads\/2024\/03\/mac-os.jpg 866w\" sizes=\"(max-width: 300px) 100vw, 300px\" \/><\/p>\n<p><span style=\"font-size: 14pt;\">\u00a0<\/span><\/p>\n<p><span style=\"font-size: 14pt;\">\u00a0<\/span><\/p>\n<ul style=\"list-style-type: circle;\">\n<li><span style=\"font-size: 14pt;\">PROGRAMAS INFORM\u00c1TICOS PARA REALIZACI\u00d3N DE UNA TAREA:<\/span><\/li>\n<\/ul>\n<ul>\n<li style=\"list-style-type: none;\">\n<ul>\n<li style=\"text-align: justify;\">PAQUETE MICROSOFT OFFICE ( WORD, EXCEL, POWERPOINT, ACCES&#8230;.)<\/li>\n<li style=\"text-align: justify;\">PROGRAMAS RELACIONADOS CON BASE DE DATOS ( SQL, ORACLE, DATAWAREHOUSE&#8230;)<\/li>\n<li style=\"text-align: justify;\">PROGRAMAS RELACIONADOS CON LA IMAGEN, DISE\u00d1O ( PHOTOSHOP, INDESING&#8230;. )<\/li>\n<li style=\"text-align: justify;\">PROGRAMAS DE GESTION ADMINISTRATIVA Y FINANCIERA ( PAQUETE CONTAPLUS, FACTUSOL, SAP&#8230;. )<\/li>\n<li style=\"text-align: justify;\">PROGRAMAS RELACIONADOS CON EL MUNDO AUDIOVISUAL ( FINAL CUT PRO&#8230;. )<\/li>\n<\/ul>\n<\/li>\n<\/ul>\n<div style=\"width: 100%;\">\n<div id=\"caja_sistemas4\"><img loading=\"lazy\" loading=\"lazy\" decoding=\"async\" class=\"alignnone size-full wp-image-2299\" src=\"http:\/\/www.syscel.com\/ns\/wp-content\/uploads\/2017\/04\/OFFICE.png\" alt=\"\" width=\"310\" height=\"220\" \/><\/div>\n<div id=\"caja_sistemas4\"><img loading=\"lazy\" loading=\"lazy\" decoding=\"async\" class=\"alignnone size-full wp-image-2303\" src=\"http:\/\/www.syscel.com\/ns\/wp-content\/uploads\/2017\/04\/PHOTOSHOP.jpg\" alt=\"\" width=\"225\" height=\"225\" srcset=\"https:\/\/www.syscel.com\/ns\/wp-content\/uploads\/2017\/04\/PHOTOSHOP.jpg 225w, https:\/\/www.syscel.com\/ns\/wp-content\/uploads\/2017\/04\/PHOTOSHOP-150x150.jpg 150w\" sizes=\"(max-width: 225px) 100vw, 225px\" \/><\/div>\n<div id=\"caja_sistemas4\"><img loading=\"lazy\" loading=\"lazy\" decoding=\"async\" class=\"alignnone size-full wp-image-2300\" src=\"http:\/\/www.syscel.com\/ns\/wp-content\/uploads\/2017\/04\/contaplus.png\" alt=\"\" width=\"250\" height=\"250\" srcset=\"https:\/\/www.syscel.com\/ns\/wp-content\/uploads\/2017\/04\/contaplus.png 250w, https:\/\/www.syscel.com\/ns\/wp-content\/uploads\/2017\/04\/contaplus-150x150.png 150w\" sizes=\"(max-width: 250px) 100vw, 250px\" \/><\/div>\n<div id=\"caja_sistemas4\"><img loading=\"lazy\" loading=\"lazy\" decoding=\"async\" class=\"alignnone size-full wp-image-2302\" src=\"http:\/\/www.syscel.com\/ns\/wp-content\/uploads\/2017\/04\/oracle-new-580x224_tcm21-40862.png\" alt=\"\" width=\"250\" height=\"224\" \/><\/div>\n<\/div>\n<ul>\n<li><span style=\"font-size: 14pt;\">PROGRAMAS INFORM\u00c1TICOS QUE REALIZAN UNA FUNCI\u00d3N MUY CONCRETA:<\/span>\n<ul>\n<li style=\"text-align: justify;\">ANTIVIRUS, LIMPIEZA DE SOFTWARE BASURA O IMNECESARIO, ANTISPAM, ETC&#8230;.<\/li>\n<li style=\"text-align: justify;\">NAVEGADORES Y BUSCADORES<\/li>\n<li style=\"text-align: justify;\">CONTROL REMOTO, COPIAS DE SEGURIDAD, REPRODUCTOR DE V\u00cdDEOS, ETC&#8230;<\/li>\n<li style=\"text-align: justify;\">COMUNICACI\u00d3N E INTERACCI\u00d3N ( REDES SOCIALES, ETC&#8230; )<\/li>\n<\/ul>\n<\/li>\n<\/ul>\n<div style=\"width: 100%;\">\n<div id=\"caja_sistemas2\"><img loading=\"lazy\" loading=\"lazy\" decoding=\"async\" class=\"wp-image-2441 alignleft\" src=\"http:\/\/www.syscel.com\/ns\/wp-content\/uploads\/2017\/04\/syscel-antivirus-programas-300x250.jpg\" alt=\"\" width=\"379\" height=\"316\" srcset=\"https:\/\/www.syscel.com\/ns\/wp-content\/uploads\/2017\/04\/syscel-antivirus-programas.jpg 300w, https:\/\/www.syscel.com\/ns\/wp-content\/uploads\/2017\/04\/syscel-antivirus-programas-150x125.jpg 150w\" sizes=\"(max-width: 379px) 100vw, 379px\" \/><\/div>\n<div id=\"caja_sistemas2\"><img loading=\"lazy\" loading=\"lazy\" decoding=\"async\" class=\"wp-image-2305 alignright\" src=\"http:\/\/www.syscel.com\/ns\/wp-content\/uploads\/2017\/04\/redes-sociales-300x150.png\" alt=\"\" width=\"519\" height=\"259\" srcset=\"https:\/\/www.syscel.com\/ns\/wp-content\/uploads\/2017\/04\/redes-sociales-300x150.png 300w, https:\/\/www.syscel.com\/ns\/wp-content\/uploads\/2017\/04\/redes-sociales-768x384.png 768w, https:\/\/www.syscel.com\/ns\/wp-content\/uploads\/2017\/04\/redes-sociales-150x75.png 150w, https:\/\/www.syscel.com\/ns\/wp-content\/uploads\/2017\/04\/redes-sociales.png 1000w\" sizes=\"(max-width: 519px) 100vw, 519px\" \/><\/div>\n<\/div>\n<p><a id=\"cajavolver\" href=\"http:\/\/www.syscel.com\/ns\/servicios\/particulares\/\">&lt;&lt;Volver a particulares<\/a><\/p>\n","protected":false},"excerpt":{"rendered":"<p>LE ASESORAMOS EN LA UTILIZACI\u00d3N DE LOS SOFTWARE IMPRESCINDIBLES En Syscel le informamos sobre los programas inform\u00e1ticos que se deben dominar para sacar el m\u00e1ximo provecho a su ordenador, los imprescindibles para sus estudios e incluso para sus aspiraciones laborales y los necesarios para el mantenimiento de la seguridad ( tanto en Internet como de [&hellip;]<\/p>\n","protected":false},"author":1,"featured_media":0,"parent":636,"menu_order":0,"comment_status":"closed","ping_status":"closed","template":"","meta":{"_et_pb_use_builder":"","_et_pb_old_content":"","_et_gb_content_width":"","footnotes":""},"class_list":["post-792","page","type-page","status-publish","hentry"],"_links":{"self":[{"href":"https:\/\/www.syscel.com\/ns\/wp-json\/wp\/v2\/pages\/792","targetHints":{"allow":["GET"]}}],"collection":[{"href":"https:\/\/www.syscel.com\/ns\/wp-json\/wp\/v2\/pages"}],"about":[{"href":"https:\/\/www.syscel.com\/ns\/wp-json\/wp\/v2\/types\/page"}],"author":[{"embeddable":true,"href":"https:\/\/www.syscel.com\/ns\/wp-json\/wp\/v2\/users\/1"}],"replies":[{"embeddable":true,"href":"https:\/\/www.syscel.com\/ns\/wp-json\/wp\/v2\/comments?post=792"}],"version-history":[{"count":80,"href":"https:\/\/www.syscel.com\/ns\/wp-json\/wp\/v2\/pages\/792\/revisions"}],"predecessor-version":[{"id":7029,"href":"https:\/\/www.syscel.com\/ns\/wp-json\/wp\/v2\/pages\/792\/revisions\/7029"}],"up":[{"embeddable":true,"href":"https:\/\/www.syscel.com\/ns\/wp-json\/wp\/v2\/pages\/636"}],"wp:attachment":[{"href":"https:\/\/www.syscel.com\/ns\/wp-json\/wp\/v2\/media?parent=792"}],"curies":[{"name":"wp","href":"https:\/\/api.w.org\/{rel}","templated":true}]}}