{"id":796,"date":"2017-04-06T09:41:06","date_gmt":"2017-04-06T07:41:06","guid":{"rendered":"http:\/\/www.syscel.com\/ns\/?page_id=796"},"modified":"2024-03-27T17:21:54","modified_gmt":"2024-03-27T16:21:54","slug":"asesoramiento-tecnologico","status":"publish","type":"page","link":"https:\/\/www.syscel.com\/ns\/servicios\/particulares\/asesoramiento-tecnologico\/","title":{"rendered":"ASESORAMIENTO TECNOL\u00d3GICO"},"content":{"rendered":"<div id=\"attachment_3562\" style=\"width: 1210px\" class=\"wp-caption alignnone\"><img fetchpriority=\"high\" fetchpriority=\"high\" decoding=\"async\" aria-describedby=\"caption-attachment-3562\" class=\"wp-image-3562 size-full\" src=\"http:\/\/www.syscel.com\/ns\/wp-content\/uploads\/2017\/04\/syscel-compras-online-seguras-alicante.jpg\" alt=\"\" width=\"1200\" height=\"400\" srcset=\"https:\/\/www.syscel.com\/ns\/wp-content\/uploads\/2017\/04\/syscel-compras-online-seguras-alicante.jpg 1200w, https:\/\/www.syscel.com\/ns\/wp-content\/uploads\/2017\/04\/syscel-compras-online-seguras-alicante-300x100.jpg 300w, https:\/\/www.syscel.com\/ns\/wp-content\/uploads\/2017\/04\/syscel-compras-online-seguras-alicante-768x256.jpg 768w, https:\/\/www.syscel.com\/ns\/wp-content\/uploads\/2017\/04\/syscel-compras-online-seguras-alicante-1024x341.jpg 1024w, https:\/\/www.syscel.com\/ns\/wp-content\/uploads\/2017\/04\/syscel-compras-online-seguras-alicante-150x50.jpg 150w\" sizes=\"(max-width: 1200px) 100vw, 1200px\" \/><p id=\"caption-attachment-3562\" class=\"wp-caption-text\"><span style=\"font-size: 18pt; color: #339966;\">COMPRAS ONLINE CON TOTAL SEGURIDAD<\/span><\/p><\/div>\n<h1 style=\"text-align: center;\"><strong><span style=\"font-size: 18pt; color: #339966;\">CONF\u00cdE EN NOSOTROS. DEJE QUE LE INFORMEMOS Y LE ASESOREMOS. COMPRE INFORMADO.<\/span><\/strong><\/h1>\n<p style=\"text-align: justify;\"><strong>En Syscel conocemos y nos preocupamos por la enorme dificultad que supone adquirir un producto inform\u00e1tico en el mundo actual,<\/strong> las grandes empresas solo se preocupan por sacar el stock existente y a veces se olvidan de asesorar al cliente adecuadamente para que obtenga el producto mas acorde y adecuado para cubrir sus necesidades. <strong>La r\u00e1pida evoluci\u00f3n de la tecnolog\u00eda hace que muchos particulares, al no tener suficientes conocimientos , adquieran productos a los que no le sacan el rendimiento adecuado o incluso incurran en gastos excesivos no necesarios al no estar bien asesorados.<\/strong><\/p>\n<p style=\"text-align: justify;\"><strong>Para Nosotros la mejor compra es la que cubre la necesidad del cliente,<\/strong> teniendo en cuenta, la relaci\u00f3n <strong>calidad\/precio<\/strong> y la utilidad que se le va a dar al producto. <strong>Una mala elecci\u00f3n<\/strong> en una Impresora <strong>har\u00e1 que el coste por impresi\u00f3n sea alt\u00edsimo<\/strong>; <strong>En un ordenador, que no utilice gran parte de su potencial<\/strong> al no requerirlo su trabajo; <strong>En un port\u00e1til que la bater\u00eda se le agote antes de tiempo,<\/strong> o que la <strong>tarjeta gr\u00e1fica se le quede escasa;<\/strong> En su hogar que <strong>Internet vaya muy lento o que la Red Inal\u00e1mbrica no le llegue a todas las instancias<\/strong> con una velocidad adecuada etc&#8230;.<\/p>\n<p style=\"text-align: justify;\"><strong>Por todo estos problemas que nos aparecen constantemente en el d\u00eda a d\u00eda con nuestros clientes es por lo que ponemos a disposici\u00f3n de todos los particulares un grupo de Profesionales dispuestos a atenderles y resolverles todas esas dudas que le surjan,<\/strong> para que puedan tomar la mejor decisi\u00f3n sin incurrir en gastos innecesarios o en productos no adecuados a su necesidad.<\/p>\n<div style=\"width: 100%;\">\n<div id=\"caja_sistemas4\"><img decoding=\"async\" id=\"img_cien\" class=\"alignleft wp-image-2247 \" src=\"http:\/\/www.syscel.com\/ns\/wp-content\/uploads\/2017\/04\/3-29-300x200.jpg\" alt=\"\" width=\"270\" height=\"150\" \/><\/div>\n<div id=\"img_none\"><img decoding=\"async\" class=\"wp-image-2249 alignleft\" src=\"http:\/\/www.syscel.com\/ns\/wp-content\/uploads\/2017\/04\/14615942-Senior-hombre-usando-la-computadora-port-til-mientras-que-mirando-confundido-sobre-fondo-blanco-Foto-de-archivo-300x200.jpg\" alt=\"\" width=\"270\" height=\"150\" \/><\/div>\n<div id=\"img_none\"><img loading=\"lazy\" loading=\"lazy\" decoding=\"async\" class=\"wp-image-2737 alignleft\" src=\"http:\/\/www.syscel.com\/ns\/wp-content\/uploads\/2017\/04\/online-u-offline-300x300.jpg\" alt=\"\" width=\"230\" height=\"150\" \/><\/div>\n<div id=\"caja_sistemas4\"><img loading=\"lazy\" loading=\"lazy\" decoding=\"async\" id=\"img_cien\" class=\"wp-image-2739 alignleft\" src=\"http:\/\/www.syscel.com\/ns\/wp-content\/uploads\/2017\/04\/ONLINE8-300x150.jpg\" alt=\"\" width=\"270\" height=\"180\" \/><\/div>\n<\/div>\n<div style=\"width: 100%;\">\n<p style=\"text-align: justify;\"><strong><span style=\"color: #339966;\">EN SYSCEL ENCONTRAR\u00c1 ASESORAMIENTO TOTALMENTE PERSONALIZADO A SU NECESIDAD EN UNA AMPLIA GAMA DE TEMAS<\/span><\/strong><\/p>\n<ul>\n<li style=\"text-align: justify;\">ASESORAMIENTO EN ADQUISICI\u00d3N DE ORDENADORES, PORT\u00c1TILES E IMPRESORAS.<\/li>\n<li style=\"text-align: justify;\">ASESORAMIENTO EN INSTALACI\u00d3N EN EL HOGAR DE REDES TANTO CABLEADAS COMO INAL\u00c1MBRICAS.<\/li>\n<li style=\"text-align: justify;\">ASESORAMIENTO EN SOLUCIONES DE ALMACENAMIENTO PARA EVITAR PERDIDAS DE DATOS IMPORTANTES.<\/li>\n<li style=\"text-align: justify;\">ASESORAMIENTO EN SISTEMA DE PROTECCI\u00d3N DE EQUIPOS ANTE ALTERACIONES EL\u00c9CTRICAS.<\/li>\n<li style=\"text-align: justify;\">ASESORAMIENTO EN GARANT\u00cdAS DE LOS PRODUCTOS Y GESTI\u00d3N DE LAS MISMAS.<\/li>\n<li style=\"text-align: justify;\">ASESORAMIENTO EN UTILIZACI\u00d3N DE ORDENADORES, PORT\u00c1TILES Y DISPOSITIVOS.<\/li>\n<li style=\"text-align: justify;\">ASESORAMIENTO EN UTILIZACI\u00d3N DE PROGRAMAS, ANTIVIRUS Y COPIAS DE SEGURIDAD.<\/li>\n<li style=\"text-align: justify;\">ASESORAMIENTO EN COMPRAS ONLINE SEGURAS<\/li>\n<li style=\"text-align: justify;\">Y MUCHO MAS.<\/li>\n<\/ul>\n<\/div>\n<p><a id=\"cajavolver\" href=\"http:\/\/www.syscel.com\/ns\/servicios\/particulares\/\">&lt;&lt;Volver a particulares<\/a><\/p>\n","protected":false},"excerpt":{"rendered":"<p>CONF\u00cdE EN NOSOTROS. DEJE QUE LE INFORMEMOS Y LE ASESOREMOS. COMPRE INFORMADO. En Syscel conocemos y nos preocupamos por la enorme dificultad que supone adquirir un producto inform\u00e1tico en el mundo actual, las grandes empresas solo se preocupan por sacar el stock existente y a veces se olvidan de asesorar al cliente adecuadamente para que [&hellip;]<\/p>\n","protected":false},"author":1,"featured_media":0,"parent":636,"menu_order":0,"comment_status":"closed","ping_status":"closed","template":"","meta":{"_et_pb_use_builder":"","_et_pb_old_content":"","_et_gb_content_width":"","footnotes":""},"class_list":["post-796","page","type-page","status-publish","hentry"],"_links":{"self":[{"href":"https:\/\/www.syscel.com\/ns\/wp-json\/wp\/v2\/pages\/796","targetHints":{"allow":["GET"]}}],"collection":[{"href":"https:\/\/www.syscel.com\/ns\/wp-json\/wp\/v2\/pages"}],"about":[{"href":"https:\/\/www.syscel.com\/ns\/wp-json\/wp\/v2\/types\/page"}],"author":[{"embeddable":true,"href":"https:\/\/www.syscel.com\/ns\/wp-json\/wp\/v2\/users\/1"}],"replies":[{"embeddable":true,"href":"https:\/\/www.syscel.com\/ns\/wp-json\/wp\/v2\/comments?post=796"}],"version-history":[{"count":51,"href":"https:\/\/www.syscel.com\/ns\/wp-json\/wp\/v2\/pages\/796\/revisions"}],"predecessor-version":[{"id":6986,"href":"https:\/\/www.syscel.com\/ns\/wp-json\/wp\/v2\/pages\/796\/revisions\/6986"}],"up":[{"embeddable":true,"href":"https:\/\/www.syscel.com\/ns\/wp-json\/wp\/v2\/pages\/636"}],"wp:attachment":[{"href":"https:\/\/www.syscel.com\/ns\/wp-json\/wp\/v2\/media?parent=796"}],"curies":[{"name":"wp","href":"https:\/\/api.w.org\/{rel}","templated":true}]}}