{"id":797,"date":"2017-04-06T09:41:24","date_gmt":"2017-04-06T07:41:24","guid":{"rendered":"http:\/\/www.syscel.com\/ns\/?page_id=797"},"modified":"2024-03-27T13:38:51","modified_gmt":"2024-03-27T12:38:51","slug":"cursos-presonalizados","status":"publish","type":"page","link":"https:\/\/www.syscel.com\/ns\/servicios\/particulares\/cursos-presonalizados\/","title":{"rendered":"CURSOS PERSONALIZADOS"},"content":{"rendered":"<div id=\"attachment_3564\" style=\"width: 1210px\" class=\"wp-caption aligncenter\"><img fetchpriority=\"high\" fetchpriority=\"high\" decoding=\"async\" aria-describedby=\"caption-attachment-3564\" class=\"wp-image-3564 size-full\" src=\"https:\/\/www.syscel.com\/ns\/wp-content\/uploads\/2017\/04\/syscel-educacion-alicante-tecnico.jpg\" alt=\"\" width=\"1200\" height=\"400\" srcset=\"https:\/\/www.syscel.com\/ns\/wp-content\/uploads\/2017\/04\/syscel-educacion-alicante-tecnico.jpg 1200w, https:\/\/www.syscel.com\/ns\/wp-content\/uploads\/2017\/04\/syscel-educacion-alicante-tecnico-300x100.jpg 300w, https:\/\/www.syscel.com\/ns\/wp-content\/uploads\/2017\/04\/syscel-educacion-alicante-tecnico-768x256.jpg 768w, https:\/\/www.syscel.com\/ns\/wp-content\/uploads\/2017\/04\/syscel-educacion-alicante-tecnico-1024x341.jpg 1024w, https:\/\/www.syscel.com\/ns\/wp-content\/uploads\/2017\/04\/syscel-educacion-alicante-tecnico-150x50.jpg 150w\" sizes=\"(max-width: 1200px) 100vw, 1200px\" \/><p id=\"caption-attachment-3564\" class=\"wp-caption-text\"><span style=\"font-size: 16pt; font-family: arial, helvetica, sans-serif; color: #339966;\">LA INFORM\u00c1TICA\u00a0 A TU ALCANCE <\/span><\/p><\/div>\n<h1 style=\"text-align: center;\"><strong><span style=\"font-size: 18pt; color: #339966; font-family: arial, helvetica, sans-serif;\">EL CONOCIMIENTO COMO CENTRO DE NUESTRO TRABAJO<\/span><\/strong><\/h1>\n<p style=\"text-align: justify;\"><span style=\"font-family: arial, helvetica, sans-serif;\">El <strong><span style=\"color: #008000;\">Objetivo principal<\/span><\/strong> es <strong>acercar, motivar y entrenar a las personas en el uso de las nuevas tecnolog\u00edas<\/strong>, y<strong> que ni la edad , los miedos, ni la falta de conocimientos sea un impedimento para poder acceder al gran mundo de posibilidades que nos ofrece la evoluci\u00f3n tecnol\u00f3gica<\/strong>. El acceso a cualquier informaci\u00f3n al instante, el estar conectados con nuestro entorno, amigos, familiares, aunque que est\u00e9n a miles de km., el poder participar y dar nuestra opini\u00f3n en cualquier foro que nos interese, en acceder, sin movernos, a cualquier informaci\u00f3n p\u00fablica de nuestro inter\u00e9s, a realizar compras con total seguridad sin movernos de casa, etc&#8230;. se han convertido en necesidades imprescindibles hoy en d\u00eda que hacen que nuestra vida cotidiana sea mucho mas c\u00f3moda y din\u00e1mica.<\/span><\/p>\n<p style=\"text-align: justify;\"><span style=\"font-family: arial, helvetica, sans-serif;\">Ofrecemos a todas aquellas personas con motivaciones y que quieran mejorar en el uso de las nuevas tecnolog\u00edas la posibilidad de adquirir los conocimientos necesarios de una forma totalmente individualizada y personalizada, sin horarios fijos, al ritmo que marque el usuario, y con el n\u00ba de clases que el interesado considere.<\/span><\/p>\n<p style=\"text-align: justify;\"><span style=\"font-family: arial, helvetica, sans-serif;\"><strong>Pretendemos mejorar los conocimientos del usuario orientados a mejorar su desarrollo tanto personal como laboral.<\/strong><\/span><\/p>\n\n        <div class=\"wp-tiles-container\">\n        \n            <div id=\"wp_tiles_2\" class=\"wp-tiles-grid wp-tiles-byline-align-bottom\">\n                        \n                <div class='wp-tiles-tile' id='tile-2268'>\n                \n                    <a href=\"https:\/\/www.syscel.com\/ns\/servicios\/particulares\/cursos-presonalizados\/group-of-office-workers-showing-thumbs-up\/\" title=\"group of office workers showing thumbs up\">\n                \n                        <article class='wp-tiles-tile-with-image wp-tiles-tile-wrapper' itemscope itemtype=\"http:\/\/schema.org\/CreativeWork\">\n                        \n                            <div class='wp-tiles-tile-bg'>\n\n                                <img src='https:\/\/www.syscel.com\/ns\/wp-content\/uploads\/2017\/04\/Mejora-tecnol\u00f3gica-de-la-empresa.jpg' class='wp-tiles-img' itemprop=\"image\" \/>\n\n                            <\/div>\n                                                \n                            <div class='wp-tiles-byline'>\n\n                                <div class='wp-tiles-byline-wrapper'>\n                                                                \n                                    <div class='wp-tiles-byline-content' itemprop=\"description\">\n                                        <h4 class=\"wp-tiles-byline-title\">Objetivo Conseguido<\/h4>\n                                    <\/div>\n                                \n                                <\/div>\n\n                            <\/div>\n                        \n                        <\/article>\n                \n                    <\/a>\n                \n                <\/div>\n            \n                <div class='wp-tiles-tile' id='tile-2267'>\n                \n                    <a href=\"https:\/\/www.syscel.com\/ns\/servicios\/particulares\/cursos-presonalizados\/img_20150522113025-curso_acceso_universidad_mayores_25\/\" title=\"img_20150522113025.curso_acceso_universidad_mayores_25\">\n                \n                        <article class='wp-tiles-tile-with-image wp-tiles-tile-wrapper' itemscope itemtype=\"http:\/\/schema.org\/CreativeWork\">\n                        \n                            <div class='wp-tiles-tile-bg'>\n\n                                <img src='https:\/\/www.syscel.com\/ns\/wp-content\/uploads\/2017\/04\/img_20150522113025.curso_acceso_universidad_mayores_25.jpg' class='wp-tiles-img' itemprop=\"image\" \/>\n\n                            <\/div>\n                                                \n                            <div class='wp-tiles-byline'>\n\n                                <div class='wp-tiles-byline-wrapper'>\n                                                                \n                                    <div class='wp-tiles-byline-content' itemprop=\"description\">\n                                        <h4 class=\"wp-tiles-byline-title\">Avanzamos sin l\u00edmites<\/h4>\n                                    <\/div>\n                                \n                                <\/div>\n\n                            <\/div>\n                        \n                        <\/article>\n                \n                    <\/a>\n                \n                <\/div>\n            \n                <div class='wp-tiles-tile' id='tile-2270'>\n                \n                    <a href=\"https:\/\/www.syscel.com\/ns\/servicios\/particulares\/cursos-presonalizados\/reforma-previsional\/\" title=\"Reforma-previsional\">\n                \n                        <article class='wp-tiles-tile-with-image wp-tiles-tile-wrapper' itemscope itemtype=\"http:\/\/schema.org\/CreativeWork\">\n                        \n                            <div class='wp-tiles-tile-bg'>\n\n                                <img src='https:\/\/www.syscel.com\/ns\/wp-content\/uploads\/2017\/04\/Reforma-previsional-1024x682.jpg' class='wp-tiles-img' itemprop=\"image\" \/>\n\n                            <\/div>\n                                                \n                            <div class='wp-tiles-byline'>\n\n                                <div class='wp-tiles-byline-wrapper'>\n                                                                \n                                    <div class='wp-tiles-byline-content' itemprop=\"description\">\n                                        <h4 class=\"wp-tiles-byline-title\">La edad no es excusa<\/h4>\n                                    <\/div>\n                                \n                                <\/div>\n\n                            <\/div>\n                        \n                        <\/article>\n                \n                    <\/a>\n                \n                <\/div>\n            \n            <\/div>\n\n        <\/div>\n        \n<p style=\"text-align: justify;\"><strong><span style=\"text-decoration: underline;\"><span style=\"font-size: 14pt; color: #339966; font-family: arial, helvetica, sans-serif; text-decoration: underline;\">CURSOS ADAPTADOS A SUS NECESIDADES ESPECIFICAS, TANTO PARA EL PARTICULAR COMO PARA SU EMPRESA<\/span><\/span><\/strong><\/p>\n<p style=\"text-align: justify;\"><span style=\"font-family: arial, helvetica, sans-serif;\"><strong>Nuestros cursos est\u00e1n orientados a mejorar su formaci\u00f3n en el \u00e1rea que el usuario requiera<\/strong>, tanto a nivel individual y personal, como en el \u00e1mbito de la empresa<strong>. Ofrecemos soluciones formativas a medida y adaptadas a los objetivos que se quieran alcanzar<\/strong>, porque cada caso es diferente, hay muchas formas de contar lo mismo, pero solo una es la adecuada para ti.<\/span><\/p>\n<h3><strong><span style=\"color: #339966; font-family: arial, helvetica, sans-serif;\">PRINCIPALES CARACTER\u00cdSTICAS DE NUESTROS CURSOS<\/span><\/strong><\/h3>\n<ul>\n<li style=\"text-align: justify;\"><span style=\"font-family: arial, helvetica, sans-serif;\">Realizamos una entrevista inicial con el interesado para conocer que objetivos pretende alcanzar, tiempo disponible, ritmo del curso y lugar de realizaci\u00f3n.<\/span><\/li>\n<li style=\"text-align: justify;\"><span style=\"font-family: arial, helvetica, sans-serif;\">Realizamos un curso a la carta y coordinamos con el interesado todo los detalles del mismo.<\/span><\/li>\n<li style=\"text-align: justify;\"><span style=\"font-family: arial, helvetica, sans-serif;\">Se imparten en el domicilio o empresa del cliente y con sus propios ordenadores, o en nuestras dependencias, seg\u00fan preferencias del interesado.<\/span><\/li>\n<li style=\"text-align: justify;\"><span style=\"font-family: arial, helvetica, sans-serif;\">El horario es totalmente Flexible adecuado a cada cliente, y se puede suspender temporalmente cuando el alumno no pueda atenderlo por imprevistos personales o laborales.<\/span><\/li>\n<li style=\"text-align: justify;\"><span style=\"font-family: arial, helvetica, sans-serif;\">El n\u00ba de horas a impartir las marca el propio interesado seg\u00fan considere que ha obtenido los conocimientos necesarios.<\/span><\/li>\n<li style=\"text-align: justify;\"><span style=\"font-family: arial, helvetica, sans-serif;\">El temario es totalmente modificable y adaptable seg\u00fan los intereses del interesado.<\/span><\/li>\n<li style=\"text-align: justify;\"><span style=\"font-family: arial, helvetica, sans-serif;\">Dirigidos a todo tipo de personas y empresas, sin importar edad, conocimientos, o cualquier caracter\u00edstica especial.<\/span><\/li>\n<li style=\"text-align: justify;\"><span style=\"font-family: arial, helvetica, sans-serif;\">Nosotros ponemos a su disposici\u00f3n los recursos necesarios para impartir el curso si el interesado no dispone de los mismos.<\/span><\/li>\n<li style=\"text-align: justify;\"><span style=\"font-family: arial, helvetica, sans-serif;\">El Temario al ser personalizado es muy amplio: OFIMATICA ( Word, Excel etc..), APLICACIONES INFORM\u00c1TICAS, REDES SOCIALES, UTILIZACI\u00d3N DE EQUIPOS USO DE INTERNET, COMO PROTEGERSE EN LA RED, COMO REALIZAR COMPRAS SEGURAS POR INTERNET, ETC&#8230;.<\/span><\/li>\n<\/ul>\n\n        <div class=\"wp-tiles-container\">\n        \n            <div id=\"wp_tiles_4\" class=\"wp-tiles-grid wp-tiles-byline-align-bottom\">\n                        \n                <div class='wp-tiles-tile' id='tile-2263'>\n                \n                    <a href=\"https:\/\/www.syscel.com\/ns\/servicios\/particulares\/cursos-presonalizados\/cursos-personalizados-pc-para-adultos-mayores_c82897f_3\/\" title=\"cursos-personalizados-pc-para-adultos-mayores_c82897f_3\">\n                \n                        <article class='wp-tiles-tile-with-image wp-tiles-tile-wrapper' itemscope itemtype=\"http:\/\/schema.org\/CreativeWork\">\n                        \n                            <div class='wp-tiles-tile-bg'>\n\n                                <img src='https:\/\/www.syscel.com\/ns\/wp-content\/uploads\/2017\/04\/cursos-personalizados-pc-para-adultos-mayores_c82897f_3.jpg' class='wp-tiles-img' itemprop=\"image\" \/>\n\n                            <\/div>\n                                                \n                            <div class='wp-tiles-byline'>\n\n                                <div class='wp-tiles-byline-wrapper'>\n                                                                \n                                    <div class='wp-tiles-byline-content' itemprop=\"description\">\n                                        <h4 class=\"wp-tiles-byline-title\">Muchas metas por conseguir<\/h4>\n                                    <\/div>\n                                \n                                <\/div>\n\n                            <\/div>\n                        \n                        <\/article>\n                \n                    <\/a>\n                \n                <\/div>\n            \n                <div class='wp-tiles-tile' id='tile-2730'>\n                \n                    <a href=\"https:\/\/www.syscel.com\/ns\/servicios\/particulares\/cursos-presonalizados\/cursos9\/\" title=\"CURSOS9\">\n                \n                        <article class='wp-tiles-tile-with-image wp-tiles-tile-wrapper' itemscope itemtype=\"http:\/\/schema.org\/CreativeWork\">\n                        \n                            <div class='wp-tiles-tile-bg'>\n\n                                <img src='https:\/\/www.syscel.com\/ns\/wp-content\/uploads\/2017\/04\/CURSOS9.jpg' class='wp-tiles-img' itemprop=\"image\" \/>\n\n                            <\/div>\n                                                \n                            <div class='wp-tiles-byline'>\n\n                                <div class='wp-tiles-byline-wrapper'>\n                                                                \n                                    <div class='wp-tiles-byline-content' itemprop=\"description\">\n                                        <h4 class=\"wp-tiles-byline-title\">El mercado laboral te espera<\/h4>\n                                    <\/div>\n                                \n                                <\/div>\n\n                            <\/div>\n                        \n                        <\/article>\n                \n                    <\/a>\n                \n                <\/div>\n            \n                <div class='wp-tiles-tile' id='tile-2265'>\n                \n                    <a href=\"https:\/\/www.syscel.com\/ns\/servicios\/particulares\/cursos-presonalizados\/images-5\/\" title=\"images (5)\">\n                \n                        <article class='wp-tiles-tile-with-image wp-tiles-tile-wrapper' itemscope itemtype=\"http:\/\/schema.org\/CreativeWork\">\n                        \n                            <div class='wp-tiles-tile-bg'>\n\n                                <img src='https:\/\/www.syscel.com\/ns\/wp-content\/uploads\/2017\/04\/images-5.jpg' class='wp-tiles-img' itemprop=\"image\" \/>\n\n                            <\/div>\n                                                \n                            <div class='wp-tiles-byline'>\n\n                                <div class='wp-tiles-byline-wrapper'>\n                                                                \n                                    <div class='wp-tiles-byline-content' itemprop=\"description\">\n                                        <h4 class=\"wp-tiles-byline-title\">M\u00e1s competitivos<\/h4>\n                                    <\/div>\n                                \n                                <\/div>\n\n                            <\/div>\n                        \n                        <\/article>\n                \n                    <\/a>\n                \n                <\/div>\n            \n            <\/div>\n\n        <\/div>\n        \n<p><span style=\"font-family: arial, helvetica, sans-serif;\">\u00a0<\/span><\/p>\n<p><span style=\"font-family: arial, helvetica, sans-serif;\"><a id=\"cajavolver\" href=\"http:\/\/www.syscel.com\/ns\/servicios\/particulares\/\">&lt;&lt;Volver a particulares<\/a><\/span><\/p>\n","protected":false},"excerpt":{"rendered":"<p>EL CONOCIMIENTO COMO CENTRO DE NUESTRO TRABAJO El Objetivo principal es acercar, motivar y entrenar a las personas en el uso de las nuevas tecnolog\u00edas, y que ni la edad , los miedos, ni la falta de conocimientos sea un impedimento para poder acceder al gran mundo de posibilidades que nos ofrece la evoluci\u00f3n tecnol\u00f3gica. [&hellip;]<\/p>\n","protected":false},"author":1,"featured_media":0,"parent":636,"menu_order":0,"comment_status":"closed","ping_status":"closed","template":"","meta":{"_et_pb_use_builder":"","_et_pb_old_content":"","_et_gb_content_width":"","footnotes":""},"class_list":["post-797","page","type-page","status-publish","hentry"],"_links":{"self":[{"href":"https:\/\/www.syscel.com\/ns\/wp-json\/wp\/v2\/pages\/797","targetHints":{"allow":["GET"]}}],"collection":[{"href":"https:\/\/www.syscel.com\/ns\/wp-json\/wp\/v2\/pages"}],"about":[{"href":"https:\/\/www.syscel.com\/ns\/wp-json\/wp\/v2\/types\/page"}],"author":[{"embeddable":true,"href":"https:\/\/www.syscel.com\/ns\/wp-json\/wp\/v2\/users\/1"}],"replies":[{"embeddable":true,"href":"https:\/\/www.syscel.com\/ns\/wp-json\/wp\/v2\/comments?post=797"}],"version-history":[{"count":28,"href":"https:\/\/www.syscel.com\/ns\/wp-json\/wp\/v2\/pages\/797\/revisions"}],"predecessor-version":[{"id":6966,"href":"https:\/\/www.syscel.com\/ns\/wp-json\/wp\/v2\/pages\/797\/revisions\/6966"}],"up":[{"embeddable":true,"href":"https:\/\/www.syscel.com\/ns\/wp-json\/wp\/v2\/pages\/636"}],"wp:attachment":[{"href":"https:\/\/www.syscel.com\/ns\/wp-json\/wp\/v2\/media?parent=797"}],"curies":[{"name":"wp","href":"https:\/\/api.w.org\/{rel}","templated":true}]}}