{"id":808,"date":"2017-04-06T11:24:31","date_gmt":"2017-04-06T09:24:31","guid":{"rendered":"http:\/\/www.syscel.com\/ns\/?page_id=808"},"modified":"2024-04-02T12:55:28","modified_gmt":"2024-04-02T10:55:28","slug":"soluciones-de-gestion","status":"publish","type":"page","link":"https:\/\/www.syscel.com\/ns\/servicios\/empresas\/soluciones-de-gestion\/","title":{"rendered":"SOLUCIONES DE GESTI\u00d3N"},"content":{"rendered":"<div id=\"attachment_2629\" style=\"width: 1251px\" class=\"wp-caption aligncenter\"><img fetchpriority=\"high\" fetchpriority=\"high\" decoding=\"async\" aria-describedby=\"caption-attachment-2629\" class=\"wp-image-2629 \" src=\"https:\/\/www.syscel.com\/ns\/wp-content\/uploads\/2017\/04\/cabecera4.jpg\" alt=\"\" width=\"1241\" height=\"388\" srcset=\"https:\/\/www.syscel.com\/ns\/wp-content\/uploads\/2017\/04\/cabecera4.jpg 1600w, https:\/\/www.syscel.com\/ns\/wp-content\/uploads\/2017\/04\/cabecera4-300x94.jpg 300w, https:\/\/www.syscel.com\/ns\/wp-content\/uploads\/2017\/04\/cabecera4-768x240.jpg 768w, https:\/\/www.syscel.com\/ns\/wp-content\/uploads\/2017\/04\/cabecera4-1024x320.jpg 1024w, https:\/\/www.syscel.com\/ns\/wp-content\/uploads\/2017\/04\/cabecera4-150x47.jpg 150w\" sizes=\"(max-width: 1241px) 100vw, 1241px\" \/><p id=\"caption-attachment-2629\" class=\"wp-caption-text\"><span style=\"font-size: 14pt; color: #339966; font-family: arial, helvetica, sans-serif;\">SOLUCIONES PARA QUE TU EMPRESA SEA MAS PRODUCTIVA CON MENORES COSTES<\/span><\/p><\/div>\n<p style=\"text-align: center;\"><strong><span style=\"color: #339966; font-size: 18pt; font-family: arial, helvetica, sans-serif;\">SOLUCIONES PARA LA GESTI\u00d3N DOCUMENTAL<\/span><\/strong><\/p>\n<p style=\"text-align: justify;\"><span style=\"font-family: arial, helvetica, sans-serif;\"><strong>Contamos con las mejores multifuncionales del mercado con aplicaciones adaptadas a las necesidades de su empresa, convierta la distribuci\u00f3n y Archivo de los documentos en papel en simples procesos digitales r\u00e1pidos y eficaces.<\/strong> Soluci\u00f3n de OCR que permite transformar documentos imagen en documentos de texto editables.\u00a0Utilice su multifuncional \u00a0con los sistemas de Fax en la nube. Simplifique sus procesos de escaneado de documentos.<\/span><\/p>\n<p><img decoding=\"async\" id=\"img_cien\" class=\"alignleft\" style=\"font-size: 16px;\" src=\"https:\/\/www.syscel.com\/ns\/wp-content\/uploads\/2017\/04\/Google-Conector-610x355-300x175.jpg\" alt=\"\" width=\"300\" height=\"175\" \/><\/p>\n<p style=\"text-align: justify;\"><span style=\"font-family: arial, helvetica, sans-serif;\"><strong>Organice, archive, comparta y recupere sus documentos f\u00e1cilmente.<\/strong>\u00a0Gestiona todos los documentos de su negocio, de tal manera que pueda almacenarlos de manera segura y encontrarlos cuando los necesite.\u00a0Almacene electr\u00f3nicamente todos sus documentos para realizar r\u00e1pidamente b\u00fasquedas y consultas.\u00a0<strong>Optimice sus procesos de trabajo<\/strong> realiz\u00e1ndolos digitalmente. <strong>Ahorre costes <\/strong>incorporando la factura electr\u00f3nica a sus procesos empresariales.<\/span><\/p>\n<p><img decoding=\"async\" id=\"img_cien\" class=\"alignright\" src=\"https:\/\/www.syscel.com\/ns\/wp-content\/uploads\/2017\/04\/services-index-300x248.jpg\" alt=\"\" width=\"231\" height=\"191\" \/><\/p>\n<p style=\"text-align: justify;\"><span style=\"font-family: arial, helvetica, sans-serif;\"><strong>Imprima sus formularios y documentos empresariales desde cualquier entorno<\/strong>.\u00a0Soluci\u00f3n de impresi\u00f3n avanzada que permite que el propio usuario final pueda personalizar la impresi\u00f3n, acabado y distribuci\u00f3n de los documentos impresos. Soluci\u00f3n de impresi\u00f3n de c\u00f3digos de barra desde PCL en los dispositivos , en sistemas ERP como SAP o Microsoft Dynamics.\u00a0Soluci\u00f3n de impresi\u00f3n de c\u00f3digos de fuentes PCL Unicode y c\u00f3digos de barras que permite la impresi\u00f3n internacional sobre dispositivos.<\/span><\/p>\n<p style=\"text-align: justify;\"><span style=\"font-family: arial, helvetica, sans-serif;\">Optimice, controle y gestione sus dispositivos locales o remotos.\u00a0Monitorice y configure remotamente los equipos de impresi\u00f3n. Aplicaci\u00f3n web para la gesti\u00f3n de grandes parques de impresi\u00f3n.\u00a0Aplicaci\u00f3n para la prestaci\u00f3n de servicios de gesti\u00f3n remota proactiva del parque por parte de los partners.<\/span><\/p>\n<p><img loading=\"lazy\" loading=\"lazy\" decoding=\"async\" id=\"img_cien\" class=\"wp-image-2481 alignleft\" style=\"font-size: 16px;\" src=\"https:\/\/www.syscel.com\/ns\/wp-content\/uploads\/2017\/04\/syscel-kyoscera-productos-informatica-280x300.jpg\" alt=\"\" width=\"186\" height=\"200\" srcset=\"https:\/\/www.syscel.com\/ns\/wp-content\/uploads\/2017\/04\/syscel-kyoscera-productos-informatica-280x300.jpg 280w, https:\/\/www.syscel.com\/ns\/wp-content\/uploads\/2017\/04\/syscel-kyoscera-productos-informatica-140x150.jpg 140w, https:\/\/www.syscel.com\/ns\/wp-content\/uploads\/2017\/04\/syscel-kyoscera-productos-informatica.jpg 400w\" sizes=\"(max-width: 186px) 100vw, 186px\" \/><\/p>\n<p style=\"text-align: justify;\"><span style=\"font-family: arial, helvetica, sans-serif;\">Gestione los costes asociados a sus multifuncionales y proteja los activos de su empresa.\u00a0Aplicaci\u00f3n HyPAS para el control de la realizaci\u00f3n de copias en color en dispositivos multifuncionales.\u00a0El Kit de Autenticaci\u00f3n con Tarjetas permite realizar un control exhaustivo del uso que se hace de los equipos de impresi\u00f3n.<\/span><\/p>\n<p style=\"text-align: justify;\"><span style=\"font-family: arial, helvetica, sans-serif;\">Aproveche todas las ventajas de las soluciones de impresi\u00f3n y escaneado en movilidad.\u00a0Aplicaci\u00f3n para impresi\u00f3n \u00a0desde dispositivos Apple compatible con iPod, iPhone y iPad y Android. Imprima documentos desde dispositivos Apple sin instalar aplicaciones ni drivers.\u00a0Conecte sus equipos Multifunci\u00f3n con Google Drive y Evernote.<\/span><\/p>\n<p style=\"text-align: center;\"><strong><span style=\"color: #339966; font-size: 18pt; font-family: arial, helvetica, sans-serif;\">\u00a0<\/span><\/strong><\/p>\n<p style=\"text-align: center;\"><strong><span style=\"color: #339966; font-size: 18pt; font-family: arial, helvetica, sans-serif;\">SOLUCIONES DE SOFTWARE PARA LA GESTI\u00d3N INTEGRAL DE SU EMPRESA, PYME<\/span><\/strong><\/p>\n<p><img loading=\"lazy\" loading=\"lazy\" decoding=\"async\" class=\"alignright wp-image-7087\" src=\"https:\/\/www.syscel.com\/ns\/wp-content\/uploads\/2024\/04\/banner-e1712054936198.jpg\" alt=\"\" width=\"1070\" height=\"487\" \/><\/p>\n<p style=\"text-align: center;\"><span style=\"font-family: arial, helvetica, sans-serif;\">Descubra nuestras soluciones sectoriales, estos programas se adaptan a las necesidades de su empresa gracias a la capacidad de personalizaci\u00f3n integrada.<\/span><\/p>\n<h3 class=\"textointroduccion\" style=\"text-align: center;\"><strong><span style=\"color: #339966; font-size: 18pt; font-family: arial, helvetica, sans-serif;\">EL SOFTWARE QUE CRECE CON SU EMPRESA<\/span><\/strong><\/h3>\n<p><span style=\"font-family: arial, helvetica, sans-serif;\">Descubra el software que se adapta a su empresa, gracias a su capacidad modular y personalizable.<\/span><\/p>\n<p class=\"bannerSubtitulosector\" style=\"text-align: justify;\"><span style=\"font-family: arial, helvetica, sans-serif;\">Programas de gesti\u00f3n con un sistema modular, personalizable y adaptable a TODA EMPRESA O PYME con la posibilidad de crecer en la medida en la que necesite incorporar nuevas funcionalidades, gracias a los distintos m\u00f3dulos que incluye.<\/span><\/p>\n<p style=\"text-align: justify;\"><span style=\"font-family: arial, helvetica, sans-serif;\">Nuestros programas de gesti\u00f3n se adaptan a sus necesidades y gracias a la capacidad de personalizaci\u00f3n es posible configurar los siguientes aspectos:<\/span><\/p>\n\n        <div class=\"wp-tiles-container\">\n        \n            <div id=\"wp_tiles_2\" class=\"wp-tiles-grid wp-tiles-byline-align-bottom\">\n                        \n                <div class='wp-tiles-tile' id='tile-5082'>\n                \n                    <a href=\"https:\/\/www.syscel.com\/ns\/servicios\/empresas\/soluciones-de-gestion\/gestion_empresas_syscel_solutions\/\" title=\"Gestion_Empresas_Syscel_Solutions\">\n                \n                        <article class='wp-tiles-tile-with-image wp-tiles-tile-wrapper' itemscope itemtype=\"http:\/\/schema.org\/CreativeWork\">\n                        \n                            <div class='wp-tiles-tile-bg'>\n\n                                <img src='https:\/\/www.syscel.com\/ns\/wp-content\/uploads\/2018\/02\/Gestion_Empresas_Syscel_Solutions-1024x430.jpg' class='wp-tiles-img' itemprop=\"image\" \/>\n\n                            <\/div>\n                                                \n                        <\/article>\n                \n                    <\/a>\n                \n                <\/div>\n            \n            <\/div>\n\n        <\/div>\n        \n<ul style=\"text-align: justify;\">\n<li><span style=\"font-family: arial, helvetica, sans-serif;\"><strong>CAMPOS<\/strong>: Ampl\u00ede campos totalmente operativos a la base de datos.<\/span><\/li>\n<li><span style=\"font-family: arial, helvetica, sans-serif;\"><strong>INFORMES<\/strong>: Personalice los formatos de impresi\u00f3n a su antojo.<\/span><\/li>\n<li><span style=\"font-family: arial, helvetica, sans-serif;\"><strong>PANTALLAS<\/strong>: Adapte las pantallas del programa a sus necesidades<\/span><\/li>\n<li><span style=\"font-family: arial, helvetica, sans-serif;\"><strong>IDIOMAS<\/strong>: Seleccione el idioma del programa seg\u00fan el usuario.<\/span><\/li>\n<li><span style=\"font-family: arial, helvetica, sans-serif;\"><strong>PERFILES DE USUARIO<\/strong>: Cree perfiles de usuario con configuraci\u00f3n personalizada.<\/span><\/li>\n<li><span style=\"font-family: arial, helvetica, sans-serif;\"><strong>SCRIPTS<\/strong>: Cree y desarrolle sus propios Scripts de forma sencilla.<\/span><\/li>\n<\/ul>\n<p style=\"text-align: justify;\"><span style=\"font-family: arial, helvetica, sans-serif;\">Planifique sus<strong> COMPRAS <\/strong>c\u00f3modamente. Disfrute de un completo ciclo de <strong>VENTAS.<\/strong> Administre su<strong> TESORERIA. <\/strong>Gestione la<strong> TRAZABILIDAD <\/strong>de sus productos de forma sencilla. Cree <strong>ARTICULOS COMPUESTOS.<\/strong> Establezca un <strong>CONTROL DE PRESENCIA<\/strong>. Todos los <strong>PROCESOS DE FABRICACI\u00d3N<\/strong> bajo control. M\u00f3dulo de <strong>MOVILIDAD<\/strong>. Gestione sus <strong>REPARACIONES<\/strong> de forma r\u00e1pida y sencilla. Control Integral de sus<strong> PROCESOS.<\/strong> Disfrute del CRM para fidelizar a sus clientes. <strong>Factura electr\u00f3nica. Ilimitados Informes. Servidor de correo electr\u00f3nico <\/strong>y muchas funcionalidades m\u00e1s.<\/span><\/p>\n\n        <div class=\"wp-tiles-container\">\n        \n            <div id=\"wp_tiles_4\" class=\"wp-tiles-grid wp-tiles-byline-align-bottom\">\n                        \n                <div class='wp-tiles-tile' id='tile-5083'>\n                \n                    <a href=\"https:\/\/www.syscel.com\/ns\/servicios\/empresas\/soluciones-de-gestion\/gestion1_empresas_syscel_solutions\/\" title=\"Gestion1_Empresas_Syscel_Solutions\">\n                \n                        <article class='wp-tiles-tile-with-image wp-tiles-tile-wrapper' itemscope itemtype=\"http:\/\/schema.org\/CreativeWork\">\n                        \n                            <div class='wp-tiles-tile-bg'>\n\n                                <img src='https:\/\/www.syscel.com\/ns\/wp-content\/uploads\/2018\/02\/Gestion1_Empresas_Syscel_Solutions-1024x576.jpg' class='wp-tiles-img' itemprop=\"image\" \/>\n\n                            <\/div>\n                                                \n                        <\/article>\n                \n                    <\/a>\n                \n                <\/div>\n            \n            <\/div>\n\n        <\/div>\n        \n<p style=\"text-align: justify;\"><span style=\"font-family: arial, helvetica, sans-serif;\">Un desarrollo\u00a0software amoldado a sus procesos de trabajo supone ganar en rendimiento, control y seguridad para afrontar cualquier proyecto con solvencia.\u00a0Nuestro objetivo es ofrecer\u00a0<strong>soluciones innovadoras<\/strong>\u00a0sin necesidad de grandes desembolsos iniciales, unidos a la total versatilidad y flexibilidad de nuestros programas.<\/span><\/p>\n<p style=\"text-align: justify;\"><span style=\"font-family: arial, helvetica, sans-serif;\">Generamos una cuidada oferta para cada una de nuestras soluciones, en la que se incluyen acuerdos con fabricantes, conocimientos de tecnolog\u00edas y productos, experiencia en cada tipo de proyecto,\u00a0y principalmente la\u00a0vocaci\u00f3n de servicios a nuestros clientes que es nuestra marca de identidad.<\/span><\/p>\n<p style=\"text-align: justify;\"><span style=\"font-family: arial, helvetica, sans-serif;\"><strong><span style=\"color: #339966;\">\u00bf POR QU\u00c9 ELEGIRNOS ?<\/span><\/strong><\/span><\/p>\n<ul style=\"text-align: justify;\">\n<li style=\"text-align: justify;\"><span style=\"font-family: arial, helvetica, sans-serif;\"><strong>Innovaci\u00f3n con la colaboraci\u00f3n de los principales fabricantes<\/strong> damos\u00a0a conocer las tecnolog\u00edas m\u00e1s avanzadas, para poder ofrecerle la soluci\u00f3n adecuada de entre aquellas disponibles.<\/span><\/li>\n<li style=\"text-align: justify;\"><span style=\"font-family: arial, helvetica, sans-serif;\"><strong>Seguridad a clientes<\/strong> de productos y servicios, <strong>y fabricantes<\/strong> avalan con su confianza nuestro trabajo, y la b\u00fasqueda constante de valor para usted.<\/span><\/li>\n<li style=\"text-align: justify;\"><span style=\"font-family: arial, helvetica, sans-serif;\"><strong>Conocimiento\u00a0en el \u00e1rea<\/strong> de distribuci\u00f3n de productos como en la de provisi\u00f3n de servicios, lo que nos da una visi\u00f3n en profundidad de las ventajas y caracter\u00edsticas de cada soluci\u00f3n.<\/span><\/li>\n<li style=\"text-align: justify;\"><span style=\"font-family: arial, helvetica, sans-serif;\"><strong>Experiencia de m\u00e1s de 12 a\u00f1os<\/strong>,\u00a0unido al alto grado de satisfacci\u00f3n de nuestros clientes, avalan la confianza que puede depositar en nuestra empresa.<\/span><\/li>\n<\/ul>\n<p style=\"text-align: center;\"><span style=\"font-family: arial, helvetica, sans-serif;\"><strong>La gesti\u00f3n empresarial de las grandes empresas al alcance de todos, una nueva forma de controlar facturaci\u00f3n, clientes, inventarios, informes y m\u00e1s de la forma m\u00e1s r\u00e1pida y c\u00f3moda posible.<\/strong><\/span><\/p>\n<p><a id=\"cajavolver\" href=\"https:\/\/www.syscel.com\/ns\/servicios\/empresas\/\">&lt;&lt;Volver\u00a0a empresas<\/a><\/p>\n","protected":false},"excerpt":{"rendered":"<p>SOLUCIONES PARA LA GESTI\u00d3N DOCUMENTAL Contamos con las mejores multifuncionales del mercado con aplicaciones adaptadas a las necesidades de su empresa, convierta la distribuci\u00f3n y Archivo de los documentos en papel en simples procesos digitales r\u00e1pidos y eficaces. Soluci\u00f3n de OCR que permite transformar documentos imagen en documentos de texto editables.\u00a0Utilice su multifuncional \u00a0con los [&hellip;]<\/p>\n","protected":false},"author":1,"featured_media":0,"parent":638,"menu_order":0,"comment_status":"closed","ping_status":"closed","template":"","meta":{"_et_pb_use_builder":"","_et_pb_old_content":"","_et_gb_content_width":"","footnotes":""},"class_list":["post-808","page","type-page","status-publish","hentry"],"_links":{"self":[{"href":"https:\/\/www.syscel.com\/ns\/wp-json\/wp\/v2\/pages\/808","targetHints":{"allow":["GET"]}}],"collection":[{"href":"https:\/\/www.syscel.com\/ns\/wp-json\/wp\/v2\/pages"}],"about":[{"href":"https:\/\/www.syscel.com\/ns\/wp-json\/wp\/v2\/types\/page"}],"author":[{"embeddable":true,"href":"https:\/\/www.syscel.com\/ns\/wp-json\/wp\/v2\/users\/1"}],"replies":[{"embeddable":true,"href":"https:\/\/www.syscel.com\/ns\/wp-json\/wp\/v2\/comments?post=808"}],"version-history":[{"count":84,"href":"https:\/\/www.syscel.com\/ns\/wp-json\/wp\/v2\/pages\/808\/revisions"}],"predecessor-version":[{"id":7093,"href":"https:\/\/www.syscel.com\/ns\/wp-json\/wp\/v2\/pages\/808\/revisions\/7093"}],"up":[{"embeddable":true,"href":"https:\/\/www.syscel.com\/ns\/wp-json\/wp\/v2\/pages\/638"}],"wp:attachment":[{"href":"https:\/\/www.syscel.com\/ns\/wp-json\/wp\/v2\/media?parent=808"}],"curies":[{"name":"wp","href":"https:\/\/api.w.org\/{rel}","templated":true}]}}