{"id":809,"date":"2017-04-06T11:24:01","date_gmt":"2017-04-06T09:24:01","guid":{"rendered":"http:\/\/www.syscel.com\/ns\/?page_id=809"},"modified":"2024-03-27T13:26:54","modified_gmt":"2024-03-27T12:26:54","slug":"contrato-de-mantenimiento","status":"publish","type":"page","link":"https:\/\/www.syscel.com\/ns\/servicios\/empresas\/contrato-de-mantenimiento\/","title":{"rendered":"CONTRATO DE MANTENIMIENTO PERSONALIZADO"},"content":{"rendered":"<div id=\"attachment_3072\" style=\"width: 1210px\" class=\"wp-caption aligncenter\"><img fetchpriority=\"high\" fetchpriority=\"high\" decoding=\"async\" aria-describedby=\"caption-attachment-3072\" class=\"wp-image-3072 size-full\" src=\"http:\/\/www.syscel.com\/ns\/wp-content\/uploads\/2017\/05\/Syscel-contrato-profesionales-portada.jpg\" alt=\"\" width=\"1200\" height=\"350\" srcset=\"https:\/\/www.syscel.com\/ns\/wp-content\/uploads\/2017\/05\/Syscel-contrato-profesionales-portada.jpg 1200w, https:\/\/www.syscel.com\/ns\/wp-content\/uploads\/2017\/05\/Syscel-contrato-profesionales-portada-300x88.jpg 300w, https:\/\/www.syscel.com\/ns\/wp-content\/uploads\/2017\/05\/Syscel-contrato-profesionales-portada-768x224.jpg 768w, https:\/\/www.syscel.com\/ns\/wp-content\/uploads\/2017\/05\/Syscel-contrato-profesionales-portada-1024x299.jpg 1024w, https:\/\/www.syscel.com\/ns\/wp-content\/uploads\/2017\/05\/Syscel-contrato-profesionales-portada-150x44.jpg 150w\" sizes=\"(max-width: 1200px) 100vw, 1200px\" \/><p id=\"caption-attachment-3072\" class=\"wp-caption-text\"><span style=\"font-size: 18pt; color: #339966; font-family: arial, helvetica, sans-serif;\">SU EMPRESA EN BUENAS MANOS<\/span><\/p><\/div>\n<p style=\"text-align: center;\"><strong><span style=\"color: #339966; font-size: 14pt; font-family: arial, helvetica, sans-serif;\">SOPORTE INFORM\u00c1TICO PARA EMPRESAS DE CUALQUIER TAMA\u00d1O<\/span><\/strong><\/p>\n<p style=\"text-align: justify;\"><span style=\"font-family: arial, helvetica, sans-serif;\">Despreoc\u00fapese de los problemas inform\u00e1ticos que le puedan ocasionar la tecnolog\u00eda dentro de su organizaci\u00f3n, contratando nuestro<strong> servicio de\u00a0mantenimiento inform\u00e1tico para empresas o profesionales.<\/strong><\/span><\/p>\n<p style=\"text-align: justify;\"><span style=\"font-family: arial, helvetica, sans-serif;\">Syscel le ofrece un soporte a usuarios y a sistemas de forma<strong> presencial permanente<\/strong>, o con <strong>acceso remoto<\/strong> desde nuestro centro. Servicio de mantenimiento de ordenadores, impresoras, redes y dem\u00e1s dispositivos, que se acomoda a sus necesidades a trav\u00e9s de <strong>un servicio eficaz, r\u00e1pido y seguro.<\/strong><\/span><\/p>\n<p style=\"text-align: justify;\"><span style=\"font-family: arial, helvetica, sans-serif;\">Nuestro Departamento de Inform\u00e1tica est\u00e1 especializado en el mantenimiento inform\u00e1tico para empresas. Nos comportamos como un departamento inform\u00e1tico adherido a su empresa para cumplir con sus necesidades, sin tener costes de personal ni infraestructura.<\/span><\/p>\n<p style=\"text-align: center;\"><span style=\"font-size: 18pt; font-family: arial, helvetica, sans-serif;\"><strong><span style=\"font-size: 14pt;\"><span style=\"color: #339966;\">CONTRATO ANUAL EN PAQUETES MENSUALES DE HORAS DE SOPORTE<\/span>\u00a0<\/span><\/strong><br \/>\n<\/span><\/p>\n<p style=\"text-align: justify;\"><span style=\"font-family: arial, helvetica, sans-serif;\">Nos adaptamos a sus necesidades mediante contratos de diferentes vol\u00famenes de horas. Con los beneficios de una asistencia t\u00e9cnica in situ personalizada que act\u00faa, seg\u00fan su opini\u00f3n cr\u00edtica, para obtener la reparaci\u00f3n de los equipos inform\u00e1ticos, hardware y problemas de software en general. Tambi\u00e9n disponemos de soluciones con control remoto que se incluye en el contrato de mantenimiento.<\/span><\/p>\n<p style=\"text-align: justify;\"><span style=\"font-family: arial, helvetica, sans-serif;\">Otra de las opciones que facilitamos es un <strong>servicio bajo demanda<\/strong>, para la resoluci\u00f3n de incidencias puntuales.<\/span><\/p>\n<p><span style=\"color: #339966; font-size: 14pt; font-family: arial, helvetica, sans-serif;\">Algunos Sectores a los que nos dirigimos:<\/span><\/p>\n<ul>\n<li style=\"text-align: justify;\"><span style=\"font-family: arial, helvetica, sans-serif;\"><span style=\"color: #339966;\"><strong><span style=\"color: #339966;\">Mantenimiento Inform\u00e1tico Pymes<\/span><\/strong>:\u00a0<\/span>Ofreciendo el servicio de mantenimiento Inform\u00e1tico a Pymes (peque\u00f1as, medianas, grandes)<\/span><\/li>\n<li style=\"text-align: justify;\"><span style=\"font-family: arial, helvetica, sans-serif;\"><strong><span style=\"color: #339966;\">Mantenimiento Inform\u00e1tico abogados y Procuradores:<\/span><\/strong><span style=\"color: #339966;\">\u00a0<\/span>Ofrecemos soluciones Inform\u00e1ticas de soporte al sector de la abogac\u00eda desde nuestra constituci\u00f3n (1999)<\/span><\/li>\n<li style=\"text-align: justify;\"><span style=\"font-family: arial, helvetica, sans-serif;\"><strong><span style=\"color: #339966;\">Mantenimiento Inform\u00e1tico Empresas:\u00a0<\/span><\/strong>Tenemos mucha experiencia en este sector, estamos acostumbrados a trabajar con enlaces cualificados dando m\u00e1xima resoluci\u00f3n y con estricta confidencialidad.<\/span><\/li>\n<li style=\"text-align: justify;\"><span style=\"font-family: arial, helvetica, sans-serif;\"><strong><span style=\"color: #339966;\">Mantenimiento Inform\u00e1tico para colegios<\/span><\/strong><span style=\"color: #339966;\">:\u00a0<\/span>Es un sector que necesita un soporte en algunos casos permanente. Por lo que en la mayor\u00eda de los casos supone un ahorro en costes.<\/span><\/li>\n<li style=\"text-align: justify;\"><span style=\"font-family: arial, helvetica, sans-serif;\"><strong><span style=\"color: #339966;\">Mantenimiento Inform\u00e1tico para locales, tiendas y negocios:<\/span><\/strong> Incluye Mantenimiento de Redes LAN y Wifi, Punto de Venta (TPV), Software de Gesti\u00f3n, Multimedia etc&#8230;<\/span><\/li>\n<li style=\"text-align: justify;\"><span style=\"font-family: arial, helvetica, sans-serif;\"><span style=\"color: #339966;\"><strong><span style=\"color: #339966;\">Mantenimiento de Hoteles:\u00a0<\/span><\/strong><\/span>Ofrecemos un Mantenimiento Integral del Hotel con un tiempo de respuesta inmediato.<\/span><\/li>\n<\/ul>\n<div id=\"attachment_2938\" style=\"width: 1210px\" class=\"wp-caption aligncenter\"><img decoding=\"async\" aria-describedby=\"caption-attachment-2938\" class=\"wp-image-2938\" src=\"http:\/\/www.syscel.com\/ns\/wp-content\/uploads\/2017\/04\/megusta19.jpg\" alt=\"\" width=\"1200\" height=\"351\" srcset=\"https:\/\/www.syscel.com\/ns\/wp-content\/uploads\/2017\/04\/megusta19.jpg 1600w, https:\/\/www.syscel.com\/ns\/wp-content\/uploads\/2017\/04\/megusta19-300x88.jpg 300w, https:\/\/www.syscel.com\/ns\/wp-content\/uploads\/2017\/04\/megusta19-768x225.jpg 768w, https:\/\/www.syscel.com\/ns\/wp-content\/uploads\/2017\/04\/megusta19-1024x300.jpg 1024w, https:\/\/www.syscel.com\/ns\/wp-content\/uploads\/2017\/04\/megusta19-150x44.jpg 150w\" sizes=\"(max-width: 1200px) 100vw, 1200px\" \/><p id=\"caption-attachment-2938\" class=\"wp-caption-text\"><span style=\"font-size: 14pt; color: #339966; font-family: arial, helvetica, sans-serif;\">NOS ADAPTAMOS A LAS NECESIDADES DE CADA CLIENTE<\/span><\/p><\/div>\n<p style=\"text-align: justify;\">Tanto si es una gran empresa, como una peque\u00f1a o mediana, nos adaptamos a tus necesidades Inform\u00e1ticas en cualquier situaci\u00f3n. Ofreciendo soluciones de <strong>soporte inform\u00e1tico<\/strong> a medida. Integrando nuestros t\u00e9cnicos desde full time, por horas, o por incidencias. Lo que necesites.<\/p>\n<p><strong><span style=\"font-size: 16pt; font-family: arial, helvetica, sans-serif;\"><span style=\"color: #339966;\">SOPORTE REMOTO<\/span>\u00a0<\/span><\/strong><\/p>\n<p style=\"text-align: justify;\"><span style=\"font-family: arial, helvetica, sans-serif;\">Ofrecemos diferentes tipos de mantenimientos inform\u00e1ticos, dando una <strong>respuesta inmediata<\/strong> a trav\u00e9s<img decoding=\"async\" class=\"alignright size-medium wp-image-6956\" src=\"https:\/\/www.syscel.com\/ns\/wp-content\/uploads\/2024\/03\/undraw_programming_2svr-1-1-1024x545-1-300x160.png\" alt=\"\" width=\"300\" height=\"160\" srcset=\"https:\/\/www.syscel.com\/ns\/wp-content\/uploads\/2024\/03\/undraw_programming_2svr-1-1-1024x545-1-300x160.png 300w, https:\/\/www.syscel.com\/ns\/wp-content\/uploads\/2024\/03\/undraw_programming_2svr-1-1-1024x545-1-768x409.png 768w, https:\/\/www.syscel.com\/ns\/wp-content\/uploads\/2024\/03\/undraw_programming_2svr-1-1-1024x545-1-150x80.png 150w, https:\/\/www.syscel.com\/ns\/wp-content\/uploads\/2024\/03\/undraw_programming_2svr-1-1-1024x545-1-600x319.png 600w, https:\/\/www.syscel.com\/ns\/wp-content\/uploads\/2024\/03\/undraw_programming_2svr-1-1-1024x545-1.png 1024w\" sizes=\"(max-width: 300px) 100vw, 300px\" \/> de nuestro servicio <strong>de<\/strong> <strong>asistencia remota,<\/strong>\u00a0es por ello que es una gran oportunidad poder contar con un servicio personalizado y seguro. Nuestros t\u00e9cnicos toman el control del equipo afectado con previa solicitud y <strong>autorizaci\u00f3n por parte del usuario.<\/strong> Toda la operaci\u00f3n puede ser supervisada por el usuario sin correr ning\u00fan tipo de riesgo, y las comunicaciones realizadas <strong>\u00a0seguras.<\/strong><\/span><\/p>\n<p><span style=\"font-size: 16pt;\"><strong><span style=\"color: #339966;\">INFORMACI\u00d3N DE LA ACTIVIDAD<\/span><\/strong><br \/>\n<img loading=\"lazy\" loading=\"lazy\" decoding=\"async\" id=\"img_cien\" class=\"wp-image-1422 alignleft\" src=\"http:\/\/www.syscel.com\/ns\/wp-content\/uploads\/2017\/04\/syscel-carpeta-icono-300x300.png\" alt=\"\" width=\"171\" height=\"171\" srcset=\"https:\/\/www.syscel.com\/ns\/wp-content\/uploads\/2017\/04\/syscel-carpeta-icono-300x300.png 300w, https:\/\/www.syscel.com\/ns\/wp-content\/uploads\/2017\/04\/syscel-carpeta-icono-150x150.png 150w, https:\/\/www.syscel.com\/ns\/wp-content\/uploads\/2017\/04\/syscel-carpeta-icono.png 320w\" sizes=\"(max-width: 171px) 100vw, 171px\" \/><br \/>\n<\/span><\/p>\n<p style=\"text-align: justify;\"><span style=\"font-family: arial, helvetica, sans-serif;\">Todas las intervenciones e incidencias quedan registradas en nuestro <strong>sistema CRM<\/strong> para un seguimiento de la actividad con el cliente. De esta manera podemos mantener un seguimiento exhaustivo y personalizado con el cliente sin tener ning\u00fan tipo de problema.<\/span><\/p>\n<p><a href=\"http:\/\/www.syscel.com\/ns\/wp-content\/uploads\/2017\/04\/syscel-esquema-ventas-informatica.jpg\"><img loading=\"lazy\" loading=\"lazy\" decoding=\"async\" class=\"aligncenter wp-image-1856\" src=\"http:\/\/www.syscel.com\/ns\/wp-content\/uploads\/2017\/04\/syscel-esquema-ventas-informatica.jpg\" alt=\"\" width=\"1106\" height=\"781\" srcset=\"https:\/\/www.syscel.com\/ns\/wp-content\/uploads\/2017\/04\/syscel-esquema-ventas-informatica.jpg 1123w, https:\/\/www.syscel.com\/ns\/wp-content\/uploads\/2017\/04\/syscel-esquema-ventas-informatica-300x212.jpg 300w, https:\/\/www.syscel.com\/ns\/wp-content\/uploads\/2017\/04\/syscel-esquema-ventas-informatica-768x543.jpg 768w, https:\/\/www.syscel.com\/ns\/wp-content\/uploads\/2017\/04\/syscel-esquema-ventas-informatica-1024x724.jpg 1024w, https:\/\/www.syscel.com\/ns\/wp-content\/uploads\/2017\/04\/syscel-esquema-ventas-informatica-150x106.jpg 150w\" sizes=\"(max-width: 1106px) 100vw, 1106px\" \/><\/a><\/p>\n<p><strong><span style=\"color: #339966; font-size: 16pt;\">TENEMOS ESPECIALIZACI\u00d3N EN<\/span><\/strong><\/p>\n<ul id=\"list-1\" class=\"unstyled list list-check\">\n<li>Instalaci\u00f3n de cableado estructurado, voz y datos.<\/li>\n<li>Instalaci\u00f3n de Racks acondicionados.<\/li>\n<li>Instalaci\u00f3n, configuraci\u00f3n y administraci\u00f3n de sistemas WI-FI Profesionales.<\/li>\n<li>Administradores de Office 365 (Correo electr\u00f3nico en la nube, OneDrive y Share Point ).<\/li>\n<li>Migraci\u00f3n, instalaci\u00f3n, administraci\u00f3n y configuraci\u00f3n de sistemas de servidores Windows (W2003 &#8211; W2016), configuraci\u00f3n directorio activo, roles y caracter\u00edsticas de servidor.<\/li>\n<li>Monitorizaci\u00f3n de sistemas de red. Configuraci\u00f3n de routers y firewalls Cisco, Palo Alto, Fortinet, etc&#8230;<\/li>\n<li>Instalaci\u00f3n, configuraci\u00f3n y administraci\u00f3n de servidores virtualizados, especialistas en VMware y HiperV. (incluyendo an\u00e1lisis de necesidades y dimensionamiento del sistema.<\/li>\n<li>Elecci\u00f3n de sistema de virtualizaci\u00f3n y ejecuci\u00f3n del proyecto.<\/li>\n<li>Configuraci\u00f3n y administraci\u00f3n de Nube privada y Nube publica.<\/li>\n<li>Instalaci\u00f3n y configuraci\u00f3n de sistemas de Back ups para servidores f\u00edsicos y virtualizados.<\/li>\n<li>Configuraci\u00f3n de switches getionables.<\/li>\n<\/ul>\n<p><a id=\"cajavolver\" href=\"http:\/\/www.syscel.com\/ns\/servicios\/empresas\/\">&lt;&lt;Volver\u00a0a empresas<\/a><\/p>\n","protected":false},"excerpt":{"rendered":"<p>SOPORTE INFORM\u00c1TICO PARA EMPRESAS DE CUALQUIER TAMA\u00d1O Despreoc\u00fapese de los problemas inform\u00e1ticos que le puedan ocasionar la tecnolog\u00eda dentro de su organizaci\u00f3n, contratando nuestro servicio de\u00a0mantenimiento inform\u00e1tico para empresas o profesionales. Syscel le ofrece un soporte a usuarios y a sistemas de forma presencial permanente, o con acceso remoto desde nuestro centro. Servicio de mantenimiento [&hellip;]<\/p>\n","protected":false},"author":1,"featured_media":0,"parent":638,"menu_order":0,"comment_status":"closed","ping_status":"closed","template":"","meta":{"_et_pb_use_builder":"","_et_pb_old_content":"","_et_gb_content_width":"","footnotes":""},"class_list":["post-809","page","type-page","status-publish","hentry"],"_links":{"self":[{"href":"https:\/\/www.syscel.com\/ns\/wp-json\/wp\/v2\/pages\/809","targetHints":{"allow":["GET"]}}],"collection":[{"href":"https:\/\/www.syscel.com\/ns\/wp-json\/wp\/v2\/pages"}],"about":[{"href":"https:\/\/www.syscel.com\/ns\/wp-json\/wp\/v2\/types\/page"}],"author":[{"embeddable":true,"href":"https:\/\/www.syscel.com\/ns\/wp-json\/wp\/v2\/users\/1"}],"replies":[{"embeddable":true,"href":"https:\/\/www.syscel.com\/ns\/wp-json\/wp\/v2\/comments?post=809"}],"version-history":[{"count":120,"href":"https:\/\/www.syscel.com\/ns\/wp-json\/wp\/v2\/pages\/809\/revisions"}],"predecessor-version":[{"id":6958,"href":"https:\/\/www.syscel.com\/ns\/wp-json\/wp\/v2\/pages\/809\/revisions\/6958"}],"up":[{"embeddable":true,"href":"https:\/\/www.syscel.com\/ns\/wp-json\/wp\/v2\/pages\/638"}],"wp:attachment":[{"href":"https:\/\/www.syscel.com\/ns\/wp-json\/wp\/v2\/media?parent=809"}],"curies":[{"name":"wp","href":"https:\/\/api.w.org\/{rel}","templated":true}]}}