{"id":813,"date":"2017-04-06T11:25:15","date_gmt":"2017-04-06T09:25:15","guid":{"rendered":"http:\/\/www.syscel.com\/ns\/?page_id=813"},"modified":"2024-03-27T13:21:01","modified_gmt":"2024-03-27T12:21:01","slug":"servicio-de-mantenimiento-informatico","status":"publish","type":"page","link":"https:\/\/www.syscel.com\/ns\/servicios\/empresas\/servicio-de-mantenimiento-informatico\/","title":{"rendered":"NECESIDADES TECNOL\u00d3GICAS"},"content":{"rendered":"<div id=\"attachment_3100\" style=\"width: 1210px\" class=\"wp-caption aligncenter\"><img fetchpriority=\"high\" fetchpriority=\"high\" decoding=\"async\" aria-describedby=\"caption-attachment-3100\" class=\"wp-image-3100 size-full\" src=\"https:\/\/www.syscel.com\/ns\/wp-content\/uploads\/2017\/05\/Syscel-mantenimiento-empresas-portada.jpg\" alt=\"\" width=\"1200\" height=\"350\" srcset=\"https:\/\/www.syscel.com\/ns\/wp-content\/uploads\/2017\/05\/Syscel-mantenimiento-empresas-portada.jpg 1200w, https:\/\/www.syscel.com\/ns\/wp-content\/uploads\/2017\/05\/Syscel-mantenimiento-empresas-portada-300x88.jpg 300w, https:\/\/www.syscel.com\/ns\/wp-content\/uploads\/2017\/05\/Syscel-mantenimiento-empresas-portada-768x224.jpg 768w, https:\/\/www.syscel.com\/ns\/wp-content\/uploads\/2017\/05\/Syscel-mantenimiento-empresas-portada-1024x299.jpg 1024w, https:\/\/www.syscel.com\/ns\/wp-content\/uploads\/2017\/05\/Syscel-mantenimiento-empresas-portada-150x44.jpg 150w\" sizes=\"(max-width: 1200px) 100vw, 1200px\" \/><p id=\"caption-attachment-3100\" class=\"wp-caption-text\"><span style=\"font-size: 14pt; color: #339966; font-family: arial, helvetica, sans-serif;\">LA TECNOLOG\u00cdA EVOLUCIONA MUY DEPRISA, CUENTA CON SYSCEL COMO SOCIO TECNOL\u00d3GICO<\/span><\/p><\/div>\n<p style=\"text-align: justify;\"><span style=\"font-family: arial, helvetica, sans-serif;\">Syscel<\/span><span style=\"font-family: arial, helvetica, sans-serif;\">\u00a0 pone a disposici\u00f3n de las \u00a0empresas todos sus <strong>conocimientos y\u00a0experiencia <\/strong>orientados a dar a conocer y asesorar sobre las \u00faltimas tecnolog\u00edas disponibles, para as\u00ed poder obtener el m\u00e1ximo rendimiento de las mismas, siempre bajo el paraguas normativo\u00a0y con unos costes muy competitivos.<\/span><\/p>\n<p style=\"text-align: justify;\"><span style=\"font-family: arial, helvetica, sans-serif;\">En Syscel le asesoramos para que todos los recursos tecnol\u00f3gicos que la empresa invierta repercuta de la forma m\u00e1s eficiente y competitiva. Estamos especializados en dar una <strong>respuesta y soluci\u00f3n<\/strong> a cualquier problema que se le presente en el d\u00eda a d\u00eda de una forma <strong>r\u00e1pida, \u00e1gil, profesional y totalmente personalizada<\/strong> con el objetivo de que su actividad no se detenga.<\/span><\/p>\n\n        <div class=\"wp-tiles-container\">\n        \n            <div id=\"wp_tiles_2\" class=\"wp-tiles-grid wp-tiles-byline-align-bottom\">\n                        \n                <div class='wp-tiles-tile' id='tile-4973'>\n                \n                    <a href=\"https:\/\/www.syscel.com\/ns\/servicios\/empresas\/servicio-de-mantenimiento-informatico\/email_empresas_syscel_solutions\/\" title=\"Email_Empresas_Syscel_Solutions\">\n                \n                        <article class='wp-tiles-tile-with-image wp-tiles-tile-wrapper' itemscope itemtype=\"http:\/\/schema.org\/CreativeWork\">\n                        \n                            <div class='wp-tiles-tile-bg'>\n\n                                <img src='https:\/\/www.syscel.com\/ns\/wp-content\/uploads\/2018\/02\/Email_Empresas_Syscel_Solutions-1024x616.jpg' class='wp-tiles-img' itemprop=\"image\" \/>\n\n                            <\/div>\n                                                \n                        <\/article>\n                \n                    <\/a>\n                \n                <\/div>\n            \n                <div class='wp-tiles-tile' id='tile-4972'>\n                \n                    <a href=\"https:\/\/www.syscel.com\/ns\/seguridadinformatica_syscel_solutions\/\" title=\"SeguridadInformatica_Syscel_Solutions\">\n                \n                        <article class='wp-tiles-tile-with-image wp-tiles-tile-wrapper' itemscope itemtype=\"http:\/\/schema.org\/CreativeWork\">\n                        \n                            <div class='wp-tiles-tile-bg'>\n\n                                <img src='https:\/\/www.syscel.com\/ns\/wp-content\/uploads\/2018\/02\/SeguridadInformatica_Syscel_Solutions-1024x670.png' class='wp-tiles-img' itemprop=\"image\" \/>\n\n                            <\/div>\n                                                \n                        <\/article>\n                \n                    <\/a>\n                \n                <\/div>\n            \n                <div class='wp-tiles-tile' id='tile-4975'>\n                \n                    <a href=\"https:\/\/www.syscel.com\/ns\/servicios\/empresas\/servicio-de-mantenimiento-informatico\/servidor_empresas_syscel_solutions\/\" title=\"Servidor_Empresas_Syscel_Solutions\">\n                \n                        <article class='wp-tiles-tile-with-image wp-tiles-tile-wrapper' itemscope itemtype=\"http:\/\/schema.org\/CreativeWork\">\n                        \n                            <div class='wp-tiles-tile-bg'>\n\n                                <img src='https:\/\/www.syscel.com\/ns\/wp-content\/uploads\/2018\/02\/Servidor_Empresas_Syscel_Solutions-1024x741.jpg' class='wp-tiles-img' itemprop=\"image\" \/>\n\n                            <\/div>\n                                                \n                        <\/article>\n                \n                    <\/a>\n                \n                <\/div>\n            \n                <div class='wp-tiles-tile' id='tile-1389'>\n                \n                    <a href=\"https:\/\/www.syscel.com\/ns\/servicios\/empresas\/servicio-de-mantenimiento-informatico\/wordpress-backup-960x600\/\" title=\"wordpress-backup-960&#215;600\">\n                \n                        <article class='wp-tiles-tile-with-image wp-tiles-tile-wrapper' itemscope itemtype=\"http:\/\/schema.org\/CreativeWork\">\n                        \n                            <div class='wp-tiles-tile-bg'>\n\n                                <img src='https:\/\/www.syscel.com\/ns\/wp-content\/uploads\/2017\/04\/wordpress-backup-960x600.jpg' class='wp-tiles-img' itemprop=\"image\" \/>\n\n                            <\/div>\n                                                \n                        <\/article>\n                \n                    <\/a>\n                \n                <\/div>\n            \n            <\/div>\n\n        <\/div>\n        \n<p style=\"text-align: justify;\"><span style=\"font-family: arial, helvetica, sans-serif;\">Realizamos un <strong>estudio previo<\/strong> de la <strong>infraestructura<\/strong> tecnol\u00f3gica e inform\u00e1tica con la que cuenta la empresa, los <strong>problemas e incidencias<\/strong> del d\u00eda a d\u00eda , el <strong>estado de las comunicaciones<\/strong> y la <strong>seguridad<\/strong> en las mismas y, a partir de dicha informaci\u00f3n elaboramos un informe personalizado y detallado de las mejoras necesarias, los recursos utilizados, el an\u00e1lisis de costes, as\u00ed como del asesoramiento adecuado para la mejora o la mejor utilizaci\u00f3n de los recursos disponibles para que repercutan en una mejor optimizaci\u00f3n de los mismos y por lo tanto en una mayor productividad de la empresa a un coste de producci\u00f3n menor<\/span>.<\/p>\n\n        <div class=\"wp-tiles-container\">\n        \n            <div id=\"wp_tiles_4\" class=\"wp-tiles-grid wp-tiles-byline-align-bottom\">\n                        \n                <div class='wp-tiles-tile' id='tile-1384'>\n                \n                    <a href=\"https:\/\/www.syscel.com\/ns\/servicios\/empresas\/servicio-de-mantenimiento-informatico\/telecomunicaciones2\/\" title=\"telecomunicaciones2\">\n                \n                        <article class='wp-tiles-tile-with-image wp-tiles-tile-wrapper' itemscope itemtype=\"http:\/\/schema.org\/CreativeWork\">\n                        \n                            <div class='wp-tiles-tile-bg'>\n\n                                <img src='https:\/\/www.syscel.com\/ns\/wp-content\/uploads\/2017\/04\/telecomunicaciones2.jpg' class='wp-tiles-img' itemprop=\"image\" \/>\n\n                            <\/div>\n                                                \n                        <\/article>\n                \n                    <\/a>\n                \n                <\/div>\n            \n                <div class='wp-tiles-tile' id='tile-2570'>\n                \n                    <a href=\"https:\/\/www.syscel.com\/ns\/servicios\/empresas\/servicio-de-mantenimiento-informatico\/allinone\/\" title=\"ALLINONE\">\n                \n                        <article class='wp-tiles-tile-with-image wp-tiles-tile-wrapper' itemscope itemtype=\"http:\/\/schema.org\/CreativeWork\">\n                        \n                            <div class='wp-tiles-tile-bg'>\n\n                                <img src='https:\/\/www.syscel.com\/ns\/wp-content\/uploads\/2017\/04\/ALLINONE.png' class='wp-tiles-img' itemprop=\"image\" \/>\n\n                            <\/div>\n                                                \n                        <\/article>\n                \n                    <\/a>\n                \n                <\/div>\n            \n                <div class='wp-tiles-tile' id='tile-2500'>\n                \n                    <a href=\"https:\/\/www.syscel.com\/ns\/servicios\/empresas\/soluciones-de-gestion\/google-conector-610x355\/\" title=\"Google-Conector-610&#215;355\">\n                \n                        <article class='wp-tiles-tile-with-image wp-tiles-tile-wrapper' itemscope itemtype=\"http:\/\/schema.org\/CreativeWork\">\n                        \n                            <div class='wp-tiles-tile-bg'>\n\n                                <img src='https:\/\/www.syscel.com\/ns\/wp-content\/uploads\/2017\/04\/Google-Conector-610x355.jpg' class='wp-tiles-img' itemprop=\"image\" \/>\n\n                            <\/div>\n                                                \n                        <\/article>\n                \n                    <\/a>\n                \n                <\/div>\n            \n                <div class='wp-tiles-tile' id='tile-4976'>\n                \n                    <a href=\"https:\/\/www.syscel.com\/ns\/servicios\/empresas\/servicio-de-mantenimiento-informatico\/telefonoip_empresas_syscel_solutions\/\" title=\"TelefonoIp_Empresas_Syscel_Solutions\">\n                \n                        <article class='wp-tiles-tile-with-image wp-tiles-tile-wrapper' itemscope itemtype=\"http:\/\/schema.org\/CreativeWork\">\n                        \n                            <div class='wp-tiles-tile-bg'>\n\n                                <img src='https:\/\/www.syscel.com\/ns\/wp-content\/uploads\/2018\/02\/TelefonoIp_Empresas_Syscel_Solutions.png' class='wp-tiles-img' itemprop=\"image\" \/>\n\n                            <\/div>\n                                                \n                        <\/article>\n                \n                    <\/a>\n                \n                <\/div>\n            \n            <\/div>\n\n        <\/div>\n        \n<p style=\"text-align: center;\"><strong><span style=\"font-family: arial, helvetica, sans-serif; font-size: 24pt; color: #339966;\"><span style=\"color: #339966;\">Impulsamos su empresa a trav\u00e9s de la tecnolog\u00eda<\/span><\/span><\/strong><\/p>\n<p style=\"text-align: justify;\"><span style=\"font-family: arial, helvetica, sans-serif;\">Somos un Partner tecnol\u00f3gico competitivo en ofrecer servicios integrados con\u00a0todo lo necesario para sacar el m\u00e1ximo rendimiento a las TIC en su empresa. Transformamos\u00a0<strong>sus necesidades en soluciones tecnol\u00f3gicas<\/strong>\u00a0que planteamos y ejecutamos por completo, a trav\u00e9s de nuestras diferentes \u00e1reas de negocio.<\/span><\/p>\n<ul>\n<li style=\"text-align: justify;\"><span style=\"font-family: arial, helvetica, sans-serif;\"><strong>Consultor\u00eda\u00a0<\/strong>y dise\u00f1o de proyectos para la implementaci\u00f3n de sistemas TIC<\/span><\/li>\n<li style=\"text-align: justify;\"><span style=\"font-family: arial, helvetica, sans-serif;\">Puesta en marcha de\u00a0<strong>redes locales <\/strong>e inal\u00e1mbricas (WIFI, Sat\u00e9lite, LAN, WLAN)<\/span><\/li>\n<li style=\"text-align: justify;\"><span style=\"font-family: arial, helvetica, sans-serif;\">Instalaci\u00f3n, mantenimiento y optimizaci\u00f3n de todo tipo equipos\u00a0de\u00a0<strong>microinform\u00e1tica\u00a0<\/strong>para puestos de trabajo (PC, smart devices)<\/span><\/li>\n<li style=\"text-align: justify;\"><span style=\"font-family: arial, helvetica, sans-serif;\">Selecci\u00f3n y asignaci\u00f3n de personal cualificado<strong>\u00a0<\/strong>para tareas t\u00e9cnicas<\/span><\/li>\n<li style=\"text-align: justify;\"><span style=\"font-family: arial, helvetica, sans-serif;\"><strong>Atenci\u00f3n de incidencias\u00a0<\/strong>y soporte t\u00e9cnico remoto y\u00a0<em>on site<\/em><\/span><\/li>\n<li style=\"text-align: justify;\"><span style=\"font-family: arial, helvetica, sans-serif;\">Implementaci\u00f3n de soluciones tecnol\u00f3gicas basadas en\u00a0<strong><em>smart devices<\/em><\/strong><em>:\u00a0<\/em>marketing digital, vigilancia, control de acceso, eficiencia energ\u00e9tica<\/span><\/li>\n<li style=\"text-align: justify;\"><span style=\"font-family: arial, helvetica, sans-serif;\">Desarrollo de\u00a0<strong>aplicaciones software\u00a0<\/strong>en la nube para la gesti\u00f3n de recursos y telecomunicaciones<\/span><\/li>\n<\/ul>\n<p style=\"text-align: justify;\"><span style=\"font-size: 14pt; color: #339966; font-family: arial, helvetica, sans-serif;\">Todo lo necesario para sacar el m\u00e1ximo rendimiento a las TIC en un mismo servicio.<\/span><\/p>\n<p style=\"text-align: center;\"><strong><span style=\"font-size: 24pt; font-family: arial, helvetica, sans-serif;\"><span style=\"color: #339966;\">Tecnolog\u00eda Cloud<\/span><\/span><\/strong><\/p>\n<p style=\"text-align: justify;\">El Cloud Computing se ha convertido en un factor clave\u00a0en el balance tecnol\u00f3gico de empresas de todos los sectores y tama\u00f1os. La rentabilidad de las aplicaciones en la nube reside en la\u00a0externalizaci\u00f3n de la infraestructura necesaria\u00a0y de la gesti\u00f3n hardware\/software, que suponen un ahorro en costes y la gesti\u00f3n experta\u00a0de recursos TIC al servicio de la empresa.<img decoding=\"async\" class=\"alignright size-medium wp-image-6942\" src=\"https:\/\/www.syscel.com\/ns\/wp-content\/uploads\/2024\/03\/iStock-963131214-300x200.jpg\" alt=\"\" width=\"300\" height=\"200\" srcset=\"https:\/\/www.syscel.com\/ns\/wp-content\/uploads\/2024\/03\/iStock-963131214-300x200.jpg 300w, https:\/\/www.syscel.com\/ns\/wp-content\/uploads\/2024\/03\/iStock-963131214-150x100.jpg 150w, https:\/\/www.syscel.com\/ns\/wp-content\/uploads\/2024\/03\/iStock-963131214-600x400.jpg 600w, https:\/\/www.syscel.com\/ns\/wp-content\/uploads\/2024\/03\/iStock-963131214.jpg 724w\" sizes=\"(max-width: 300px) 100vw, 300px\" \/><\/p>\n<p style=\"text-align: justify;\">Syscel avanza hacia el dise\u00f1o\u00a0de aplicaciones en la nube que ofrezcan cada vez\u00a0mejor rendimiento\u00a0y<\/p>\n<p style=\"text-align: justify;\">alcancen\u00a0procesos operativos que hasta ahora no han sido optimizados. Nuestra capacidad de\u00a0<a title=\"Desarrollo - Grupo Viatek\" href=\"https:\/\/grupoviatek.com\/areas-de-negocio\/desarrollo-software\/\" target=\"_blank\" rel=\"noopener noreferrer\">desarrollo software<\/a> est\u00e1 apoyada en la creatividad, experiencia y conocimiento de nuestro equipo de profesionales, puesta a prueba en soluciones que hemos implementado para la comercializaci\u00f3n de productos y <span style=\"color: initial; font-size: revert;\">servicios junto a la gesti\u00f3n y atenci\u00f3n al cliente en diferentes sectores.<\/span><\/p>\n<p style=\"text-align: justify;\">Nuestras aplicaciones en la nube automatizan procesos de trabajo y permiten el acceso a informaci\u00f3n relevante para la\u00a0toma de decisiones\u00a0a trav\u00e9s de m\u00faltiples dispositivos y en\u00a0cualquier momento y lugar.<\/p>\n<p style=\"margin: 0cm; margin-bottom: .0001pt; text-align: justify; line-height: 19.8pt; background: white;\">\n<p><img decoding=\"async\" class=\"aligncenter\" src=\"https:\/\/www.syscel.com\/ns\/wp-content\/uploads\/2017\/04\/syscel-logo.png\" width=\"55\" height=\"49\" \/><\/p>\n<p style=\"text-align: center;\"><strong><span style=\"font-size: 24pt; font-family: arial, helvetica, sans-serif;\"><span style=\"color: #339966;\">SERVICIOS\u00a0CR\u00cdTICOS PARA SU EMPRESA<\/span><\/span><\/strong><\/p>\n<ul style=\"list-style-type: circle;\">\n<li>Antivirus<\/li>\n<li>Imprescindible para garantizar la seguridad de cualquier red de ordenadores<\/li>\n<li>Correo<\/li>\n<li>Optimizaci\u00f3n del servicio de correo electr\u00f3nico<\/li>\n<li>Comunicaciones<\/li>\n<li>R\u00e1pidas, fiables y seguras con la mejor relaci\u00f3n calidad \/ precio<\/li>\n<li>Acceso a Internet bajo control<\/li>\n<li>Acceso a Internet de forma segura y controlada<\/li>\n<li>Servidores<\/li>\n<li>Garantice la disponibilidad de sus servidores y maximice su rendimiento<\/li>\n<li>Virtualizaci\u00f3n<\/li>\n<li>Incremente la eficacia de sus recursos HW a trav\u00e9s\u00a0de la virtualizaci\u00f3n de servicios<\/li>\n<li>Back up<\/li>\n<li>La correcta gesti\u00f3n de sus copias de seguridad garantiza la continuidad de su negocio<\/li>\n<li>Telefon\u00eda IP<\/li>\n<li>Incrementa la eficacia en costes, flexibilidad y comodidad de gesti\u00f3n<\/li>\n<li>Firewall<\/li>\n<li>Garantiza la seguridad de su red interna frente al exterior<\/li>\n<li>Cloud Computing<\/li>\n<li>\u00bfC\u00f3mo y cu\u00e1ndo la empresa puede migrar a la nube?<\/li>\n<\/ul>\n<h2><\/h2>\n<h4><strong><span style=\"color: #339966;\">Soporte<\/span><\/strong><\/h4>\n<section>\n<div class=\"row\">\n<div class=\"col col-100 margen-abajo\">\n<p style=\"text-align: justify;\"><span style=\"font-family: arial, helvetica, sans-serif;\">Seleccione la opci\u00f3n de soporte que necesite y encuentre servicio y asistencia para sus productos de ofim\u00e1tica, inform\u00e1tica y software, de una manera r\u00e1pida y sencilla. Si no encuentra lo que busca, tiene dudas, o necesita realizar cualquier otro tipo de consulta, por favor, p\u00f3ngase en contacto con nosotros<\/span><\/p>\n<div style=\"font-size: 14pt; text-align: center; width: 100%;\"><span id=\"texto_soporte\">AVISO T\u00c9CNICO<\/span><span id=\"texto_soporte\">PETICI\u00d3N DE CONSUMIBLES<\/span><span id=\"texto_soporte\">DRIVERS<\/span><span id=\"texto_soporte\">CONEXI\u00d3N REMOTA<\/span><\/div>\n<\/div>\n<\/div>\n<\/section>\n<p><a id=\"cajavolver\" href=\"https:\/\/www.syscel.com\/ns\/servicios\/empresas\/\">&lt;&lt;Volver\u00a0a empresas<\/a><\/p>\n","protected":false},"excerpt":{"rendered":"<p>Syscel\u00a0 pone a disposici\u00f3n de las \u00a0empresas todos sus conocimientos y\u00a0experiencia orientados a dar a conocer y asesorar sobre las \u00faltimas tecnolog\u00edas disponibles, para as\u00ed poder obtener el m\u00e1ximo rendimiento de las mismas, siempre bajo el paraguas normativo\u00a0y con unos costes muy competitivos. En Syscel le asesoramos para que todos los recursos tecnol\u00f3gicos que la [&hellip;]<\/p>\n","protected":false},"author":1,"featured_media":0,"parent":638,"menu_order":0,"comment_status":"closed","ping_status":"closed","template":"","meta":{"_et_pb_use_builder":"","_et_pb_old_content":"","_et_gb_content_width":"","footnotes":""},"class_list":["post-813","page","type-page","status-publish","hentry"],"_links":{"self":[{"href":"https:\/\/www.syscel.com\/ns\/wp-json\/wp\/v2\/pages\/813","targetHints":{"allow":["GET"]}}],"collection":[{"href":"https:\/\/www.syscel.com\/ns\/wp-json\/wp\/v2\/pages"}],"about":[{"href":"https:\/\/www.syscel.com\/ns\/wp-json\/wp\/v2\/types\/page"}],"author":[{"embeddable":true,"href":"https:\/\/www.syscel.com\/ns\/wp-json\/wp\/v2\/users\/1"}],"replies":[{"embeddable":true,"href":"https:\/\/www.syscel.com\/ns\/wp-json\/wp\/v2\/comments?post=813"}],"version-history":[{"count":170,"href":"https:\/\/www.syscel.com\/ns\/wp-json\/wp\/v2\/pages\/813\/revisions"}],"predecessor-version":[{"id":6951,"href":"https:\/\/www.syscel.com\/ns\/wp-json\/wp\/v2\/pages\/813\/revisions\/6951"}],"up":[{"embeddable":true,"href":"https:\/\/www.syscel.com\/ns\/wp-json\/wp\/v2\/pages\/638"}],"wp:attachment":[{"href":"https:\/\/www.syscel.com\/ns\/wp-json\/wp\/v2\/media?parent=813"}],"curies":[{"name":"wp","href":"https:\/\/api.w.org\/{rel}","templated":true}]}}