{"id":814,"date":"2017-04-06T11:25:44","date_gmt":"2017-04-06T09:25:44","guid":{"rendered":"http:\/\/www.syscel.com\/ns\/?page_id=814"},"modified":"2024-04-02T12:43:00","modified_gmt":"2024-04-02T10:43:00","slug":"posicionamiento-en-internet-s-e-o","status":"publish","type":"page","link":"https:\/\/www.syscel.com\/ns\/servicios\/empresas\/posicionamiento-en-internet-s-e-o\/","title":{"rendered":"POSICIONAMIENTO EN INTERNET S.E.O."},"content":{"rendered":"<p id=\"titulopaginas\" style=\"text-align: left;\"><strong><span style=\"color: #339966; font-size: 18pt; font-family: arial, helvetica, sans-serif;\">POSICIONAMIENTO EN INTERNET \u00a0S.E.O.<\/span><\/strong><\/p>\n<div id=\"attachment_3599\" style=\"width: 1210px\" class=\"wp-caption aligncenter\"><img fetchpriority=\"high\" fetchpriority=\"high\" decoding=\"async\" aria-describedby=\"caption-attachment-3599\" class=\"wp-image-3599 size-full\" src=\"https:\/\/www.syscel.com\/ns\/wp-content\/uploads\/2017\/05\/Syscel-empresas-posicionamiento-portada.jpg\" alt=\"\" width=\"1200\" height=\"400\" srcset=\"https:\/\/www.syscel.com\/ns\/wp-content\/uploads\/2017\/05\/Syscel-empresas-posicionamiento-portada.jpg 1200w, https:\/\/www.syscel.com\/ns\/wp-content\/uploads\/2017\/05\/Syscel-empresas-posicionamiento-portada-300x100.jpg 300w, https:\/\/www.syscel.com\/ns\/wp-content\/uploads\/2017\/05\/Syscel-empresas-posicionamiento-portada-768x256.jpg 768w, https:\/\/www.syscel.com\/ns\/wp-content\/uploads\/2017\/05\/Syscel-empresas-posicionamiento-portada-1024x341.jpg 1024w, https:\/\/www.syscel.com\/ns\/wp-content\/uploads\/2017\/05\/Syscel-empresas-posicionamiento-portada-150x50.jpg 150w\" sizes=\"(max-width: 1200px) 100vw, 1200px\" \/><p id=\"caption-attachment-3599\" class=\"wp-caption-text\"><strong><span style=\"font-size: 16pt; color: #339966; font-family: arial, helvetica, sans-serif;\">ELEVA TU NEGOCIO A OTRO NIVEL<\/span><\/strong><\/p><\/div>\n<p style=\"text-align: justify;\"><span style=\"font-family: arial, helvetica, sans-serif;\">Aparecer en las <strong>primeras posiciones<\/strong> de los buscadores se ha convertido en una necesidad y casi una obsesi\u00f3n para todas las marcas en su \u00e1rea de negocio ya que las b\u00fasquedas las realizan usuarios con necesidades espec\u00edficas frente al producto que se oferta lo cual aumenta la relevancia y las posibilidades de que el usuario realice una acci\u00f3n.<\/span><\/p>\n<p style=\"text-align: justify;\"><span style=\"font-family: arial, helvetica, sans-serif;\"> <img decoding=\"async\" id=\"img_cien\" class=\"wp-image-3284 size-medium alignleft\" src=\"https:\/\/www.syscel.com\/ns\/wp-content\/uploads\/2017\/04\/seo2-300x190.jpg\" alt=\"\" width=\"300\" height=\"190\" srcset=\"https:\/\/www.syscel.com\/ns\/wp-content\/uploads\/2017\/04\/seo2-300x190.jpg 300w, https:\/\/www.syscel.com\/ns\/wp-content\/uploads\/2017\/04\/seo2-768x486.jpg 768w, https:\/\/www.syscel.com\/ns\/wp-content\/uploads\/2017\/04\/seo2-1024x649.jpg 1024w, https:\/\/www.syscel.com\/ns\/wp-content\/uploads\/2017\/04\/seo2-150x95.jpg 150w\" sizes=\"(max-width: 300px) 100vw, 300px\" \/>Esta disciplina es muy cambiante ya que quien marca las pautas para la clasificaci\u00f3n de los sitios en los resultados de b\u00fasqueda es Google. Esta clasificaci\u00f3n se realiza por medios de algoritmos los cuales son constantemente actualizados seg\u00fan las necesidades identificadas de los usuarios y en muchos casos por las malas t\u00e9cnicas y pr\u00e1cticas que se realizan en todo el mundo para alcanzar el tan anhelado primer lugar.<br \/>\n<\/span><\/p>\n<p style=\"text-align: justify;\"><span style=\"font-family: arial, helvetica, sans-serif;\"><img decoding=\"async\" id=\"img_cien\" class=\"size-medium wp-image-3285 alignright\" src=\"https:\/\/www.syscel.com\/ns\/wp-content\/uploads\/2017\/04\/seo4-300x187.jpg\" alt=\"\" width=\"300\" height=\"187\" srcset=\"https:\/\/www.syscel.com\/ns\/wp-content\/uploads\/2017\/04\/seo4-300x187.jpg 300w, https:\/\/www.syscel.com\/ns\/wp-content\/uploads\/2017\/04\/seo4-150x93.jpg 150w, https:\/\/www.syscel.com\/ns\/wp-content\/uploads\/2017\/04\/seo4.jpg 445w\" sizes=\"(max-width: 300px) 100vw, 300px\" \/>En Syscel te aportamos una visi\u00f3n global para elaborar un plan de acci\u00f3n personalizado que tenga en cuenta los objetivos y necesidades de cada \u00e1rea de tu empresa. El poner en marcha una buena estrategia pasa por distintas fases, desde la definici\u00f3n inicial, al an\u00e1lisis de contenido y competencia hasta la implementaci\u00f3n t\u00e9cnica y optimizaci\u00f3n en fases posteriores. <\/span><span style=\"font-family: arial, helvetica, sans-serif;\">Syscel le ofrece la mejor soluci\u00f3n de <strong>posicionamiento web<\/strong> para promocionar su empresa en Internet.<\/span><\/p>\n<div id=\"img_cien\" style=\"width: 310px\" class=\"wp-caption alignleft\"><img loading=\"lazy\" loading=\"lazy\" decoding=\"async\" aria-describedby=\"caption-img-cien\" id=\"img_cien\" src=\"https:\/\/www.syscel.com\/ns\/wp-content\/uploads\/2017\/04\/seo7-300x116.png\" alt=\"\" width=\"300\" height=\"116\" \/><p id=\"caption-img-cien\" class=\"wp-caption-text\"><span style=\"font-family: arial, helvetica, sans-serif; color: #339966;\">POSICI\u00d3NATE<\/span><\/p><\/div>\n<p style=\"text-align: justify;\"><span style=\"font-family: arial, helvetica, sans-serif;\"><strong>Nuestra misi\u00f3n<\/strong> es conseguir que su web sea el mejor escaparate de su empresa, que sea visitada por el mayor n\u00famero de clientes potenciales posible y que est\u00e9 por delante de su competencia en los resultados de las b\u00fasquedas en Google y en el resto de buscadores.\u00a0<\/span><span style=\"font-family: arial, helvetica, sans-serif;\"><strong>Nuestro compromiso<\/strong> es hacer de su p\u00e1gina web una fuente creciente de ingresos que adem\u00e1s le diferencie y le de ventajas competitivas respecto de su competencia. En un mundo cada vez m\u00e1s globalizado y conectado, es esencial ser alguien en Internet.<\/span><\/p>\n<p style=\"text-align: justify;\"><span style=\"color: #339966; font-family: arial, helvetica, sans-serif;\"><strong><span style=\"color: #339966;\">El<\/span> <span style=\"color: #339966;\">SEO no es algo est\u00e1tico y por lo tanto requiere inversi\u00f3n y recursos humanos para conseguir buenos resultados<\/span><\/strong>.<\/span><\/p>\n<div id=\"img_cien\" style=\"width: 310px\" class=\"wp-caption alignright\"><img loading=\"lazy\" loading=\"lazy\" decoding=\"async\" aria-describedby=\"caption-img-cien\" id=\"img_cien\" src=\"https:\/\/www.syscel.com\/ns\/wp-content\/uploads\/2017\/04\/074-copia-300x145.jpg\" alt=\"\" width=\"300\" height=\"145\" \/><p id=\"caption-img-cien\" class=\"wp-caption-text\"><span style=\"font-family: arial, helvetica, sans-serif; color: #339966;\">TE AYUDAMOS EN TUS OBJETIVOS<\/span><\/p><\/div>\n<p style=\"text-align: justify;\"><span style=\"font-family: arial, helvetica, sans-serif;\">Hay que tener en cuenta muchas variantes a la hora de controlar el posicionamiento de tu p\u00e1gina como tener una buena <strong>arquitectura\u00a0de informaci\u00f3n SEO<\/strong>, estar optimizado del <strong>SEO m\u00f3vil<\/strong>, tener controlado tanto el\u00a0<strong>contenido<\/strong> como los <strong>enlaces<\/strong> para que el navegador te favorezca el posicionamiento de la p\u00e1gina y no te penalice, etc.\u00a0<\/span>Por esto es importante dejar en manos expertas esta labor y lograr un buen <strong>posicionamiento en Google<\/strong>, ya que a trav\u00e9s de este gigante se realizan el <strong>60%<\/strong> del total de las b\u00fasquedas <strong>a nivel mundial<\/strong>.<\/p>\n<p>En Syscel utilizamos diversas <strong>estrategias de posicionamiento<\/strong> y las mejores <strong>herramientas SEO<\/strong> de forma que ver\u00e1s d\u00eda a d\u00eda como mejora el posicionamiento de tu WEB \u00a0en los diferentes buscadores ( GOOGLE, YAHOO, BING&#8230; ), para ello realizamos una serie de acciones y trabajamos sobre los aspectos clave.<\/p>\n<p style=\"text-align: justify;\"><strong><span style=\"color: #339966;\">AN\u00c1LISIS Y ESTRUCTURA DE LA WEB<\/span><\/strong>, para saber si cada una de las p\u00e1ginas que contiene la WEB posee la estructura y contenidos adecuados. ( C\u00f3digo Fuente, Contenido, URLs ).<\/p>\n<p style=\"text-align: justify;\"><strong><span style=\"color: #339966;\">AN\u00c1LISIS DE PALABRAS CLAVE Y COMPETENCIA<\/span><\/strong>, veremos las palabras claves relacionadas con su negocio, las organizaremos y las priorizaremos para mejorar el tr\u00e1fico.<\/p>\n<p style=\"text-align: justify;\"><strong><span style=\"color: #339966;\">TRABAJOS ON-PAGE<\/span><\/strong> , adecuando toda la estructura interna Y TRABAJOS OFF-PAGE, compartir contenidos de calidad con las redes sociales.<\/p>\n<p style=\"text-align: justify;\"><strong><span style=\"color: #339966;\">TRATAMIENTO DE PROBLEMAS DE INDEXACI\u00d3N EN GOOGLE<\/span><\/strong>, Peri\u00f3dicamente hacemos ajustes para fomentar la indexaci\u00f3n continua. Adem\u00e1s, creamos e insertamos los archivos \u00a0sistemas y robots.<\/p>\n<p style=\"text-align: justify;\"><strong><span style=\"color: #339966;\">GESTI\u00d3N DE REDES SOCIALES: <\/span><\/strong>Las redes sociales le permiten darse a conocer por relaciones entre personas, recomendaciones y seguidores de su empresa. Nosotros nos encargaremos de cuidar su imagen corporativa y todo lo que su empresa pueda necesitar para conseguir el mayor \u00e9xito entre los usuarios de las redes sociales.<\/p>\n<p><img loading=\"lazy\" loading=\"lazy\" decoding=\"async\" class=\"wp-image-6871 alignleft\" src=\"https:\/\/www.syscel.com\/ns\/wp-content\/uploads\/2024\/03\/linkedin-app-icon-300x300.png\" alt=\"\" width=\"45\" height=\"45\" srcset=\"https:\/\/www.syscel.com\/ns\/wp-content\/uploads\/2024\/03\/linkedin-app-icon-300x300.png 300w, https:\/\/www.syscel.com\/ns\/wp-content\/uploads\/2024\/03\/linkedin-app-icon-150x150.png 150w, https:\/\/www.syscel.com\/ns\/wp-content\/uploads\/2024\/03\/linkedin-app-icon-100x100.png 100w, https:\/\/www.syscel.com\/ns\/wp-content\/uploads\/2024\/03\/linkedin-app-icon.png 512w\" sizes=\"(max-width: 45px) 100vw, 45px\" \/><img loading=\"lazy\" loading=\"lazy\" decoding=\"async\" class=\"alignleft wp-image-6865\" src=\"https:\/\/www.syscel.com\/ns\/wp-content\/uploads\/2024\/03\/x-social-media-logo-icon-300x300.png\" alt=\"\" width=\"45\" height=\"45\" srcset=\"https:\/\/www.syscel.com\/ns\/wp-content\/uploads\/2024\/03\/x-social-media-logo-icon-300x300.png 300w, https:\/\/www.syscel.com\/ns\/wp-content\/uploads\/2024\/03\/x-social-media-logo-icon-150x150.png 150w, https:\/\/www.syscel.com\/ns\/wp-content\/uploads\/2024\/03\/x-social-media-logo-icon-100x100.png 100w, https:\/\/www.syscel.com\/ns\/wp-content\/uploads\/2024\/03\/x-social-media-logo-icon.png 512w\" sizes=\"(max-width: 45px) 100vw, 45px\" \/><\/p>\n<p><img loading=\"lazy\" loading=\"lazy\" decoding=\"async\" class=\"alignleft wp-image-6868\" src=\"https:\/\/www.syscel.com\/ns\/wp-content\/uploads\/2024\/03\/ig-instagram-icon-300x300.png\" alt=\"\" width=\"45\" height=\"45\" srcset=\"https:\/\/www.syscel.com\/ns\/wp-content\/uploads\/2024\/03\/ig-instagram-icon-300x300.png 300w, https:\/\/www.syscel.com\/ns\/wp-content\/uploads\/2024\/03\/ig-instagram-icon-150x150.png 150w, https:\/\/www.syscel.com\/ns\/wp-content\/uploads\/2024\/03\/ig-instagram-icon-100x100.png 100w, https:\/\/www.syscel.com\/ns\/wp-content\/uploads\/2024\/03\/ig-instagram-icon.png 512w\" sizes=\"(max-width: 45px) 100vw, 45px\" \/><\/p>\n<p><img loading=\"lazy\" loading=\"lazy\" decoding=\"async\" class=\"alignleft wp-image-6870\" src=\"https:\/\/www.syscel.com\/ns\/wp-content\/uploads\/2024\/03\/youtube-color-icon-300x300.png\" alt=\"\" width=\"50\" height=\"50\" srcset=\"https:\/\/www.syscel.com\/ns\/wp-content\/uploads\/2024\/03\/youtube-color-icon-300x300.png 300w, https:\/\/www.syscel.com\/ns\/wp-content\/uploads\/2024\/03\/youtube-color-icon-150x150.png 150w, https:\/\/www.syscel.com\/ns\/wp-content\/uploads\/2024\/03\/youtube-color-icon-100x100.png 100w, https:\/\/www.syscel.com\/ns\/wp-content\/uploads\/2024\/03\/youtube-color-icon.png 400w\" sizes=\"(max-width: 50px) 100vw, 50px\" \/><\/p>\n<p><img loading=\"lazy\" loading=\"lazy\" decoding=\"async\" class=\"alignleft wp-image-6869\" src=\"https:\/\/www.syscel.com\/ns\/wp-content\/uploads\/2024\/03\/facebook-round-color-icon-300x300.png\" alt=\"\" width=\"45\" height=\"45\" srcset=\"https:\/\/www.syscel.com\/ns\/wp-content\/uploads\/2024\/03\/facebook-round-color-icon-300x300.png 300w, https:\/\/www.syscel.com\/ns\/wp-content\/uploads\/2024\/03\/facebook-round-color-icon-150x150.png 150w, https:\/\/www.syscel.com\/ns\/wp-content\/uploads\/2024\/03\/facebook-round-color-icon-100x100.png 100w, https:\/\/www.syscel.com\/ns\/wp-content\/uploads\/2024\/03\/facebook-round-color-icon.png 512w\" sizes=\"(max-width: 45px) 100vw, 45px\" \/><\/p>\n<div style=\"width: 100%; float: left;\"><\/div>\n<p><span style=\"text-decoration: underline;\"><strong><span style=\"color: #339966; font-family: arial, helvetica, sans-serif; text-decoration: underline;\"><span style=\"color: #339966; text-decoration: underline;\">RESULTADOS:<\/span> OPTIMIZAMOS SU INVERSI\u00d3N AL M\u00c1XIMO; DESARROLLAMOS LA RELACI\u00d3N CON SUS CLIENTES; ANALIZAMOS A SU COMPETENCIA<\/span><\/strong><\/span><\/p>\n<p><a id=\"cajavolver\" href=\"https:\/\/www.syscel.com\/ns\/servicios\/empresas\/\">&lt;&lt;Volver\u00a0a empresas<\/a><\/p>\n","protected":false},"excerpt":{"rendered":"<p>POSICIONAMIENTO EN INTERNET \u00a0S.E.O. Aparecer en las primeras posiciones de los buscadores se ha convertido en una necesidad y casi una obsesi\u00f3n para todas las marcas en su \u00e1rea de negocio ya que las b\u00fasquedas las realizan usuarios con necesidades espec\u00edficas frente al producto que se oferta lo cual aumenta la relevancia y las posibilidades [&hellip;]<\/p>\n","protected":false},"author":1,"featured_media":0,"parent":638,"menu_order":0,"comment_status":"closed","ping_status":"closed","template":"","meta":{"_et_pb_use_builder":"","_et_pb_old_content":"","_et_gb_content_width":"","footnotes":""},"class_list":["post-814","page","type-page","status-publish","hentry"],"_links":{"self":[{"href":"https:\/\/www.syscel.com\/ns\/wp-json\/wp\/v2\/pages\/814","targetHints":{"allow":["GET"]}}],"collection":[{"href":"https:\/\/www.syscel.com\/ns\/wp-json\/wp\/v2\/pages"}],"about":[{"href":"https:\/\/www.syscel.com\/ns\/wp-json\/wp\/v2\/types\/page"}],"author":[{"embeddable":true,"href":"https:\/\/www.syscel.com\/ns\/wp-json\/wp\/v2\/users\/1"}],"replies":[{"embeddable":true,"href":"https:\/\/www.syscel.com\/ns\/wp-json\/wp\/v2\/comments?post=814"}],"version-history":[{"count":90,"href":"https:\/\/www.syscel.com\/ns\/wp-json\/wp\/v2\/pages\/814\/revisions"}],"predecessor-version":[{"id":7079,"href":"https:\/\/www.syscel.com\/ns\/wp-json\/wp\/v2\/pages\/814\/revisions\/7079"}],"up":[{"embeddable":true,"href":"https:\/\/www.syscel.com\/ns\/wp-json\/wp\/v2\/pages\/638"}],"wp:attachment":[{"href":"https:\/\/www.syscel.com\/ns\/wp-json\/wp\/v2\/media?parent=814"}],"curies":[{"name":"wp","href":"https:\/\/api.w.org\/{rel}","templated":true}]}}